{"id":75,"date":"2023-12-01T00:53:30","date_gmt":"2023-12-01T03:53:30","guid":{"rendered":"http:\/\/fr.idloaded.com\/?page_id=75"},"modified":"2025-09-05T18:42:11","modified_gmt":"2025-09-05T21:42:11","slug":"%d9%85%d8%b9%d9%84%d9%88%d9%85%d8%a7%d8%aa-%d8%b9%d9%86%d8%a7","status":"publish","type":"page","link":"https:\/\/fr.idloaded.com\/ar\/%d9%85%d8%b9%d9%84%d9%88%d9%85%d8%a7%d8%aa-%d8%b9%d9%86%d8%a7\/","title":{"rendered":"\u0639\u0644\u0649"},"content":{"rendered":"<h2>\u062d\u0648\u0644 IdLoaded<\/h2>\n<p>\u0641\u064a IdLoaded\u060c \u0646\u062d\u0646 \u0645\u062f\u0641\u0648\u0639\u0648\u0646 \u0628\u0634\u063a\u0641\u0646\u0627 \u0644\u062f\u0645\u062c \u0639\u0627\u0644\u0645 \u0627\u0644\u062a\u0643\u0646\u0648\u0644\u0648\u062c\u064a\u0627 \u0628\u0623\u062d\u062f\u062b \u0627\u0644\u0645\u0639\u0644\u0648\u0645\u0627\u062a \u0648\u0623\u0643\u062b\u0631\u0647\u0627 \u0635\u0644\u0629. \u0647\u062f\u0641\u0646\u0627 \u0647\u0648 \u0623\u0646 \u0646\u0643\u0648\u0646 \u0646\u0642\u0637\u0629 \u0645\u0631\u062c\u0639\u064a\u0629 \u0644\u0639\u0634\u0627\u0642 \u0627\u0644\u062a\u0643\u0646\u0648\u0644\u0648\u062c\u064a\u0627 \u0648\u0627\u0644\u0645\u062d\u062a\u0631\u0641\u064a\u0646 \u0641\u064a \u0647\u0630\u0627 \u0627\u0644\u0645\u062c\u0627\u0644 \u0648\u062c\u0645\u064a\u0639 \u0627\u0644\u0645\u0647\u062a\u0645\u064a\u0646 \u0628\u0623\u062d\u062f\u062b \u0627\u0644\u0627\u0628\u062a\u0643\u0627\u0631\u0627\u062a.<\/p>\n<h3>\u0647\u062f\u0641\u0646\u0627<\/h3>\n<p>\u0647\u062f\u0641\u0646\u0627 \u0627\u0644\u0631\u0626\u064a\u0633\u064a \u0647\u0648 \u0625\u0646\u0634\u0627\u0621 \u0645\u0633\u0627\u062d\u0629 \u062d\u064a\u062b \u064a\u0645\u0643\u0646 \u0644\u0639\u0634\u0627\u0642 \u0627\u0644\u062a\u0643\u0646\u0648\u0644\u0648\u062c\u064a\u0627 \u0627\u0644\u0639\u062b\u0648\u0631 \u0639\u0644\u0649 \u0645\u062c\u0645\u0648\u0639\u0629 \u0648\u0627\u0633\u0639\u0629 \u0645\u0646 \u0627\u0644\u0645\u0639\u0644\u0648\u0645\u0627\u062a \u062d\u0648\u0644 \u0627\u0644\u0627\u0628\u062a\u0643\u0627\u0631\u0627\u062a \u0627\u0644\u062a\u0643\u0646\u0648\u0644\u0648\u062c\u064a\u0629 \u0648\u0637\u0631\u0642 \u0627\u0644\u062a\u0646\u0641\u064a\u0630 \u0648\u0623\u062d\u062f\u062b \u0627\u0644\u0627\u062a\u062c\u0627\u0647\u0627\u062a. \u0646\u062d\u0646 \u0646\u0633\u0639\u0649 \u062c\u0627\u0647\u062f\u064a\u0646 \u0644\u0631\u0628\u0637 \u0627\u0644\u062a\u0642\u0627\u0644\u064a\u062f \u0628\u0627\u0644\u0627\u0628\u062a\u0643\u0627\u0631\u060c \u0648\u0645\u0633\u0627\u0639\u062f\u0629 \u0627\u0644\u0645\u062d\u062a\u0631\u0641\u064a\u0646 \u0639\u0644\u0649 \u0627\u062d\u062a\u0636\u0627\u0646 \u0623\u062d\u062f\u062b \u0627\u0644\u062a\u0637\u0648\u0631\u0627\u062a \u0645\u0639 \u0627\u0644\u062d\u0641\u0627\u0638 \u0639\u0644\u0649 \u0645\u0645\u0627\u0631\u0633\u0627\u062a\u0647\u0645 \u0627\u0644\u062a\u0642\u0644\u064a\u062f\u064a\u0629.<\/p>\n<h3>\u062e\u062f\u0645\u0627\u062a\u0646\u0627<\/h3>\n<p><strong>\u0627\u0644\u0645\u0642\u0627\u0644\u0627\u062a \u0627\u0644\u0625\u0639\u0644\u0627\u0645\u064a\u0629:<\/strong> \u0646\u062d\u0646 \u0646\u0642\u062f\u0645 \u0645\u062c\u0645\u0648\u0639\u0629 \u0648\u0627\u0633\u0639\u0629 \u0645\u0646 \u0627\u0644\u0645\u0642\u0627\u0644\u0627\u062a \u0627\u0644\u062a\u064a \u062a\u0646\u0627\u0642\u0634 \u0645\u0648\u0627\u0636\u064a\u0639 \u062a\u062a\u0631\u0627\u0648\u062d \u0645\u0646 \u0625\u062f\u0627\u0631\u0629 \u0627\u0644\u0628\u064a\u0627\u0646\u0627\u062a \u0627\u0644\u0630\u0643\u064a\u0629 \u0625\u0644\u0649 \u0623\u062d\u062f\u062b \u0627\u0644\u0623\u062c\u0647\u0632\u0629 \u0627\u0644\u0642\u0627\u0628\u0644\u0629 \u0644\u0644\u0627\u0631\u062a\u062f\u0627\u0621 \u0648\u0627\u0644\u0623\u062c\u0647\u0632\u0629 \u0627\u0644\u0630\u0643\u064a\u0629.<\/p>\n<p><strong>\u0627\u0644\u062a\u0641\u0627\u0639\u0644 \u0627\u0644\u0645\u062c\u062a\u0645\u0639\u064a:<\/strong> \u0646\u062f\u0639\u0648 \u0645\u062d\u0628\u064a \u0627\u0644\u062a\u0643\u0646\u0648\u0644\u0648\u062c\u064a\u0627 \u0644\u0644\u0645\u0634\u0627\u0631\u0643\u0629 \u0648\u062a\u0628\u0627\u062f\u0644 \u0645\u0639\u0627\u0631\u0641\u0647\u0645\u060c \u0648\u062a\u0639\u0632\u064a\u0632 \u0645\u062c\u062a\u0645\u0639 \u0646\u0627\u0628\u0636 \u0628\u0627\u0644\u062d\u064a\u0627\u0629 \u0648\u0645\u062a\u0646\u0648\u0639.<\/p>\n<p><strong>\u0623\u0628\u0631\u0632 \u0627\u0644\u0627\u0628\u062a\u0643\u0627\u0631\u0627\u062a:<\/strong> \u0627\u0643\u062a\u0634\u0641 \u0623\u062d\u062f\u062b \u0627\u0644\u062a\u0642\u0646\u064a\u0627\u062a \u0648\u0627\u0644\u0623\u062c\u0647\u0632\u0629 \u0648\u0627\u0644\u0623\u062f\u0648\u0627\u062a \u0627\u0644\u062a\u064a \u062a\u0634\u0643\u0644 \u0627\u0644\u0645\u0633\u062a\u0642\u0628\u0644.<\/p>\n<p><strong>\u0645\u0631\u0627\u062c\u0639\u0627\u062a \u0627\u0644\u0645\u0646\u062a\u062c:<\/strong> \u0627\u062a\u062e\u0630 \u0642\u0631\u0627\u0631\u0627\u062a \u0645\u0633\u062a\u0646\u064a\u0631\u0629 \u0645\u0646 \u062e\u0644\u0627\u0644 \u0645\u0631\u0627\u062c\u0639\u0627\u062a\u0646\u0627 \u0648\u0627\u0642\u062a\u0631\u0627\u062d\u0627\u062a\u0646\u0627 \u063a\u064a\u0631 \u0627\u0644\u0645\u062a\u062d\u064a\u0632\u0629 \u0644\u0644\u0645\u0646\u062a\u062c\u0627\u062a.<\/p>\n<p><strong>\u0645\u0635\u0627\u062f\u0631 \u0627\u0644\u062a\u0639\u0644\u0645:<\/strong> \u0627\u062d\u0635\u0644 \u0639\u0644\u0649 \u0627\u0644\u0645\u0639\u0631\u0641\u0629 \u0645\u0646 \u0627\u0644\u0645\u062d\u062a\u0631\u0641\u064a\u0646 \u0648\u0627\u0644\u062e\u0628\u0631\u0627\u0621 \u0630\u0648\u064a \u0627\u0644\u062e\u0628\u0631\u0629 \u0645\u0646 \u062e\u0644\u0627\u0644 \u0623\u062f\u0644\u0629\u0646\u0627 \u0627\u0644\u062a\u0639\u0644\u064a\u0645\u064a\u0629 \u0648\u062f\u0631\u0648\u0633\u0646\u0627 \u0627\u0644\u062a\u0639\u0644\u064a\u0645\u064a\u0629.<\/p>\n<p><strong>\u0627\u0644\u062a\u0632\u0627\u0645\u0646\u0627:<\/strong> \u0646\u062d\u0646 \u0645\u0644\u062a\u0632\u0645\u0648\u0646 \u0628\u062a\u0642\u062f\u064a\u0645 \u0645\u0639\u0644\u0648\u0645\u0627\u062a \u062f\u0642\u064a\u0642\u0629 \u0648\u0645\u0648\u062b\u0648\u0642\u0629. \u064a\u0644\u062a\u0632\u0645 \u0641\u0631\u064a\u0642\u0646\u0627 \u0628\u0645\u0648\u0627\u0643\u0628\u0629 \u0639\u0627\u0644\u0645 \u0627\u0644\u062a\u0643\u0646\u0648\u0644\u0648\u062c\u064a\u0627 \u0627\u0644\u0633\u0631\u064a\u0639 \u0648\u0645\u0634\u0627\u0631\u0643\u0629 \u0631\u0624\u064a\u062a\u0646\u0627 \u0645\u0639\u0643.<\/p>\n<h3>\u062a\u0642\u062f\u064a\u0631<\/h3>\n<p>\u0646\u062a\u0642\u062f\u0645 \u0628\u062e\u0627\u0644\u0635 \u0627\u0644\u0634\u0643\u0631 \u0644\u0642\u0631\u0627\u0626\u0646\u0627 \u0648\u0627\u0644\u0645\u0633\u0627\u0647\u0645\u064a\u0646. \u062f\u0639\u0645\u0643 \u064a\u0633\u0645\u062d \u0644\u0640IdLoaded \u0628\u0627\u0644\u0627\u0632\u062f\u0647\u0627\u0631. \u0627\u0646\u0636\u0645 \u0625\u0644\u064a\u0646\u0627 \u0641\u064a \u0627\u0643\u062a\u0634\u0627\u0641 \u0627\u0644\u0645\u0632\u064a\u062c \u0627\u0644\u0645\u062b\u064a\u0631 \u0644\u0644\u0627\u0647\u062a\u0645\u0627\u0645 \u0628\u064a\u0646 \u0627\u0644\u062a\u0642\u0627\u0644\u064a\u062f \u0648\u0627\u0644\u0627\u0628\u062a\u0643\u0627\u0631 \u0627\u0644\u062a\u0643\u0646\u0648\u0644\u0648\u062c\u064a. \u0645\u0639\u064b\u0627\u060c \u064a\u0645\u0643\u0646\u0646\u0627 \u0627\u0644\u0645\u0636\u064a \u0642\u062f\u0645\u064b\u0627 \u0646\u062d\u0648 \u0627\u0644\u0645\u0633\u062a\u0642\u0628\u0644 \u0645\u0639 \u0627\u0644\u062d\u0641\u0627\u0638 \u0639\u0644\u0649 \u0627\u0644\u062a\u0632\u0627\u0645\u0646\u0627 \u0628\u062c\u0648\u062f\u0629 \u0627\u0644\u0645\u0639\u0644\u0648\u0645\u0627\u062a \u0648\u062f\u0642\u062a\u0647\u0627.<\/p>\n<p>\u0646\u0634\u0643\u0631\u0643 \u0639\u0644\u0649 \u0643\u0648\u0646\u0643 \u062c\u0632\u0621\u064b\u0627 \u0645\u0646 \u0645\u062c\u062a\u0645\u0639 IdLoaded! \u064a\u0645\u0643\u0646\u0643 \u0627\u0644\u062a\u0648\u0627\u0635\u0644 \u0645\u0639\u0646\u0627 \u0639\u0628\u0631 \u0645\u0648\u0642\u0639\u0646\u0627 \u0627\u0644\u0625\u0644\u0643\u062a\u0631\u0648\u0646\u064a \u0639\u0644\u0649 <a href=\"http:\/\/fr.idloaded.com\/ar\/\" target=\"_new\" rel=\"noreferrer noopener\">http:\/\/fr.idloaded.com\/<\/a>. \u0644\u0645\u0632\u064a\u062f \u0645\u0646 \u0627\u0644\u062a\u0641\u0627\u0635\u064a\u0644\u060c \u064a\u0645\u0643\u0646\u0643 \u0623\u064a\u0636\u064b\u0627 \u0632\u064a\u0627\u0631\u0629 \u0635\u0641\u062d\u062a\u0646\u0627 \u0639\u0644\u0649 \u0648\u0633\u0627\u0626\u0644 \u0627\u0644\u062a\u0648\u0627\u0635\u0644 \u0627\u0644\u0627\u062c\u062a\u0645\u0627\u0639\u064a IdLoaded.<\/p>","protected":false},"excerpt":{"rendered":"<p>Sobre o IdLoaded No IdLoaded, somos movidos pela nossa paix\u00e3o por integrar o mundo da tecnologia com as informa\u00e7\u00f5es mais recentes e relevantes. Nosso objetivo \u00e9 ser o ponto de refer\u00eancia para entusiastas de tecnologia, profissionais da \u00e1rea e todos aqueles interessados nas \u00faltimas inova\u00e7\u00f5es. Nosso Objetivo Nosso principal objetivo \u00e9 criar um espa\u00e7o onde [&hellip;]<\/p>","protected":false},"author":4,"featured_media":0,"parent":0,"menu_order":0,"comment_status":"closed","ping_status":"closed","template":"","meta":{"footnotes":""},"class_list":["post-75","page","type-page","status-publish","hentry"],"_links":{"self":[{"href":"https:\/\/fr.idloaded.com\/ar\/wp-json\/wp\/v2\/pages\/75","targetHints":{"allow":["GET"]}}],"collection":[{"href":"https:\/\/fr.idloaded.com\/ar\/wp-json\/wp\/v2\/pages"}],"about":[{"href":"https:\/\/fr.idloaded.com\/ar\/wp-json\/wp\/v2\/types\/page"}],"author":[{"embeddable":true,"href":"https:\/\/fr.idloaded.com\/ar\/wp-json\/wp\/v2\/users\/4"}],"replies":[{"embeddable":true,"href":"https:\/\/fr.idloaded.com\/ar\/wp-json\/wp\/v2\/comments?post=75"}],"version-history":[{"count":8,"href":"https:\/\/fr.idloaded.com\/ar\/wp-json\/wp\/v2\/pages\/75\/revisions"}],"predecessor-version":[{"id":508,"href":"https:\/\/fr.idloaded.com\/ar\/wp-json\/wp\/v2\/pages\/75\/revisions\/508"}],"wp:attachment":[{"href":"https:\/\/fr.idloaded.com\/ar\/wp-json\/wp\/v2\/media?parent=75"}],"curies":[{"name":"wp","href":"https:\/\/api.w.org\/{rel}","templated":true}]}}