{"id":76,"date":"2023-12-01T00:53:30","date_gmt":"2023-12-01T03:53:30","guid":{"rendered":"http:\/\/fr.idloaded.com\/?page_id=76"},"modified":"2025-09-05T18:41:45","modified_gmt":"2025-09-05T21:41:45","slug":"%d8%aa%d9%86%d8%b5%d9%84","status":"publish","type":"page","link":"https:\/\/fr.idloaded.com\/ar\/%d8%aa%d9%86%d8%b5%d9%84\/","title":{"rendered":"\u062a\u0646\u0635\u0644"},"content":{"rendered":"<h2>\u062a\u0646\u0635\u0644<\/h2>\n<p>\u0627\u0644\u0645\u0639\u0644\u0648\u0645\u0627\u062a \u0627\u0644\u0645\u062a\u0648\u0641\u0631\u0629 \u0639\u0644\u0649 \u0645\u0648\u0642\u0639 IdLoaded \u0647\u064a \u0644\u0623\u063a\u0631\u0627\u0636 \u0625\u0639\u0644\u0627\u0645\u064a\u0629 \u0639\u0627\u0645\u0629 \u0641\u0642\u0637. \u0641\u064a \u062d\u064a\u0646 \u0623\u0646\u0646\u0627 \u0646\u0633\u0639\u0649 \u062c\u0627\u0647\u062f\u064a\u0646 \u0644\u062a\u0648\u0641\u064a\u0631 \u0645\u0639\u0644\u0648\u0645\u0627\u062a \u062f\u0642\u064a\u0642\u0629 \u0648\u062d\u062f\u064a\u062b\u0629\u060c \u0641\u0625\u0646\u0646\u0627 \u0644\u0627 \u0646\u0636\u0645\u0646 \u0627\u0643\u062a\u0645\u0627\u0644 \u0623\u0648 \u0645\u0648\u062b\u0648\u0642\u064a\u0629 \u0623\u0648 \u062f\u0642\u0629 \u0627\u0644\u0645\u062d\u062a\u0648\u0649 \u0627\u0644\u0645\u0642\u062f\u0645 \u0639\u0644\u0649 \u0647\u0630\u0627 \u0627\u0644\u0645\u0648\u0642\u0639.<\/p>\n<h3>\u0627\u0644\u0645\u062c\u0644\u0633 \u0627\u0644\u0645\u0647\u0646\u064a<\/h3>\n<p>\u0627\u0644\u0645\u062d\u062a\u0648\u0649 \u0627\u0644\u0645\u0648\u062c\u0648\u062f \u0639\u0644\u0649 IdLoaded \u0644\u064a\u0633 \u0628\u062f\u064a\u0644\u0627\u064b \u0639\u0646 \u0627\u0644\u0646\u0635\u064a\u062d\u0629 \u0627\u0644\u0645\u0647\u0646\u064a\u0629 \u0623\u0648 \u0627\u0644\u062a\u0634\u062e\u064a\u0635 \u0623\u0648 \u0627\u0644\u0639\u0644\u0627\u062c. \u0646\u062d\u0646 \u0646\u0648\u0635\u064a \u062f\u0627\u0626\u0645\u064b\u0627 \u0628\u0627\u0633\u062a\u0634\u0627\u0631\u0629 \u0645\u062a\u062e\u0635\u0635 \u0645\u0624\u0647\u0644 \u0628\u0634\u0623\u0646 \u0623\u064a \u0623\u0633\u0626\u0644\u0629 \u0623\u0648 \u0645\u062e\u0627\u0648\u0641 \u0642\u062f \u062a\u0643\u0648\u0646 \u0644\u062f\u064a\u0643 \u0628\u0634\u0623\u0646 \u0627\u0644\u0635\u062d\u0629 \u0623\u0648 \u0627\u0644\u0633\u0644\u0627\u0645\u0629 \u0623\u0648 \u0623\u064a \u0645\u0634\u0643\u0644\u0627\u062a \u062a\u062a\u0639\u0644\u0642 \u0628\u0627\u0644\u062a\u0643\u0646\u0648\u0644\u0648\u062c\u064a\u0627 \u0648\u0627\u0644\u0627\u0628\u062a\u0643\u0627\u0631\u0627\u062a.<\/p>\n<h3>\u0627\u0644\u0645\u062e\u0627\u0637\u0631 \u0627\u0644\u0645\u0641\u062a\u0631\u0636\u0629<\/h3>\n<p>\u0625\u0646 \u0627\u0644\u0623\u0646\u0634\u0637\u0629 \u0627\u0644\u0645\u0631\u062a\u0628\u0637\u0629 \u0628\u0627\u0644\u062a\u0643\u0646\u0648\u0644\u0648\u062c\u064a\u0627 \u0648\u0627\u0644\u0627\u0628\u062a\u0643\u0627\u0631\u0627\u062a \u062a\u0646\u0637\u0648\u064a \u0639\u0644\u0649 \u0645\u062e\u0627\u0637\u0631 \u062c\u0648\u0647\u0631\u064a\u0629. \u0646\u062d\u0646 \u0644\u0633\u0646\u0627 \u0645\u0633\u0624\u0648\u0644\u064a\u0646 \u0639\u0646 \u0623\u064a \u0625\u0635\u0627\u0628\u0627\u062a \u0623\u0648 \u062e\u0633\u0627\u0626\u0631 \u0623\u0648 \u0623\u0636\u0631\u0627\u0631 \u0642\u062f \u062a\u062d\u062f\u062b \u0646\u062a\u064a\u062c\u0629 \u0644\u0644\u0645\u0639\u0644\u0648\u0645\u0627\u062a \u0627\u0644\u0645\u0642\u062f\u0645\u0629 \u0639\u0644\u0649 \u0647\u0630\u0627 \u0627\u0644\u0645\u0648\u0642\u0639 \u0623\u0648 \u0627\u0633\u062a\u062e\u062f\u0627\u0645 \u0627\u0644\u0645\u0646\u062a\u062c\u0627\u062a \u0648\u0627\u0644\u062a\u0642\u0646\u064a\u0627\u062a \u0627\u0644\u062a\u064a \u062a\u0645\u062a \u0645\u0646\u0627\u0642\u0634\u062a\u0647\u0627.<\/p>\n<h3>\u0627\u0644\u0631\u0648\u0627\u0628\u0637 \u0627\u0644\u062e\u0627\u0631\u062c\u064a\u0629<\/h3>\n<p>\u0642\u062f \u064a\u062d\u062a\u0648\u064a IdLoaded \u0639\u0644\u0649 \u0631\u0648\u0627\u0628\u0637 \u0644\u0645\u0648\u0627\u0642\u0639 \u0623\u0648 \u0645\u0648\u0627\u0631\u062f \u062e\u0627\u0631\u062c\u064a\u0629. \u0646\u062d\u0646 \u0644\u0627 \u0646\u0624\u064a\u062f \u0623\u0648 \u0646\u0636\u0645\u0646 \u062f\u0642\u0629 \u0627\u0644\u0645\u0639\u0644\u0648\u0645\u0627\u062a \u0627\u0644\u0645\u0642\u062f\u0645\u0629 \u0639\u0644\u0649 \u0647\u0630\u0647 \u0627\u0644\u0645\u0648\u0627\u0642\u0639 \u0627\u0644\u062e\u0627\u0631\u062c\u064a\u0629. \u0646\u0646\u0635\u062d\u0643 \u0628\u062a\u0648\u062e\u064a \u0627\u0644\u062d\u0630\u0631 \u0648\u0645\u0631\u0627\u062c\u0639\u0629 \u0627\u0644\u0634\u0631\u0648\u0637 \u0648\u0633\u064a\u0627\u0633\u0627\u062a \u0627\u0644\u062e\u0635\u0648\u0635\u064a\u0629 \u0627\u0644\u062e\u0627\u0635\u0629 \u0628\u0623\u064a \u0645\u0648\u0627\u0642\u0639 \u062a\u0627\u0628\u0639\u0629 \u0644\u062c\u0647\u0627\u062a \u062e\u0627\u0631\u062c\u064a\u0629 \u062a\u0642\u0648\u0645 \u0628\u0632\u064a\u0627\u0631\u062a\u0647\u0627.<\/p>\n<h3>\u062d\u0642\u0648\u0642 \u0627\u0644\u0637\u0628\u0639 \u0648\u0627\u0644\u0646\u0634\u0631 \u0648\u0627\u0644\u0627\u0633\u062a\u062e\u062f\u0627\u0645<\/h3>\n<p>\u062c\u0645\u064a\u0639 \u0627\u0644\u0645\u062d\u062a\u0648\u064a\u0627\u062a \u0627\u0644\u0645\u0648\u062c\u0648\u062f\u0629 \u0639\u0644\u0649 \u0647\u0630\u0627 \u0627\u0644\u0645\u0648\u0642\u0639\u060c \u0628\u0645\u0627 \u0641\u064a \u0630\u0644\u0643 \u0627\u0644\u0646\u0635\u0648\u0635 \u0648\u0627\u0644\u0635\u0648\u0631 \u0648\u0627\u0644\u0631\u0633\u0648\u0645\u0627\u062a \u0648\u0627\u0644\u0645\u0648\u0627\u062f \u0627\u0644\u0623\u062e\u0631\u0649\u060c \u0645\u062d\u0645\u064a\u0629 \u0628\u0645\u0648\u062c\u0628 \u062d\u0642\u0648\u0642 \u0627\u0644\u0637\u0628\u0639 \u0648\u0627\u0644\u0646\u0634\u0631. \u064a\u064f\u062d\u0638\u0631 \u0625\u0639\u0627\u062f\u0629 \u0625\u0646\u062a\u0627\u062c \u0623\u0648 \u062a\u0648\u0632\u064a\u0639 \u0623\u0648 \u0627\u0633\u062a\u062e\u062f\u0627\u0645 \u0623\u064a \u0645\u062d\u062a\u0648\u0649 \u0645\u0646 IdLoaded \u062f\u0648\u0646 \u0627\u0644\u062d\u0635\u0648\u0644 \u0639\u0644\u0649 \u0625\u0630\u0646 \u0643\u062a\u0627\u0628\u064a \u0635\u0631\u064a\u062d \u0645\u0646\u0627.<\/p>\n<h3>\u062a\u063a\u064a\u064a\u0631\u0627\u062a \u0639\u0644\u0649 \u0627\u0644\u0645\u062d\u062a\u0648\u0649<\/h3>\n<p>\u0646\u062d\u062a\u0641\u0638 \u0628\u0627\u0644\u062d\u0642 \u0641\u064a \u062a\u0639\u062f\u064a\u0644 \u0623\u0648 \u062a\u062d\u062f\u064a\u062b \u0623\u0648 \u0625\u0632\u0627\u0644\u0629 \u0623\u064a \u0645\u062d\u062a\u0648\u0649 \u0639\u0644\u0649 \u0647\u0630\u0627 \u0627\u0644\u0645\u0648\u0642\u0639 \u0648\u0641\u0642\u064b\u0627 \u0644\u062a\u0642\u062f\u064a\u0631\u0646\u0627 \u0627\u0644\u062e\u0627\u0635.<\/p>\n<h3>\u0645\u0648\u0627\u0641\u0642\u0629<\/h3>\n<p>\u0639\u0646\u062f \u0627\u0633\u062a\u062e\u062f\u0627\u0645\u0643 \u0644\u0645\u0648\u0642\u0639 IdLoaded\u060c \u0641\u0625\u0646\u0643 \u062a\u0648\u0627\u0641\u0642 \u0639\u0644\u0649 \u0647\u0630\u0627 \u0627\u0644\u0625\u0634\u0639\u0627\u0631 \u0648\u062a\u0642\u0628\u0644 \u0634\u0631\u0648\u0637\u0647.<\/p>\n<h3>\u0623\u0633\u0626\u0644\u0629<\/h3>\n<p>\u0625\u0630\u0627 \u0643\u0627\u0646\u062a \u0644\u062f\u064a\u0643 \u0623\u064a \u0623\u0633\u0626\u0644\u0629 \u0623\u0648 \u0645\u062e\u0627\u0648\u0641 \u0628\u062e\u0635\u0648\u0635 \u0647\u0630\u0627 \u0627\u0644\u0625\u0634\u0639\u0627\u0631\u060c \u064a\u0631\u062c\u0649 \u0627\u0644\u0627\u062a\u0635\u0627\u0644 \u0628\u0646\u0627 \u0639\u0644\u0649 <a rel=\"noreferrer\">contact@fr.idloaded.com<\/a>.<\/p>\n<p>\u0645\u0646 \u062e\u0644\u0627\u0644 \u0627\u0633\u062a\u062e\u062f\u0627\u0645 \u0647\u0630\u0627 \u0627\u0644\u0645\u0648\u0642\u0639\u060c \u0641\u0625\u0646\u0643 \u062a\u0642\u0631 \u0628\u0623\u0646\u0643 \u0642\u0631\u0623\u062a \u0648\u0641\u0647\u0645\u062a \u0647\u0630\u0627 \u0627\u0644\u0625\u0634\u0639\u0627\u0631. \u0646\u062d\u0646 \u0646\u0642\u062f\u0631 \u062a\u0641\u0647\u0645\u0643\u0645 \u0648\u0627\u0644\u062a\u0632\u0627\u0645\u0643\u0645 \u0628\u0636\u0645\u0627\u0646 \u062a\u062c\u0631\u0628\u0629 \u0622\u0645\u0646\u0629 \u0648\u063a\u0646\u064a\u0629 \u0628\u0627\u0644\u0645\u0639\u0644\u0648\u0645\u0627\u062a \u062d\u0648\u0644 \u0627\u0644\u062a\u0643\u0646\u0648\u0644\u0648\u062c\u064a\u0627 \u0648\u0627\u0644\u0627\u0628\u062a\u0643\u0627\u0631\u0627\u062a.<\/p>","protected":false},"excerpt":{"rendered":"<p>Aviso de Isen\u00e7\u00e3o de Responsabilidade As informa\u00e7\u00f5es dispon\u00edveis no site IdLoaded s\u00e3o para fins informativos gerais. Embora nos esforcemos para fornecer informa\u00e7\u00f5es precisas e atualizadas, n\u00e3o garantimos a completude, confiabilidade ou exatid\u00e3o do conte\u00fado apresentado neste site. Conselho Profissional O conte\u00fado do IdLoaded n\u00e3o substitui o conselho, diagn\u00f3stico ou tratamento profissional. Recomendamos sempre consultar um [&hellip;]<\/p>","protected":false},"author":4,"featured_media":0,"parent":0,"menu_order":0,"comment_status":"closed","ping_status":"closed","template":"","meta":{"footnotes":""},"class_list":["post-76","page","type-page","status-publish","hentry"],"_links":{"self":[{"href":"https:\/\/fr.idloaded.com\/ar\/wp-json\/wp\/v2\/pages\/76","targetHints":{"allow":["GET"]}}],"collection":[{"href":"https:\/\/fr.idloaded.com\/ar\/wp-json\/wp\/v2\/pages"}],"about":[{"href":"https:\/\/fr.idloaded.com\/ar\/wp-json\/wp\/v2\/types\/page"}],"author":[{"embeddable":true,"href":"https:\/\/fr.idloaded.com\/ar\/wp-json\/wp\/v2\/users\/4"}],"replies":[{"embeddable":true,"href":"https:\/\/fr.idloaded.com\/ar\/wp-json\/wp\/v2\/comments?post=76"}],"version-history":[{"count":6,"href":"https:\/\/fr.idloaded.com\/ar\/wp-json\/wp\/v2\/pages\/76\/revisions"}],"predecessor-version":[{"id":507,"href":"https:\/\/fr.idloaded.com\/ar\/wp-json\/wp\/v2\/pages\/76\/revisions\/507"}],"wp:attachment":[{"href":"https:\/\/fr.idloaded.com\/ar\/wp-json\/wp\/v2\/media?parent=76"}],"curies":[{"name":"wp","href":"https:\/\/api.w.org\/{rel}","templated":true}]}}