{"id":75,"date":"2023-12-01T00:53:30","date_gmt":"2023-12-01T03:53:30","guid":{"rendered":"http:\/\/fr.idloaded.com\/?page_id=75"},"modified":"2025-09-05T18:42:11","modified_gmt":"2025-09-05T21:42:11","slug":"%d0%bf%d1%80%d0%b0-%d0%bd%d0%b0%d1%81","status":"publish","type":"page","link":"https:\/\/fr.idloaded.com\/be\/%d0%bf%d1%80%d0%b0-%d0%bd%d0%b0%d1%81\/","title":{"rendered":"\u0423\u043a\u043b"},"content":{"rendered":"<h2>\u0410\u0431 IdLoaded<\/h2>\n<p>\u041c\u044b \u045e IdLoaded \u043a\u0456\u0440\u0443\u0435\u043c\u0441\u044f \u0441\u0432\u0430\u0451\u0439 \u0441\u0442\u0440\u0430\u0441\u0446\u044e \u0434\u0430 \u0456\u043d\u0442\u044d\u0433\u0440\u0430\u0446\u044b\u0456 \u0441\u0432\u0435\u0442\u0443 \u0442\u044d\u0445\u043d\u0430\u043b\u043e\u0433\u0456\u0439 \u0437 \u043d\u0430\u0439\u043d\u043e\u045e\u0448\u0430\u0439 \u0456 \u0430\u043a\u0442\u0443\u0430\u043b\u044c\u043d\u0430\u0439 \u0456\u043d\u0444\u0430\u0440\u043c\u0430\u0446\u044b\u044f\u0439. \u041d\u0430\u0448\u0430 \u043c\u044d\u0442\u0430 - \u0431\u044b\u0446\u044c \u0430\u0440\u044b\u0435\u043d\u0446\u0456\u0440\u0430\u043c \u0434\u043b\u044f \u044d\u043d\u0442\u0443\u0437\u0456\u044f\u0441\u0442\u0430\u045e \u0442\u044d\u0445\u043d\u0430\u043b\u043e\u0433\u0456\u0439, \u043f\u0440\u0430\u0444\u0435\u0441\u0456\u044f\u043d\u0430\u043b\u0430\u045e \u0443 \u0433\u044d\u0442\u0430\u0439 \u0433\u0430\u043b\u0456\u043d\u0435 \u0456 \u045e\u0441\u0456\u0445, \u0445\u0442\u043e \u0446\u0456\u043a\u0430\u0432\u0456\u0446\u0446\u0430 \u0430\u043f\u043e\u0448\u043d\u0456\u043c\u0456 \u0456\u043d\u0430\u0432\u0430\u0446\u044b\u044f\u043c\u0456.<\/p>\n<h3>\u041d\u0430\u0448\u0430 \u043c\u044d\u0442\u0430<\/h3>\n<p>\u041d\u0430\u0448\u0430 \u0433\u0430\u043b\u043e\u045e\u043d\u0430\u044f \u043c\u044d\u0442\u0430 - \u0441\u0442\u0432\u0430\u0440\u044b\u0446\u044c \u043f\u0440\u0430\u0441\u0442\u043e\u0440\u0443, \u0434\u0437\u0435 \u044d\u043d\u0442\u0443\u0437\u0456\u044f\u0441\u0442\u044b \u0442\u044d\u0445\u043d\u0430\u043b\u043e\u0433\u0456\u0439 \u0437\u043c\u043e\u0433\u0443\u0446\u044c \u0437\u043d\u0430\u0439\u0441\u0446\u0456 \u0448\u044b\u0440\u043e\u043a\u0456 \u0441\u043f\u0435\u043a\u0442\u0440 \u0456\u043d\u0444\u0430\u0440\u043c\u0430\u0446\u044b\u0456 \u0430\u0431 \u0442\u044d\u0445\u043d\u0430\u043b\u0430\u0433\u0456\u0447\u043d\u044b\u0445 \u0456\u043d\u0430\u0432\u0430\u0446\u044b\u044f\u0445, \u043c\u0435\u0442\u0430\u0434\u0430\u0445 \u0443\u043a\u0430\u0440\u0430\u043d\u0435\u043d\u043d\u044f \u0456 \u0430\u043f\u043e\u0448\u043d\u0456\u0445 \u0442\u044d\u043d\u0434\u044d\u043d\u0446\u044b\u044f\u0445. \u041c\u044b \u0456\u043c\u043a\u043d\u0435\u043c\u0441\u044f \u0437\u043b\u0443\u0447\u044b\u0446\u044c \u0442\u0440\u0430\u0434\u044b\u0446\u044b\u0456 \u0437 \u0456\u043d\u0430\u0432\u0430\u0446\u044b\u044f\u043c\u0456, \u0434\u0430\u043f\u0430\u043c\u0430\u0433\u0430\u044e\u0447\u044b \u043f\u0440\u0430\u0444\u0435\u0441\u0456\u044f\u043d\u0430\u043b\u0430\u043c \u0443\u0441\u043f\u0440\u044b\u043c\u0430\u0446\u044c \u043d\u0430\u0439\u043d\u043e\u045e\u0448\u044b\u044f \u0434\u0430\u0441\u044f\u0433\u043d\u0435\u043d\u043d\u0456, \u0437\u0430\u0445\u043e\u045e\u0432\u0430\u044e\u0447\u044b \u043f\u0440\u044b \u0433\u044d\u0442\u044b\u043c \u0456\u0445 \u0442\u0440\u0430\u0434\u044b\u0446\u044b\u0439\u043d\u0443\u044e \u043f\u0440\u0430\u043a\u0442\u044b\u043a\u0443.<\/p>\n<h3>\u041d\u0430\u0448\u044b \u043f\u0430\u0441\u043b\u0443\u0433\u0456<\/h3>\n<p><strong>\u0406\u043d\u0444\u0430\u0440\u043c\u0430\u0446\u044b\u0439\u043d\u044b\u044f \u0430\u0440\u0442\u044b\u043a\u0443\u043b\u044b:<\/strong> \u041c\u044b \u043f\u0440\u0430\u043f\u0430\u043d\u0443\u0435\u043c \u0448\u044b\u0440\u043e\u043a\u0456 \u0441\u043f\u0435\u043a\u0442\u0440 \u0430\u0440\u0442\u044b\u043a\u0443\u043b\u0430\u045e, \u044f\u043a\u0456\u044f \u0430\u0431\u043c\u044f\u0440\u043a\u043e\u045e\u0432\u0430\u044e\u0446\u044c \u0442\u044d\u043c\u044b \u0430\u0434 \u0456\u043d\u0442\u044d\u043b\u0435\u043a\u0442\u0443\u0430\u043b\u044c\u043d\u0430\u0433\u0430 \u043a\u0456\u0440\u0430\u0432\u0430\u043d\u043d\u044f \u0434\u0430\u043d\u044b\u043c\u0456 \u0434\u0430 \u043d\u0430\u0439\u043d\u043e\u045e\u0448\u044b\u0445 \u043d\u0430\u0446\u0435\u043b\u044c\u043d\u044b\u0445 \u0456 \u0440\u0430\u0437\u0443\u043c\u043d\u044b\u0445 \u043f\u0440\u044b\u043b\u0430\u0434.<\/p>\n<p><strong>\u0423\u0437\u0430\u0435\u043c\u0430\u0434\u0437\u0435\u044f\u043d\u043d\u0435 \u0437 \u0441\u0443\u043f\u043e\u043b\u044c\u043d\u0430\u0441\u0446\u044e:<\/strong> \u041c\u044b \u0437\u0430\u043f\u0440\u0430\u0448\u0430\u0435\u043c \u0430\u043c\u0430\u0442\u0430\u0440\u0430\u045e \u0442\u044d\u0445\u043d\u0430\u043b\u043e\u0433\u0456\u0439 \u043f\u0440\u044b\u043d\u044f\u0446\u044c \u0443\u0434\u0437\u0435\u043b \u0456 \u043f\u0430\u0434\u0437\u044f\u043b\u0456\u0446\u0446\u0430 \u0441\u0432\u0430\u0456\u043c\u0456 \u0432\u0435\u0434\u0430\u043c\u0456, \u0441\u0442\u0432\u0430\u0440\u0430\u044e\u0447\u044b \u044f\u0440\u043a\u0443\u044e \u0456 \u0440\u0430\u0437\u043d\u0430\u0441\u0442\u0430\u0439\u043d\u0443\u044e \u0441\u0443\u043f\u043e\u043b\u044c\u043d\u0430\u0441\u0446\u044c.<\/p>\n<p><strong>\u0410\u0441\u043d\u043e\u045e\u043d\u044b\u044f \u0456\u043d\u0430\u0432\u0430\u0446\u044b\u0456:<\/strong> \u0410\u0434\u043a\u0440\u044b\u0439\u0446\u0435 \u0434\u043b\u044f \u0441\u044f\u0431\u0435 \u043d\u0430\u0439\u043d\u043e\u045e\u0448\u044b\u044f \u0442\u044d\u0445\u043d\u0430\u043b\u043e\u0433\u0456\u0456, \u0430\u0431\u0441\u0442\u0430\u043b\u044f\u0432\u0430\u043d\u043d\u0435 \u0456 \u0433\u0430\u0434\u0436\u044d\u0442\u044b, \u044f\u043a\u0456\u044f \u0444\u0430\u0440\u043c\u0456\u0440\u0443\u044e\u0446\u044c \u0431\u0443\u0434\u0443\u0447\u044b\u043d\u044e.<\/p>\n<p><strong>\u0412\u043e\u0434\u0433\u0443\u043a\u0456 \u0430\u0431 \u043f\u0440\u0430\u0434\u0443\u043a\u0442\u0430\u0445:<\/strong> \u041f\u0440\u044b\u043c\u0430\u0439\u0446\u0435 \u0430\u0431\u0433\u0440\u0443\u043d\u0442\u0430\u0432\u0430\u043d\u044b\u044f \u0440\u0430\u0448\u044d\u043d\u043d\u0456 \u0437 \u043d\u0430\u0448\u044b\u043c\u0456 \u0430\u0431&#039;\u0435\u043a\u0442\u044b\u045e\u043d\u044b\u043c\u0456 \u0430\u0433\u043b\u044f\u0434\u0430\u043c\u0456 \u043f\u0440\u0430\u0434\u0443\u043a\u0442\u0430\u045e \u0456 \u043f\u0440\u0430\u043f\u0430\u043d\u043e\u0432\u0430\u043c\u0456.<\/p>\n<p><strong>\u041d\u0430\u0432\u0443\u0447\u0430\u043b\u044c\u043d\u044b\u044f \u0440\u044d\u0441\u0443\u0440\u0441\u044b:<\/strong> \u0410\u0442\u0440\u044b\u043c\u043b\u0456\u0432\u0430\u0439\u0446\u0435 \u0432\u0435\u0434\u044b \u0430\u0434 \u0432\u043e\u043f\u044b\u0442\u043d\u044b\u0445 \u043f\u0440\u0430\u0444\u0435\u0441\u0456\u044f\u043d\u0430\u043b\u0430\u045e \u0456 \u044d\u043a\u0441\u043f\u0435\u0440\u0442\u0430\u045e \u0437 \u043d\u0430\u0448\u044b\u043c\u0456 \u0430\u0434\u0443\u043a\u0430\u0446\u044b\u0439\u043d\u044b\u043c\u0456 \u0434\u0430\u043f\u0430\u043c\u043e\u0436\u043d\u0456\u043a\u0430\u043c\u0456 \u0456 \u043f\u0430\u0434\u0440\u0443\u0447\u043d\u0456\u043a\u0430\u043c\u0456.<\/p>\n<p><strong>\u041d\u0430\u0448\u0430 \u0430\u0434\u0434\u0430\u043d\u0430\u0441\u0446\u044c:<\/strong> \u041c\u044b \u0456\u043c\u043a\u043d\u0435\u043c\u0441\u044f \u0434\u0430\u0446\u044c \u0434\u0430\u043a\u043b\u0430\u0434\u043d\u0443\u044e \u0456 \u043d\u0430\u0434\u0437\u0435\u0439\u043d\u0443\u044e \u0456\u043d\u0444\u0430\u0440\u043c\u0430\u0446\u044b\u044e. \u041d\u0430\u0448\u0430 \u043a\u0430\u043c\u0430\u043d\u0434\u0430 \u0456\u043c\u043a\u043d\u0435\u0446\u0446\u0430 \u0456\u0441\u0446\u0456 \u045e \u043d\u0430\u0433\u0443 \u0437 \u0456\u043c\u043a\u043b\u0456\u0432\u044b\u043c \u0441\u0432\u0435\u0442\u0430\u043c \u0442\u044d\u0445\u043d\u0430\u043b\u043e\u0433\u0456\u0439 \u0456 \u0434\u0437\u044f\u043b\u0456\u0446\u0446\u0430 \u0437 \u0432\u0430\u043c\u0456 \u0441\u0432\u0430\u0456\u043c \u0440\u0430\u0437\u0443\u043c\u0435\u043d\u043d\u0435\u043c.<\/p>\n<h3>\u0423\u0434\u0437\u044f\u0447\u043d\u0430\u0441\u0446\u044c<\/h3>\n<p>\u0428\u0447\u044b\u0440\u0430 \u0434\u0437\u044f\u043a\u0443\u0435\u043c \u043d\u0430\u0448\u044b\u043c \u0447\u044b\u0442\u0430\u0447\u0430\u043c \u0456 \u0430\u045e\u0442\u0430\u0440\u0430\u043c. \u0412\u0430\u0448\u0430 \u043f\u0430\u0434\u0442\u0440\u044b\u043c\u043a\u0430 \u0434\u0430\u0437\u0432\u0430\u043b\u044f\u0435 IdLoaded \u043a\u0432\u0456\u0442\u043d\u0435\u0446\u044c. \u0414\u0430\u043b\u0443\u0447\u0430\u0439\u0446\u0435\u0441\u044f \u0434\u0430 \u043d\u0430\u0441 \u0443 \u0430\u0434\u043a\u0440\u044b\u0446\u0446\u0456 \u0456\u043d\u0442\u0440\u044b\u0433\u0443\u044e\u0447\u0430\u0433\u0430 \u0441\u043f\u0430\u043b\u0443\u0447\u044d\u043d\u043d\u044f \u0442\u0440\u0430\u0434\u044b\u0446\u044b\u0439 \u0456 \u0442\u044d\u0445\u043d\u0430\u043b\u0430\u0433\u0456\u0447\u043d\u044b\u0445 \u0456\u043d\u0430\u0432\u0430\u0446\u044b\u0439. \u0420\u0430\u0437\u0430\u043c \u043c\u044b \u043c\u043e\u0436\u0430\u043c \u0440\u0443\u0445\u0430\u0446\u0446\u0430 \u045e \u0431\u0443\u0434\u0443\u0447\u044b\u043d\u044e, \u0437\u0430\u0445\u043e\u045e\u0432\u0430\u044e\u0447\u044b \u043f\u0440\u044b\u0445\u0456\u043b\u044c\u043d\u0430\u0441\u0446\u044c \u0434\u0430 \u044f\u043a\u0430\u0441\u0446\u0456 \u0456 \u0434\u0430\u043a\u043b\u0430\u0434\u043d\u0430\u0441\u0446\u0456 \u0456\u043d\u0444\u0430\u0440\u043c\u0430\u0446\u044b\u0456.<\/p>\n<p>\u0414\u0437\u044f\u043a\u0443\u0439 \u0437\u0430 \u045e\u0434\u0437\u0435\u043b \u0443 \u0441\u0443\u043f\u043e\u043b\u044c\u043d\u0430\u0441\u0446\u0456 IdLoaded! \u0412\u044b \u043c\u043e\u0436\u0430\u0446\u0435 \u0437\u0432\u044f\u0437\u0430\u0446\u0446\u0430 \u0437 \u043d\u0430\u043c\u0456 \u043f\u0440\u0430\u0437 \u043d\u0430\u0448 \u0432\u044d\u0431-\u0441\u0430\u0439\u0442 \u043f\u0430 \u0430\u0434\u0440\u0430\u0441\u0435 <a href=\"http:\/\/fr.idloaded.com\/be\/\" target=\"_new\" rel=\"noreferrer noopener\">http:\/\/fr.idloaded.com\/<\/a>. \u0414\u043b\u044f \u0430\u0442\u0440\u044b\u043c\u0430\u043d\u043d\u044f \u0434\u0430\u0434\u0430\u0442\u043a\u043e\u0432\u0430\u0439 \u0456\u043d\u0444\u0430\u0440\u043c\u0430\u0446\u044b\u0456 \u0432\u044b \u0442\u0430\u043a\u0441\u0430\u043c\u0430 \u043c\u043e\u0436\u0430\u0446\u0435 \u043d\u0430\u0432\u0435\u0434\u0430\u0446\u044c \u043d\u0430\u0448\u0443 \u0441\u0442\u0430\u0440\u043e\u043d\u043a\u0443 \u045e \u0441\u0430\u0446\u044b\u044f\u043b\u044c\u043d\u044b\u0445 \u0441\u0435\u0442\u043a\u0430\u0445 IdLoaded.<\/p>","protected":false},"excerpt":{"rendered":"<p>Sobre o IdLoaded No IdLoaded, somos movidos pela nossa paix\u00e3o por integrar o mundo da tecnologia com as informa\u00e7\u00f5es mais recentes e relevantes. Nosso objetivo \u00e9 ser o ponto de refer\u00eancia para entusiastas de tecnologia, profissionais da \u00e1rea e todos aqueles interessados nas \u00faltimas inova\u00e7\u00f5es. Nosso Objetivo Nosso principal objetivo \u00e9 criar um espa\u00e7o onde [&hellip;]<\/p>","protected":false},"author":4,"featured_media":0,"parent":0,"menu_order":0,"comment_status":"closed","ping_status":"closed","template":"","meta":{"footnotes":""},"class_list":["post-75","page","type-page","status-publish","hentry"],"_links":{"self":[{"href":"https:\/\/fr.idloaded.com\/be\/wp-json\/wp\/v2\/pages\/75","targetHints":{"allow":["GET"]}}],"collection":[{"href":"https:\/\/fr.idloaded.com\/be\/wp-json\/wp\/v2\/pages"}],"about":[{"href":"https:\/\/fr.idloaded.com\/be\/wp-json\/wp\/v2\/types\/page"}],"author":[{"embeddable":true,"href":"https:\/\/fr.idloaded.com\/be\/wp-json\/wp\/v2\/users\/4"}],"replies":[{"embeddable":true,"href":"https:\/\/fr.idloaded.com\/be\/wp-json\/wp\/v2\/comments?post=75"}],"version-history":[{"count":8,"href":"https:\/\/fr.idloaded.com\/be\/wp-json\/wp\/v2\/pages\/75\/revisions"}],"predecessor-version":[{"id":508,"href":"https:\/\/fr.idloaded.com\/be\/wp-json\/wp\/v2\/pages\/75\/revisions\/508"}],"wp:attachment":[{"href":"https:\/\/fr.idloaded.com\/be\/wp-json\/wp\/v2\/media?parent=75"}],"curies":[{"name":"wp","href":"https:\/\/api.w.org\/{rel}","templated":true}]}}