{"id":69,"date":"2023-12-01T00:51:50","date_gmt":"2023-12-01T03:51:50","guid":{"rendered":"http:\/\/fr.idloaded.com\/?page_id=69"},"modified":"2025-09-05T18:40:29","modified_gmt":"2025-09-05T21:40:29","slug":"ota-meihin-yhteytta","status":"publish","type":"page","link":"https:\/\/fr.idloaded.com\/fi\/ota-meihin-yhteytta\/","title":{"rendered":"Ottaa yhteytt\u00e4"},"content":{"rendered":"<h2>Ota meihin yhteytt\u00e4<\/h2>\n<p>Kiitos mielenkiinnostasi IdLoadedia kohtaan. Arvostamme mielipiteit\u00e4si ja kysymyksi\u00e4si. T\u00e4ss\u00e4 on tapoja ottaa meihin yhteytt\u00e4:<\/p>\n<h3>S\u00e4hk\u00f6posti<\/h3>\n<p>Yleisi\u00e4 kysymyksi\u00e4, ehdotuksia tai kommentteja varten l\u00e4het\u00e4 s\u00e4hk\u00f6postia <a rel=\"noreferrer\">contact@fr.idloaded.com<\/a>. Tiimimme pyrkii vastaamaan kysymyksiisi mahdollisimman nopeasti.<\/p>\n<h3>Yhteydenottolomake<\/h3>\n<p>Jos sinulla on erityisi\u00e4 kysymyksi\u00e4 tai haluat l\u00e4hett\u00e4\u00e4 teknologiaan liittyv\u00e4n artikkelin, l\u00e4het\u00e4 s\u00e4hk\u00f6postia <a rel=\"noreferrer\">contact@fr.idloaded.com<\/a>. Otamme mielell\u00e4mme vastaan yleisten tiedon yst\u00e4vien ja teknologian yst\u00e4v\u00e4t.<\/p>\n<h3>Postiosoite<\/h3>\n<p>Jos pid\u00e4t perinteisest\u00e4 postista, l\u00f6yd\u00e4t meid\u00e4t seuraavasta osoitteesta:<\/p>\n<p><strong>IdLoaded<\/strong><\/p>\n<p>837 Pawprint Lane<\/p>\n<p>Dogville, TX 75001<\/p>\n<p>USA<\/p>\n<h3>Uutiskirje<\/h3>\n<p>Tilaa uutiskirjeemme, jotta pysyt ajan tasalla viimeisimmist\u00e4 artikkeleista, teknisist\u00e4 trendeist\u00e4 ja IdLoaded-yhteis\u00f6n uutisista. Kirjoita vain s\u00e4hk\u00f6postiosoitteesi etusivumme alareunassa olevaan rekister\u00f6itymisruutuun.<\/p>\n<h3>Palaute<\/h3>\n<p>Pyrimme jatkuvasti parantamaan sis\u00e4lt\u00f6\u00e4mme ja k\u00e4ytt\u00f6kokemustamme. Jos sinulla on ehdotuksia tai kommentteja siit\u00e4, kuinka voimme parantaa IdLoaded-kokemustasi, jaa ne kanssamme s\u00e4hk\u00f6postitse.<\/p>\n<p>Arvostamme mielenkiinnostasi ja odotamme kuulevamme sinusta. IdLoaded on t\u00e4\u00e4ll\u00e4 yhdist\u00e4\u00e4kseen tietomaailman uusimpaan teknologiaan, ja panoksesi on ratkaiseva auttaessamme meit\u00e4 saavuttamaan t\u00e4m\u00e4n teht\u00e4v\u00e4n.<\/p>\n<p>Kiitos, ett\u00e4 olet osa yleist\u00e4 tietoyhteis\u00f6\u00e4mme!<\/p>","protected":false},"excerpt":{"rendered":"<p>Entre em Contato Conosco Obrigado pelo seu interesse no IdLoaded. Valorizamos suas opini\u00f5es e perguntas. Aqui est\u00e3o as formas de nos contatar: Email Para perguntas gerais, sugest\u00f5es ou coment\u00e1rios, envie um e-mail para contact@fr.idloaded.com. Nossa equipe se esfor\u00e7ar\u00e1 para responder \u00e0s suas perguntas o mais r\u00e1pido poss\u00edvel. Formul\u00e1rio de Contato Se voc\u00ea tiver perguntas espec\u00edficas [&hellip;]<\/p>","protected":false},"author":4,"featured_media":0,"parent":0,"menu_order":0,"comment_status":"closed","ping_status":"closed","template":"","meta":{"footnotes":""},"class_list":["post-69","page","type-page","status-publish","hentry"],"_links":{"self":[{"href":"https:\/\/fr.idloaded.com\/fi\/wp-json\/wp\/v2\/pages\/69","targetHints":{"allow":["GET"]}}],"collection":[{"href":"https:\/\/fr.idloaded.com\/fi\/wp-json\/wp\/v2\/pages"}],"about":[{"href":"https:\/\/fr.idloaded.com\/fi\/wp-json\/wp\/v2\/types\/page"}],"author":[{"embeddable":true,"href":"https:\/\/fr.idloaded.com\/fi\/wp-json\/wp\/v2\/users\/4"}],"replies":[{"embeddable":true,"href":"https:\/\/fr.idloaded.com\/fi\/wp-json\/wp\/v2\/comments?post=69"}],"version-history":[{"count":6,"href":"https:\/\/fr.idloaded.com\/fi\/wp-json\/wp\/v2\/pages\/69\/revisions"}],"predecessor-version":[{"id":506,"href":"https:\/\/fr.idloaded.com\/fi\/wp-json\/wp\/v2\/pages\/69\/revisions\/506"}],"wp:attachment":[{"href":"https:\/\/fr.idloaded.com\/fi\/wp-json\/wp\/v2\/media?parent=69"}],"curies":[{"name":"wp","href":"https:\/\/api.w.org\/{rel}","templated":true}]}}