{"id":73,"date":"2023-12-01T00:53:30","date_gmt":"2023-12-01T03:53:30","guid":{"rendered":"http:\/\/fr.idloaded.com\/?page_id=73"},"modified":"2025-09-05T18:41:57","modified_gmt":"2025-09-05T21:41:57","slug":"tietosuojakaytanto","status":"publish","type":"page","link":"https:\/\/fr.idloaded.com\/fi\/tietosuojakaytanto\/","title":{"rendered":"Tietosuojak\u00e4yt\u00e4nt\u00f6"},"content":{"rendered":"<h2>IdLoadedin tietosuojak\u00e4yt\u00e4nn\u00f6t<\/h2>\n<p>IdLoadedissa, joka l\u00f6ytyy osoitteesta <a href=\"http:\/\/fr.idloaded.com\/fi\/\" target=\"_new\" rel=\"noreferrer noopener\">http:\/\/fr.idloaded.com\/<\/a>, asetamme vierailijoidemme yksityisyyden etusijalle. T\u00e4ss\u00e4 asiakirjassa kuvataan IdLoadedissa ker\u00e4\u00e4miemme ja tallentamiemme tietojen tyypit ja miten niit\u00e4 k\u00e4ytet\u00e4\u00e4n.<\/p>\n<p>Jos sinulla on kysytt\u00e4v\u00e4\u00e4 tai tarvitset lis\u00e4tietoja tietosuojak\u00e4yt\u00e4nn\u00f6ist\u00e4mme, ota rohkeasti yhteytt\u00e4.<\/p>\n<p>N\u00e4m\u00e4 tietosuojak\u00e4yt\u00e4nn\u00f6t koskevat ainoastaan verkkotoimintaamme ja ovat olennaisia verkkosivustomme k\u00e4vij\u00f6ille heid\u00e4n IdLoadedissa jakamansa ja\/tai ker\u00e4\u00e4m\u00e4ns\u00e4 tiedon osalta. N\u00e4it\u00e4 ohjeita ei sovelleta mihink\u00e4\u00e4n offline-tilassa tai muiden kanavien kuin t\u00e4m\u00e4n verkkosivuston kautta ker\u00e4ttyyn tietoon.<\/p>\n<h3>Sopimus<\/h3>\n<p>K\u00e4ytt\u00e4m\u00e4ll\u00e4 verkkosivustoamme hyv\u00e4ksyt tietosuojak\u00e4yt\u00e4nt\u00f6mme ja sitoudut niiden ehtoihin.<\/p>\n<h3>Ker\u00e4\u00e4m\u00e4mme tiedot<\/h3>\n<p>Selit\u00e4mme selke\u00e4sti, miksi tarvitsemme pyyt\u00e4mi\u00e4mme henkil\u00f6tietoja, siin\u00e4 vaiheessa kun niit\u00e4 pyyd\u00e4mme.<\/p>\n<p>Jos otat meihin suoraan yhteytt\u00e4, saatamme saada sinusta lis\u00e4tietoja, kuten nimesi, s\u00e4hk\u00f6postiosoitteesi, puhelinnumerosi, l\u00e4hett\u00e4miesi viestien ja\/tai liitteiden sis\u00e4ll\u00f6n sek\u00e4 muita tietoja, joita p\u00e4\u00e4t\u00e4t antaa.<\/p>\n<p>Kun luot tilin, saatamme pyyt\u00e4\u00e4 sinulta yhteystietojasi, kuten nimesi, yrityksen nimesi, osoitteesi, s\u00e4hk\u00f6postiosoitteesi ja puhelinnumerosi.<\/p>\n<h3>Kuinka k\u00e4yt\u00e4mme tietojasi<\/h3>\n<p>K\u00e4yt\u00e4mme ker\u00e4\u00e4mi\u00e4mme tietoja monin eri tavoin, mukaan lukien:<\/p>\n<ul>\n<li>Verkkosivustomme tarjoaminen, k\u00e4ytt\u00f6 ja yll\u00e4pito<\/li>\n<li>Paranna, personoi ja laajenna verkkosivustoamme<\/li>\n<li>Ymm\u00e4rr\u00e4 ja analysoi, miten k\u00e4yt\u00e4t verkkosivustoamme<\/li>\n<li>Luo uusia tuotteita, palveluita, ominaisuuksia ja toimintoja<\/li>\n<li>Kommunikoidaksemme kanssasi suoraan tai yhteisty\u00f6kumppanimme kautta asiakaspalvelua varten, tarjotaksemme p\u00e4ivityksi\u00e4 ja muita sivustoon liittyvi\u00e4 tietoja sek\u00e4 markkinointi- ja mainostarkoituksiin<\/li>\n<li>L\u00e4het\u00e4 s\u00e4hk\u00f6posteja<\/li>\n<li>Petosten havaitseminen ja est\u00e4minen<\/li>\n<\/ul>\n<h3>Lokitiedostot<\/h3>\n<p>IdLoaded noudattaa lokitiedostojen k\u00e4yt\u00f6ss\u00e4 vakiomenettely\u00e4. N\u00e4m\u00e4 tiedostot kirjaavat k\u00e4vij\u00e4t, kun he vierailevat verkkosivustoilla. Kaikki hosting-yritykset tekev\u00e4t t\u00e4m\u00e4n osana hosting-analytiikkapalveluitaan. Lokitiedostojen ker\u00e4\u00e4miin tietoihin kuuluvat internetprotokolla (IP) -osoitteet, selaintyyppi, internet-palveluntarjoaja (ISP), p\u00e4iv\u00e4m\u00e4\u00e4r\u00e4- ja aikaleima, viittaavat\/poistumissivut ja mahdollisesti klikkausten m\u00e4\u00e4r\u00e4. N\u00e4it\u00e4 tietoja ei yhdistet\u00e4 mihink\u00e4\u00e4n henkil\u00f6kohtaisesti tunnistettaviin tietoihin. Tietojen tarkoitus on analysoida trendej\u00e4, hallinnoida sivustoa, seurata k\u00e4ytt\u00e4jien liikkumista verkkosivustolla ja ker\u00e4t\u00e4 demografisia tietoja.<\/p>\n<h3>Ev\u00e4steet ja verkkosignaalit<\/h3>\n<p>Kuten kaikki muutkin verkkosivustot, IdLoaded k\u00e4ytt\u00e4\u00e4 ev\u00e4steit\u00e4. N\u00e4it\u00e4 ev\u00e4steit\u00e4 k\u00e4ytet\u00e4\u00e4n tallentamaan tietoja, kuten k\u00e4vij\u00f6iden asetuksia ja verkkosivuston sivuja, joilla k\u00e4vij\u00e4 on vieraillut tai joita h\u00e4n on k\u00e4ytt\u00e4nyt. Tietoja k\u00e4ytet\u00e4\u00e4n k\u00e4ytt\u00e4j\u00e4kokemuksen optimointiin mukauttamalla verkkosivujemme sis\u00e4lt\u00f6\u00e4 k\u00e4vij\u00f6iden selaintyypin ja\/tai muiden tietojen perusteella.<\/p>\n<h3>Google DoubleClick DART -ev\u00e4ste<\/h3>\n<p>Google on yksi sivustollamme toimivista kolmansista osapuolista. Se k\u00e4ytt\u00e4\u00e4 my\u00f6s ev\u00e4steit\u00e4, jotka tunnetaan nimell\u00e4 DART-ev\u00e4steet, n\u00e4ytt\u00e4\u00e4kseen mainoksia sivustomme k\u00e4vij\u00f6ille heid\u00e4n vierailunsa perusteella. <a href=\"http:\/\/www.website.com\" target=\"_new\" rel=\"noreferrer noopener\">www.verkkosivusto.com<\/a> ja muilla internetin sivustoilla. Vierailijat voivat kuitenkin kielt\u00e4yty\u00e4 DART-ev\u00e4steiden k\u00e4yt\u00f6st\u00e4 k\u00e4ym\u00e4ll\u00e4 Googlen mainos- ja sis\u00e4lt\u00f6verkoston tietosuojak\u00e4yt\u00e4nn\u00f6ss\u00e4 seuraavassa URL-osoitteessa \u2013 <a href=\"https:\/\/policies.google.com\/technologies\/ads\" target=\"_new\" rel=\"noreferrer noopener\">https:\/\/policies.google.com\/technologies\/ads<\/a>.<\/p>\n<h3>IdLoaded-mainoskumppaneiden tietosuojak\u00e4yt\u00e4nn\u00f6t<\/h3>\n<p>Voit tutustua t\u00e4h\u00e4n luetteloon l\u00f6yt\u00e4\u00e4ksesi IdLoadedin kunkin mainoskumppanin tietosuojak\u00e4yt\u00e4nn\u00f6t.<\/p>\n<p>Kolmannen osapuolen mainospalvelimet tai mainosverkostot k\u00e4ytt\u00e4v\u00e4t IdLoadedissa n\u00e4kyviss\u00e4 mainoksissaan ja linkeiss\u00e4\u00e4n teknologioita, kuten ev\u00e4steit\u00e4, JavaScripti\u00e4 tai verkkoj\u00e4ljitteit\u00e4, jotka l\u00e4hetet\u00e4\u00e4n suoraan k\u00e4ytt\u00e4jien selaimeen. He saavat IP-osoitteesi automaattisesti, kun n\u00e4in tapahtuu. N\u00e4it\u00e4 tekniikoita k\u00e4ytet\u00e4\u00e4n mainoskampanjoiden tehokkuuden mittaamiseen ja\/tai n\u00e4kem\u00e4si mainossis\u00e4ll\u00f6n personointiin vierailemillasi verkkosivustoilla.<\/p>\n<p>Huomaa, ett\u00e4 IdLoadedilla ei ole p\u00e4\u00e4sy\u00e4 tai hallintaoikeutta n\u00e4ihin kolmannen osapuolen mainostajien k\u00e4ytt\u00e4miin ev\u00e4steisiin.<\/p>\n<h3>Kolmannen osapuolen tietosuojak\u00e4yt\u00e4nn\u00f6t<\/h3>\n<p>IdLoadedin tietosuojak\u00e4yt\u00e4nt\u00f6 ei koske muita mainostajia tai verkkosivustoja. Siksi kehotamme sinua tutustumaan n\u00e4iden kolmansien osapuolten mainospalvelimien tietosuojak\u00e4yt\u00e4nt\u00f6ihin saadaksesi lis\u00e4tietoja. Se voi sis\u00e4lt\u00e4\u00e4 heid\u00e4n k\u00e4yt\u00e4nt\u00f6j\u00e4\u00e4n ja ohjeita tiettyjen vaihtoehtojen kielt\u00e4misest\u00e4.<\/p>\n<p>Voit poistaa ev\u00e4steet k\u00e4yt\u00f6st\u00e4 selaimesi asetuksista. Saat tarkempia tietoja ev\u00e4steiden hallinnasta tietyill\u00e4 verkkoselaimilla katsomalla selainten omilta verkkosivustoilta.<\/p>\n<h3>CCPA (\u00c4l\u00e4 myy henkil\u00f6tietojani) - tietosuojalains\u00e4\u00e4d\u00e4nt\u00f6<\/h3>\n<p>CCPA:n nojalla Kalifornian kuluttajilla on oikeus:<\/p>\n<ul>\n<li>Pyyd\u00e4 yrityst\u00e4, joka ker\u00e4\u00e4 kuluttajien henkil\u00f6tietoja, paljastamaan kuluttajista ker\u00e4\u00e4miens\u00e4 henkil\u00f6tietojen luokat ja tarkat tiedot.<\/li>\n<li>Pyyd\u00e4 yrityst\u00e4 poistamaan kaikki kuluttajasta ker\u00e4\u00e4m\u00e4ns\u00e4 henkil\u00f6tiedot.<\/li>\n<li>Pyyd\u00e4 yrityst\u00e4, joka myy kuluttajan henkil\u00f6tietoja, olemaan myym\u00e4tt\u00e4 kuluttajan henkil\u00f6tietoja.<\/li>\n<\/ul>\n<p>Jos teet pyynn\u00f6n, meill\u00e4 on kuukausi aikaa vastata sinulle. Jos haluat k\u00e4ytt\u00e4\u00e4 jotakin n\u00e4ist\u00e4 oikeuksista, ota meihin yhteytt\u00e4.<\/p>\n<h3>GDPR-tietosuojaoikeudet<\/h3>\n<p>Haluamme varmistaa, ett\u00e4 olet t\u00e4ysin tietoinen kaikista tietosuojaoikeuksistasi. Jokaisella k\u00e4ytt\u00e4j\u00e4ll\u00e4 on oikeus seuraaviin:<\/p>\n<ul>\n<li>Oikeus saada p\u00e4\u00e4sy tietoihin \u2013 Sinulla on oikeus pyyt\u00e4\u00e4 kopioita henkil\u00f6tiedoistasi. Saatamme peri\u00e4 pienen maksun t\u00e4st\u00e4 palvelusta.<\/li>\n<li>Oikeus oikaisuun \u2013 Sinulla on oikeus pyyt\u00e4\u00e4 meit\u00e4 korjaamaan kaikki tiedot, joiden uskot olevan virheellisi\u00e4. Sinulla on my\u00f6s oikeus pyyt\u00e4\u00e4 meit\u00e4 t\u00e4ydent\u00e4m\u00e4\u00e4n tietoja, joiden uskot olevan puutteellisia.<\/li>\n<li>Oikeus tietojen poistamiseen \u2013 Sinulla on oikeus pyyt\u00e4\u00e4 meit\u00e4 poistamaan henkil\u00f6tietosi tietyin edellytyksin.<\/li>\n<li>Oikeus rajoittaa k\u00e4sittely\u00e4 \u2013 Sinulla on oikeus pyyt\u00e4\u00e4 meit\u00e4 rajoittamaan henkil\u00f6tietojesi k\u00e4sittely\u00e4 tietyin edellytyksin.<\/li>\n<li>Oikeus vastustaa k\u00e4sittely\u00e4 \u2013 Sinulla on oikeus vastustaa henkil\u00f6tietojesi k\u00e4sittely\u00e4 tietyin edellytyksin.<\/li>\n<li>Oikeus tietojen siirrett\u00e4vyyteen \u2013 Sinulla on oikeus pyyt\u00e4\u00e4 meit\u00e4 siirt\u00e4m\u00e4\u00e4n ker\u00e4\u00e4m\u00e4mme tiedot toiselle organisaatiolle tai suoraan sinulle tietyin edellytyksin.<\/li>\n<\/ul>\n<p>Jos teet pyynn\u00f6n, meill\u00e4 on kuukausi aikaa vastata sinulle. Jos haluat k\u00e4ytt\u00e4\u00e4 jotakin n\u00e4ist\u00e4 oikeuksista, ota meihin yhteytt\u00e4.<\/p>\n<h3>Tietoa alaik\u00e4isist\u00e4<\/h3>\n<p>Yksi suurimmista prioriteeteistamme on lasten suojeleminen heid\u00e4n k\u00e4ytt\u00e4ess\u00e4\u00e4n interneti\u00e4. Kannustamme vanhempia ja huoltajia tarkkailemaan, osallistumaan ja\/tai valvomaan ja ohjaamaan verkkotoimintaansa.<\/p>\n<p>IdLoaded ei tietoisesti ker\u00e4\u00e4 henkil\u00f6tietoja alle 13-vuotiailta lapsilta. Jos uskot lapsesi antaneen t\u00e4llaisia tietoja verkkosivustollamme, kehotamme sinua ottamaan meihin v\u00e4litt\u00f6m\u00e4sti yhteytt\u00e4, niin teemme parhaamme poistaaksemme kyseiset tiedot rekistereist\u00e4mme viipym\u00e4tt\u00e4.<\/p>\n<h3>Tietosuojak\u00e4yt\u00e4nt\u00f6jemme p\u00e4ivitykset<\/h3>\n<p>Tietosuojak\u00e4yt\u00e4nt\u00f6mme voivat muuttua ajan my\u00f6t\u00e4. Siksi suosittelemme, ett\u00e4 vierailet t\u00e4ll\u00e4 sivulla s\u00e4\u00e4nn\u00f6llisesti pysy\u00e4ksesi ajan tasalla mahdollisista muutoksista. Ilmoitamme sinulle kaikista p\u00e4ivityksist\u00e4 julkaisemalla tarkistetut tietosuojak\u00e4yt\u00e4nn\u00f6t t\u00e4ll\u00e4 sivulla. N\u00e4m\u00e4 p\u00e4ivitykset tulevat voimaan heti, kun ne on julkaistu t\u00e4ll\u00e4 sivulla.<\/p>\n<p>Tietosuojak\u00e4yt\u00e4nt\u00f6jemme luomisessa avusti Tietosuojak\u00e4yt\u00e4nt\u00f6generaattori.<\/p>\n<h3>Ota yhteytt\u00e4<\/h3>\n<p>Jos sinulla on kysytt\u00e4v\u00e4\u00e4 tai ehdotuksia tietosuojak\u00e4yt\u00e4nt\u00f6ihimme liittyen, ota rohkeasti yhteytt\u00e4 IdLoaded-sivustoon. L\u00f6yd\u00e4t meid\u00e4t verkkosivuiltamme osoitteesta <a href=\"http:\/\/fr.idloaded.com\/fi\/\" target=\"_new\" rel=\"noreferrer noopener\">http:\/\/fr.idloaded.com\/<\/a>. Lis\u00e4tietoja saat my\u00f6s sosiaalisen median sivultamme osoitteessa IdLoaded.<\/p>","protected":false},"excerpt":{"rendered":"<p>Diretrizes de Privacidade para IdLoaded No IdLoaded, que pode ser encontrado em http:\/\/fr.idloaded.com\/, priorizamos a privacidade dos nossos visitantes. Este documento descreve os tipos de informa\u00e7\u00f5es que coletamos e registramos no IdLoaded e como as utilizamos. Caso tenha mais perguntas ou precise de mais detalhes sobre nossas Diretrizes de Privacidade, sinta-se \u00e0 vontade para nos [&hellip;]<\/p>","protected":false},"author":4,"featured_media":0,"parent":0,"menu_order":0,"comment_status":"closed","ping_status":"closed","template":"","meta":{"footnotes":""},"class_list":["post-73","page","type-page","status-publish","hentry"],"_links":{"self":[{"href":"https:\/\/fr.idloaded.com\/fi\/wp-json\/wp\/v2\/pages\/73","targetHints":{"allow":["GET"]}}],"collection":[{"href":"https:\/\/fr.idloaded.com\/fi\/wp-json\/wp\/v2\/pages"}],"about":[{"href":"https:\/\/fr.idloaded.com\/fi\/wp-json\/wp\/v2\/types\/page"}],"author":[{"embeddable":true,"href":"https:\/\/fr.idloaded.com\/fi\/wp-json\/wp\/v2\/users\/4"}],"replies":[{"embeddable":true,"href":"https:\/\/fr.idloaded.com\/fi\/wp-json\/wp\/v2\/comments?post=73"}],"version-history":[{"count":6,"href":"https:\/\/fr.idloaded.com\/fi\/wp-json\/wp\/v2\/pages\/73\/revisions"}],"predecessor-version":[{"id":503,"href":"https:\/\/fr.idloaded.com\/fi\/wp-json\/wp\/v2\/pages\/73\/revisions\/503"}],"wp:attachment":[{"href":"https:\/\/fr.idloaded.com\/fi\/wp-json\/wp\/v2\/media?parent=73"}],"curies":[{"name":"wp","href":"https:\/\/api.w.org\/{rel}","templated":true}]}}