{"id":75,"date":"2023-12-01T00:53:30","date_gmt":"2023-12-01T03:53:30","guid":{"rendered":"http:\/\/fr.idloaded.com\/?page_id=75"},"modified":"2025-09-05T18:42:11","modified_gmt":"2025-09-05T21:42:11","slug":"meista","status":"publish","type":"page","link":"https:\/\/fr.idloaded.com\/fi\/meista\/","title":{"rendered":"Noin"},"content":{"rendered":"<h2>Tietoja IdLoadedista<\/h2>\n<p>Meit\u00e4 IdLoadedilla ohjaa intohimomme integroida teknologian maailma uusimman ja olennaisimman tiedon kanssa. Tavoitteenamme on olla vertailukohta teknologian harrastajille, alan ammattilaisille ja kaikille viimeisimmist\u00e4 innovaatioista kiinnostuneille.<\/p>\n<h3>Tavoitteemme<\/h3>\n<p>P\u00e4\u00e4tavoitteemme on luoda tila, josta teknologian yst\u00e4v\u00e4t voivat l\u00f6yt\u00e4\u00e4 monipuolista tietoa teknologisista innovaatioista, toteutustavoista ja viimeisimmist\u00e4 trendeist\u00e4. Pyrimme yhdist\u00e4m\u00e4\u00e4n perinteet innovaatioihin ja auttamaan ammattilaisia omaksumaan viimeisimm\u00e4t edistysaskeleet s\u00e4ilytt\u00e4en samalla perinteiset k\u00e4yt\u00e4nt\u00f6ns\u00e4.<\/p>\n<h3>Palvelumme<\/h3>\n<p><strong>Informatiiviset artikkelit:<\/strong> Tarjoamme laajan valikoiman artikkeleita, jotka k\u00e4sittelev\u00e4t aiheita \u00e4lykk\u00e4\u00e4st\u00e4 tiedonhallinnasta viimeisimpiin puettaviin ja \u00e4lylaitteisiin.<\/p>\n<p><strong>Yhteis\u00f6n vuorovaikutus:<\/strong> Kutsumme teknologian yst\u00e4v\u00e4t osallistumaan ja jakamaan tiet\u00e4myst\u00e4\u00e4n, mik\u00e4 edist\u00e4\u00e4 elinvoimaista ja monimuotoista yhteis\u00f6\u00e4.<\/p>\n<p><strong>Innovaatioiden kohokohdat:<\/strong> Tutustu uusimpiin teknologioihin, vempaimiin ja vempaimiin, jotka muokkaavat tulevaisuutta.<\/p>\n<p><strong>Tuotearvostelut:<\/strong> Tee tietoon perustuvia p\u00e4\u00e4t\u00f6ksi\u00e4 puolueettomien tuotearvioidemme ja ehdotuksiemme avulla.<\/p>\n<p><strong>Oppimisresurssit:<\/strong> Hanki tietoa kokeneilta ammattilaisilta ja asiantuntijoilta koulutusoppaidemme ja opetusohjelmiemme avulla.<\/p>\n<p><strong>Omistautumisemme:<\/strong> Olemme sitoutuneet tarjoamaan tarkkoja ja luotettavia tietoja. Tiimimme on sitoutunut pysym\u00e4\u00e4n teknologian nopeatempoisessa maailmassa ja jakamaan n\u00e4kemyksemme kanssasi.<\/p>\n<h3>Arvostus<\/h3>\n<p>Kiit\u00e4mme vilpitt\u00f6m\u00e4sti lukijoitamme ja avustajiamme. Tukesi mahdollistaa IdLoadedin menestymisen. Liity kanssamme l\u00f6yt\u00e4m\u00e4\u00e4n perinteen ja teknologisen innovaation kiehtova yhdistelm\u00e4. Yhdess\u00e4 voimme siirty\u00e4 tulevaisuuteen s\u00e4ilytt\u00e4en samalla sitoutumisemme tiedon laatuun ja tarkkuuteen.<\/p>\n<p>Kiitos, ett\u00e4 olet osa IdLoaded-yhteis\u00f6\u00e4! Voit ottaa meihin yhteytt\u00e4 verkkosivujemme kautta osoitteessa <a href=\"http:\/\/fr.idloaded.com\/fi\/\" target=\"_new\" rel=\"noreferrer noopener\">http:\/\/fr.idloaded.com\/<\/a>. Lis\u00e4tietoja voit my\u00f6s vierailla sosiaalisen median sivullamme osoitteessa IdLoaded.<\/p>","protected":false},"excerpt":{"rendered":"<p>Sobre o IdLoaded No IdLoaded, somos movidos pela nossa paix\u00e3o por integrar o mundo da tecnologia com as informa\u00e7\u00f5es mais recentes e relevantes. Nosso objetivo \u00e9 ser o ponto de refer\u00eancia para entusiastas de tecnologia, profissionais da \u00e1rea e todos aqueles interessados nas \u00faltimas inova\u00e7\u00f5es. Nosso Objetivo Nosso principal objetivo \u00e9 criar um espa\u00e7o onde [&hellip;]<\/p>","protected":false},"author":4,"featured_media":0,"parent":0,"menu_order":0,"comment_status":"closed","ping_status":"closed","template":"","meta":{"footnotes":""},"class_list":["post-75","page","type-page","status-publish","hentry"],"_links":{"self":[{"href":"https:\/\/fr.idloaded.com\/fi\/wp-json\/wp\/v2\/pages\/75","targetHints":{"allow":["GET"]}}],"collection":[{"href":"https:\/\/fr.idloaded.com\/fi\/wp-json\/wp\/v2\/pages"}],"about":[{"href":"https:\/\/fr.idloaded.com\/fi\/wp-json\/wp\/v2\/types\/page"}],"author":[{"embeddable":true,"href":"https:\/\/fr.idloaded.com\/fi\/wp-json\/wp\/v2\/users\/4"}],"replies":[{"embeddable":true,"href":"https:\/\/fr.idloaded.com\/fi\/wp-json\/wp\/v2\/comments?post=75"}],"version-history":[{"count":8,"href":"https:\/\/fr.idloaded.com\/fi\/wp-json\/wp\/v2\/pages\/75\/revisions"}],"predecessor-version":[{"id":508,"href":"https:\/\/fr.idloaded.com\/fi\/wp-json\/wp\/v2\/pages\/75\/revisions\/508"}],"wp:attachment":[{"href":"https:\/\/fr.idloaded.com\/fi\/wp-json\/wp\/v2\/media?parent=75"}],"curies":[{"name":"wp","href":"https:\/\/api.w.org\/{rel}","templated":true}]}}