{"id":76,"date":"2023-12-01T00:53:30","date_gmt":"2023-12-01T03:53:30","guid":{"rendered":"http:\/\/fr.idloaded.com\/?page_id=76"},"modified":"2025-09-05T18:41:45","modified_gmt":"2025-09-05T21:41:45","slug":"vastuuvapauslauseke","status":"publish","type":"page","link":"https:\/\/fr.idloaded.com\/fi\/vastuuvapauslauseke\/","title":{"rendered":"Vastuuvapauslauseke"},"content":{"rendered":"<h2>Vastuuvapauslauseke<\/h2>\n<p>IdLoaded-verkkosivustolla olevat tiedot ovat yleisi\u00e4 tiedotustarkoituksia varten. Vaikka pyrimme tarjoamaan tarkkoja ja ajantasaisia tietoja, emme takaa t\u00e4ll\u00e4 verkkosivustolla esitetyn sis\u00e4ll\u00f6n t\u00e4ydellisyytt\u00e4, luotettavuutta tai tarkkuutta.<\/p>\n<h3>Ammattimainen neuvonta<\/h3>\n<p>IdLoadedin sis\u00e4lt\u00f6 ei korvaa ammattiapua, diagnoosia tai hoitoa. Suosittelemme aina k\u00e4\u00e4ntym\u00e4\u00e4n p\u00e4tev\u00e4n ammattilaisen puoleen kaikissa terveyteen, turvallisuuteen tai teknologiaan ja innovaatioihin liittyviss\u00e4 kysymyksiss\u00e4 tai huolissasi.<\/p>\n<h3>Oletettu riski<\/h3>\n<p>Teknologiaan ja innovaatioihin liittyv\u00e4ss\u00e4 toiminnassa on omat riskins\u00e4. Emme ole vastuussa mist\u00e4\u00e4n vammoista, menetyksist\u00e4 tai vahingoista, jotka voivat aiheutua t\u00e4ll\u00e4 sivustolla annetuista tiedoista tai k\u00e4siteltyjen tuotteiden ja teknologioiden k\u00e4yt\u00f6st\u00e4.<\/p>\n<h3>Ulkoiset linkit<\/h3>\n<p>IdLoaded voi sis\u00e4lt\u00e4\u00e4 linkkej\u00e4 ulkoisille verkkosivustoille tai resursseihin. Emme tue tai takaa n\u00e4ill\u00e4 ulkoisilla sivustoilla annettujen tietojen paikkansapit\u00e4vyytt\u00e4. Suosittelemme sinua olemaan varovaisia ja tutustumaan kaikkien vierailemiesi kolmansien osapuolien verkkosivustojen ehdot ja tietosuojak\u00e4yt\u00e4nn\u00f6t.<\/p>\n<h3>Tekij\u00e4noikeus ja k\u00e4ytt\u00f6<\/h3>\n<p>Kaikki t\u00e4m\u00e4n sivuston sis\u00e4lt\u00f6, mukaan lukien tekstit, kuvat, grafiikat ja muu materiaali, on tekij\u00e4noikeudella suojattua. IdLoaded-sis\u00e4ll\u00f6n j\u00e4ljent\u00e4minen, jakelu tai k\u00e4ytt\u00f6 ilman nimenomaista kirjallista lupaamme on kielletty.<\/p>\n<h3>Muutoksia sis\u00e4lt\u00f6\u00f6n<\/h3>\n<p>Pid\u00e4t\u00e4mme oikeuden muuttaa, p\u00e4ivitt\u00e4\u00e4 tai poistaa mit\u00e4 tahansa t\u00e4m\u00e4n verkkosivuston sis\u00e4lt\u00f6\u00e4 harkintamme mukaan.<\/p>\n<h3>suostumus<\/h3>\n<p>K\u00e4ytt\u00e4m\u00e4ll\u00e4 IdLoaded-verkkosivustoa hyv\u00e4ksyt t\u00e4m\u00e4n ilmoituksen ja sen ehdot.<\/p>\n<h3>Kysymyksi\u00e4<\/h3>\n<p>Jos sinulla on t\u00e4h\u00e4n ilmoitukseen liittyvi\u00e4 kysymyksi\u00e4 tai huolenaiheita, ota meihin yhteytt\u00e4 osoitteessa <a rel=\"noreferrer\">contact@fr.idloaded.com<\/a>.<\/p>\n<p>K\u00e4ytt\u00e4m\u00e4ll\u00e4 t\u00e4t\u00e4 verkkosivustoa vahvistat, ett\u00e4 olet lukenut ja ymm\u00e4rt\u00e4nyt t\u00e4m\u00e4n ilmoituksen. Arvostamme ymm\u00e4rryst\u00e4si ja sitoutumistasi varmistaaksesi turvallisen ja informatiivisen kokemuksen teknologiasta ja innovaatioista.<\/p>","protected":false},"excerpt":{"rendered":"<p>Vastuuvapauslauseke: IdLoaded-verkkosivustolla olevat tiedot ovat vain yleisi\u00e4 tiedoksi. Vaikka pyrimme tarjoamaan tarkkoja ja ajantasaisia tietoja, emme takaa t\u00e4ll\u00e4 verkkosivustolla esitetyn sis\u00e4ll\u00f6n t\u00e4ydellisyytt\u00e4, luotettavuutta tai tarkkuutta. Ammatillinen neuvonta: IdLoaded-sivuston sis\u00e4lt\u00f6 ei korvaa ammatillista neuvontaa, diagnoosia tai hoitoa. Suosittelemme aina konsultoimaan [\u2026]<\/p>","protected":false},"author":4,"featured_media":0,"parent":0,"menu_order":0,"comment_status":"closed","ping_status":"closed","template":"","meta":{"footnotes":""},"class_list":["post-76","page","type-page","status-publish","hentry"],"_links":{"self":[{"href":"https:\/\/fr.idloaded.com\/fi\/wp-json\/wp\/v2\/pages\/76","targetHints":{"allow":["GET"]}}],"collection":[{"href":"https:\/\/fr.idloaded.com\/fi\/wp-json\/wp\/v2\/pages"}],"about":[{"href":"https:\/\/fr.idloaded.com\/fi\/wp-json\/wp\/v2\/types\/page"}],"author":[{"embeddable":true,"href":"https:\/\/fr.idloaded.com\/fi\/wp-json\/wp\/v2\/users\/4"}],"replies":[{"embeddable":true,"href":"https:\/\/fr.idloaded.com\/fi\/wp-json\/wp\/v2\/comments?post=76"}],"version-history":[{"count":6,"href":"https:\/\/fr.idloaded.com\/fi\/wp-json\/wp\/v2\/pages\/76\/revisions"}],"predecessor-version":[{"id":507,"href":"https:\/\/fr.idloaded.com\/fi\/wp-json\/wp\/v2\/pages\/76\/revisions\/507"}],"wp:attachment":[{"href":"https:\/\/fr.idloaded.com\/fi\/wp-json\/wp\/v2\/media?parent=76"}],"curies":[{"name":"wp","href":"https:\/\/api.w.org\/{rel}","templated":true}]}}