{"id":69,"date":"2023-12-01T00:51:50","date_gmt":"2023-12-01T03:51:50","guid":{"rendered":"http:\/\/fr.idloaded.com\/?page_id=69"},"modified":"2025-09-05T18:40:29","modified_gmt":"2025-09-05T21:40:29","slug":"contactez-nous","status":"publish","type":"page","link":"https:\/\/fr.idloaded.com\/fr\/contactez-nous\/","title":{"rendered":"Contact"},"content":{"rendered":"<h2>Contactez-nous<\/h2>\n<p>Merci de votre int\u00e9r\u00eat pour IdLoaded. Nous appr\u00e9cions vos opinions et vos questions. Voici les moyens de nous contacter :<\/p>\n<h3>E-mail<\/h3>\n<p>Pour des questions g\u00e9n\u00e9rales, des suggestions ou des commentaires, veuillez envoyer un courriel <a rel=\"noreferrer\">contact@fr.idloaded.com<\/a>. Notre \u00e9quipe s\u2019efforcera de r\u00e9pondre \u00e0 vos questions dans les plus brefs d\u00e9lais.<\/p>\n<h3>Formulaire de contact<\/h3>\n<p>Si vous avez des questions sp\u00e9cifiques ou souhaitez soumettre un article li\u00e9 \u00e0 la technologie, veuillez envoyer un e-mail <a rel=\"noreferrer\">contact@fr.idloaded.com<\/a>. Nous appr\u00e9cions les contributions des amateurs d\u2019informations g\u00e9n\u00e9rales et des passionn\u00e9s de technologie.<\/p>\n<h3>Adresse postale<\/h3>\n<p>Si vous pr\u00e9f\u00e9rez le courrier traditionnel, vous pouvez nous retrouver \u00e0 l&#039;adresse suivante :<\/p>\n<p><strong>IdCharg\u00e9<\/strong><\/p>\n<p>837, voie Pawprint<\/p>\n<p>Dogville, Texas 75001<\/p>\n<p>USA<\/p>\n<h3>Bulletin<\/h3>\n<p>Pour rester inform\u00e9 des derniers articles, des tendances technologiques et des actualit\u00e9s de la communaut\u00e9 IdLoaded, inscrivez-vous \u00e0 notre newsletter. Entrez simplement votre e-mail dans la case d&#039;inscription au bas de notre page d&#039;accueil.<\/p>\n<h3>Retour<\/h3>\n<p>Nous cherchons toujours \u00e0 am\u00e9liorer notre contenu et notre exp\u00e9rience utilisateur. Si vous avez des suggestions ou des commentaires sur la fa\u00e7on dont nous pouvons am\u00e9liorer votre exp\u00e9rience IdLoaded, veuillez les partager avec nous par e-mail.<\/p>\n<p>Nous appr\u00e9cions votre int\u00e9r\u00eat et sommes impatients de vous entendre. IdLoaded est l\u00e0 pour connecter le monde de l&#039;information aux derni\u00e8res technologies, et votre contribution est essentielle pour nous aider \u00e0 atteindre cette mission.<\/p>\n<p>Merci de faire partie de notre communaut\u00e9 d&#039;information g\u00e9n\u00e9rale\u00a0!<\/p>","protected":false},"excerpt":{"rendered":"<p>Entre em Contato Conosco Obrigado pelo seu interesse no IdLoaded. Valorizamos suas opini\u00f5es e perguntas. Aqui est\u00e3o as formas de nos contatar: Email Para perguntas gerais, sugest\u00f5es ou coment\u00e1rios, envie um e-mail para contact@fr.idloaded.com. Nossa equipe se esfor\u00e7ar\u00e1 para responder \u00e0s suas perguntas o mais r\u00e1pido poss\u00edvel. Formul\u00e1rio de Contato Se voc\u00ea tiver perguntas espec\u00edficas [&hellip;]<\/p>","protected":false},"author":4,"featured_media":0,"parent":0,"menu_order":0,"comment_status":"closed","ping_status":"closed","template":"","meta":{"footnotes":""},"class_list":["post-69","page","type-page","status-publish","hentry"],"_links":{"self":[{"href":"https:\/\/fr.idloaded.com\/fr\/wp-json\/wp\/v2\/pages\/69","targetHints":{"allow":["GET"]}}],"collection":[{"href":"https:\/\/fr.idloaded.com\/fr\/wp-json\/wp\/v2\/pages"}],"about":[{"href":"https:\/\/fr.idloaded.com\/fr\/wp-json\/wp\/v2\/types\/page"}],"author":[{"embeddable":true,"href":"https:\/\/fr.idloaded.com\/fr\/wp-json\/wp\/v2\/users\/4"}],"replies":[{"embeddable":true,"href":"https:\/\/fr.idloaded.com\/fr\/wp-json\/wp\/v2\/comments?post=69"}],"version-history":[{"count":6,"href":"https:\/\/fr.idloaded.com\/fr\/wp-json\/wp\/v2\/pages\/69\/revisions"}],"predecessor-version":[{"id":506,"href":"https:\/\/fr.idloaded.com\/fr\/wp-json\/wp\/v2\/pages\/69\/revisions\/506"}],"wp:attachment":[{"href":"https:\/\/fr.idloaded.com\/fr\/wp-json\/wp\/v2\/media?parent=69"}],"curies":[{"name":"wp","href":"https:\/\/api.w.org\/{rel}","templated":true}]}}