{"id":73,"date":"2023-12-01T00:53:30","date_gmt":"2023-12-01T03:53:30","guid":{"rendered":"http:\/\/fr.idloaded.com\/?page_id=73"},"modified":"2025-09-05T18:41:57","modified_gmt":"2025-09-05T21:41:57","slug":"politique-de-confidentialite","status":"publish","type":"page","link":"https:\/\/fr.idloaded.com\/fr\/politique-de-confidentialite\/","title":{"rendered":"politique de confidentialit\u00e9"},"content":{"rendered":"<h2>R\u00e8gles de confidentialit\u00e9 pour IdLoaded<\/h2>\n<p>Dans IdLoaded, qui peut \u00eatre trouv\u00e9 \u00e0 <a href=\"http:\/\/fr.idloaded.com\/fr\/\" target=\"_new\" rel=\"noreferrer noopener\">http:\/\/fr.idloaded.com\/<\/a>, nous accordons la priorit\u00e9 \u00e0 la confidentialit\u00e9 de nos visiteurs. Ce document d\u00e9crit les types d&#039;informations que nous collectons et enregistrons chez IdLoaded et comment nous les utilisons.<\/p>\n<p>Si vous avez d\u2019autres questions ou souhaitez plus de d\u00e9tails sur nos directives de confidentialit\u00e9, n\u2019h\u00e9sitez pas \u00e0 nous contacter.<\/p>\n<p>Ces directives de confidentialit\u00e9 s&#039;appliquent uniquement \u00e0 nos activit\u00e9s en ligne et concernent les visiteurs de notre site Web concernant les informations qu&#039;ils ont partag\u00e9es et\/ou collect\u00e9es dans IdLoaded. Ces directives ne s\u2019appliquent pas aux informations collect\u00e9es hors ligne ou via des canaux autres que ce site Web.<\/p>\n<h3>Accord<\/h3>\n<p>En acc\u00e9dant \u00e0 notre site Web, vous acceptez nos directives de confidentialit\u00e9 et consentez \u00e0 leurs conditions.<\/p>\n<h3>Donn\u00e9es que nous collectons<\/h3>\n<p>Nous expliquerons clairement pourquoi nous avons besoin des informations personnelles que nous demandons au moment o\u00f9 nous les demandons.<\/p>\n<p>Si vous nous contactez directement, nous pouvons recevoir des informations suppl\u00e9mentaires vous concernant, telles que votre nom, votre adresse e-mail, votre num\u00e9ro de t\u00e9l\u00e9phone, le contenu de tout message et\/ou des pi\u00e8ces jointes que vous pouvez nous envoyer, ainsi que toute autre information que vous pouvez choisir de fournir.<\/p>\n<p>Lorsque vous cr\u00e9ez un compte, nous pouvons vous demander vos coordonn\u00e9es, notamment des \u00e9l\u00e9ments tels que votre nom, le nom de votre entreprise, votre adresse, votre adresse e-mail et votre num\u00e9ro de t\u00e9l\u00e9phone.<\/p>\n<h3>Comment nous utilisons vos donn\u00e9es<\/h3>\n<p>Nous utilisons les donn\u00e9es que nous collectons de diverses mani\u00e8res, notamment pour\u00a0:<\/p>\n<ul>\n<li>Fournir, exploiter et maintenir notre site Web<\/li>\n<li>Am\u00e9liorer, personnaliser et d\u00e9velopper notre site Web<\/li>\n<li>Comprendre et analyser la fa\u00e7on dont vous utilisez notre site Web<\/li>\n<li>Cr\u00e9er de nouveaux produits, services, caract\u00e9ristiques et fonctionnalit\u00e9s<\/li>\n<li>Communiquer avec vous, directement ou par l&#039;interm\u00e9diaire de l&#039;un de nos partenaires, pour le service client, pour fournir des mises \u00e0 jour et d&#039;autres informations relatives au Site, et \u00e0 des fins de marketing et de promotion<\/li>\n<li>Envoyer des e-mails<\/li>\n<li>D\u00e9tecter et pr\u00e9venir la fraude<\/li>\n<\/ul>\n<h3>Fichiers journaux<\/h3>\n<p>IdLoaded suit une proc\u00e9dure standard d&#039;utilisation des fichiers journaux. Ces fichiers enregistrent les visiteurs lorsqu&#039;ils visitent des sites Web. Toutes les soci\u00e9t\u00e9s d\u2019h\u00e9bergement le font dans le cadre de leurs services d\u2019analyse d\u2019h\u00e9bergement. Les informations collect\u00e9es par les fichiers journaux incluent les adresses de protocole Internet (IP), le type de navigateur, le fournisseur d&#039;acc\u00e8s Internet (FAI), la date et l&#039;heure, les pages de renvoi\/sortie et \u00e9ventuellement le nombre de clics. Ces informations ne sont li\u00e9es \u00e0 aucune information permettant de vous identifier personnellement. Le but des informations est d&#039;analyser les tendances, d&#039;administrer le site, de suivre les mouvements des utilisateurs sur le site Web et de recueillir des informations d\u00e9mographiques.<\/p>\n<h3>Cookies et signaux Web<\/h3>\n<p>Comme tout autre site Web, IdLoaded utilise des \u00ab cookies \u00bb. Ces cookies sont utilis\u00e9s pour stocker des informations, notamment les pr\u00e9f\u00e9rences des visiteurs et les pages du site Web auxquelles le visiteur a acc\u00e9d\u00e9 ou qu&#039;il a visit\u00e9es. Les informations sont utilis\u00e9es pour optimiser l&#039;exp\u00e9rience des utilisateurs en personnalisant le contenu de notre page Web en fonction du type de navigateur des visiteurs et\/ou d&#039;autres informations.<\/p>\n<h3>Cookie DART de Google DoubleClick<\/h3>\n<p>Google est l&#039;un des fournisseurs tiers sur notre site. Il utilise \u00e9galement des cookies, appel\u00e9s cookies DART, pour diffuser des publicit\u00e9s aux visiteurs de notre site en fonction de leur visite sur le site. <a href=\"http:\/\/www.website.com\" target=\"_new\" rel=\"noreferrer noopener\">www.siteweb.com<\/a> et d&#039;autres sites sur Internet. Toutefois, les visiteurs peuvent choisir de refuser l&#039;utilisation des cookies DART en visitant la politique de confidentialit\u00e9 du r\u00e9seau de contenu et d&#039;annonces Google \u00e0 l&#039;URL suivante - <a href=\"https:\/\/policies.google.com\/technologies\/ads\" target=\"_new\" rel=\"noreferrer noopener\">https:\/\/policies.google.com\/technologies\/ads<\/a>.<\/p>\n<h3>R\u00e8gles de confidentialit\u00e9 des partenaires publicitaires d&#039;IdLoaded<\/h3>\n<p>Vous pouvez consulter cette liste pour trouver les directives de confidentialit\u00e9 de chacun des partenaires publicitaires d&#039;IdLoaded.<\/p>\n<p>Les serveurs publicitaires tiers ou les r\u00e9seaux publicitaires utilisent des technologies telles que les cookies, JavaScript ou les balises Web dans leurs publicit\u00e9s et liens respectifs qui apparaissent sur IdLoaded, qui sont envoy\u00e9s directement au navigateur des utilisateurs. Ils re\u00e7oivent automatiquement votre adresse IP lorsque cela se produit. Ces technologies sont utilis\u00e9es pour mesurer l\u2019efficacit\u00e9 de leurs campagnes publicitaires et\/ou pour personnaliser le contenu publicitaire que vous voyez sur les sites Web que vous visitez.<\/p>\n<p>Notez qu&#039;IdLoaded n&#039;a aucun acc\u00e8s ni contr\u00f4le sur ces cookies qui sont utilis\u00e9s par des annonceurs tiers.<\/p>\n<h3>Directives de confidentialit\u00e9 des tiers<\/h3>\n<p>La politique de confidentialit\u00e9 d&#039;IdLoaded ne s&#039;applique pas aux autres annonceurs ou sites Web. Nous vous conseillons donc de consulter les politiques de confidentialit\u00e9 respectives de ces serveurs publicitaires tiers pour des informations plus d\u00e9taill\u00e9es. Cela peut inclure leurs pratiques et instructions sur la fa\u00e7on de refuser certaines options.<\/p>\n<p>Vous avez la possibilit\u00e9 de d\u00e9sactiver les cookies via les options de votre navigateur individuel. Pour des informations plus d\u00e9taill\u00e9es sur la gestion des cookies avec des navigateurs Web sp\u00e9cifiques, veuillez consulter les sites Web respectifs des navigateurs.<\/p>\n<h3>Droits \u00e0 la confidentialit\u00e9 CCPA (Ne pas vendre mes informations personnelles)<\/h3>\n<p>En vertu du CCPA, les consommateurs californiens ont le droit de :<\/p>\n<ul>\n<li>Demander \u00e0 une entreprise qui collecte les donn\u00e9es personnelles d\u2019un consommateur de divulguer les cat\u00e9gories et les \u00e9l\u00e9ments sp\u00e9cifiques de donn\u00e9es personnelles qu\u2019une entreprise a collect\u00e9es sur les consommateurs.<\/li>\n<li>Demander \u00e0 une entreprise de supprimer toutes les donn\u00e9es personnelles sur le consommateur qu\u2019elle a collect\u00e9es.<\/li>\n<li>Demandez \u00e0 une entreprise qui vend les donn\u00e9es personnelles d\u2019un consommateur de ne pas vendre les donn\u00e9es personnelles du consommateur.<\/li>\n<\/ul>\n<p>Si vous faites une demande, nous avons un mois pour vous r\u00e9pondre. Si vous souhaitez exercer l&#039;un de ces droits, veuillez nous contacter.<\/p>\n<h3>Droits relatifs \u00e0 la protection des donn\u00e9es du RGPD<\/h3>\n<p>Nous voulons nous assurer que vous \u00eates pleinement conscient de tous vos droits en mati\u00e8re de protection des donn\u00e9es. Chaque utilisateur a droit \u00e0 ce qui suit :<\/p>\n<ul>\n<li>Le droit d\u2019acc\u00e8s \u2013 Vous avez le droit de demander des copies de vos donn\u00e9es personnelles. Nous pouvons facturer des frais minimes pour ce service.<\/li>\n<li>Le droit de rectification \u2013 Vous avez le droit de nous demander de corriger toute information que vous estimez inexacte. Vous avez \u00e9galement le droit de demander que nous compl\u00e9tions les informations que vous estimez incompl\u00e8tes.<\/li>\n<li>Le droit \u00e0 l\u2019effacement \u2013 Vous avez le droit de demander que nous effacions vos donn\u00e9es personnelles, sous certaines conditions.<\/li>\n<li>Le droit de restreindre le traitement \u2013 Vous avez le droit de demander que nous restreignions le traitement de vos donn\u00e9es personnelles, sous certaines conditions.<\/li>\n<li>Le droit de s\u2019opposer au traitement \u2013 Vous avez le droit de vous opposer au traitement de vos donn\u00e9es personnelles, sous certaines conditions.<\/li>\n<li>Le droit \u00e0 la portabilit\u00e9 des donn\u00e9es \u2013 Vous avez le droit de demander que nous transf\u00e9rions les donn\u00e9es que nous avons collect\u00e9es \u00e0 une autre organisation, ou directement \u00e0 vous, sous certaines conditions.<\/li>\n<\/ul>\n<p>Si vous faites une demande, nous avons un mois pour vous r\u00e9pondre. Si vous souhaitez exercer l&#039;un de ces droits, veuillez nous contacter.<\/p>\n<h3>Informations sur les mineurs<\/h3>\n<p>L\u2019une de nos plus grandes priorit\u00e9s est de renforcer la protection des enfants lorsqu\u2019ils utilisent Internet. Nous encourageons les parents et les tuteurs \u00e0 observer, participer et\/ou surveiller et guider leurs activit\u00e9s en ligne.<\/p>\n<p>IdLoaded ne collecte pas sciemment d&#039;informations personnelles identifiables aupr\u00e8s d&#039;enfants de moins de 13 ans. Si vous pensez que votre enfant a fourni ce type d&#039;informations sur notre site Web, nous vous encourageons vivement \u00e0 nous contacter imm\u00e9diatement et nous ferons de notre mieux pour supprimer rapidement ces informations de nos dossiers.<\/p>\n<h3>Mises \u00e0 jour de nos directives de confidentialit\u00e9<\/h3>\n<p>Nos directives de confidentialit\u00e9 peuvent \u00eatre sujettes \u00e0 changement au fil du temps. Nous vous recommandons donc de visiter r\u00e9guli\u00e8rement cette page pour rester inform\u00e9 de tout changement. Nous vous informerons de toute mise \u00e0 jour en publiant les directives de confidentialit\u00e9 r\u00e9vis\u00e9es sur cette page. Ces mises \u00e0 jour entreront en vigueur imm\u00e9diatement apr\u00e8s leur publication sur cette page.<\/p>\n<p>La cr\u00e9ation de nos lignes directrices en mati\u00e8re de confidentialit\u00e9 a \u00e9t\u00e9 assist\u00e9e par le g\u00e9n\u00e9rateur de politique de confidentialit\u00e9.<\/p>\n<h3>Contactez-nous<\/h3>\n<p>Si vous avez des questions ou des suggestions concernant nos directives de confidentialit\u00e9, n&#039;h\u00e9sitez pas \u00e0 nous contacter \u00e0 IdLoaded. Vous pouvez nous trouver sur notre site Web \u00e0 l&#039;adresse <a href=\"http:\/\/fr.idloaded.com\/fr\/\" target=\"_new\" rel=\"noreferrer noopener\">http:\/\/fr.idloaded.com\/<\/a>. Pour plus de d\u00e9tails, vous pouvez \u00e9galement consulter notre page de m\u00e9dias sociaux sur IdLoaded.<\/p>","protected":false},"excerpt":{"rendered":"<p>Diretrizes de Privacidade para IdLoaded No IdLoaded, que pode ser encontrado em http:\/\/fr.idloaded.com\/, priorizamos a privacidade dos nossos visitantes. Este documento descreve os tipos de informa\u00e7\u00f5es que coletamos e registramos no IdLoaded e como as utilizamos. Caso tenha mais perguntas ou precise de mais detalhes sobre nossas Diretrizes de Privacidade, sinta-se \u00e0 vontade para nos [&hellip;]<\/p>","protected":false},"author":4,"featured_media":0,"parent":0,"menu_order":0,"comment_status":"closed","ping_status":"closed","template":"","meta":{"footnotes":""},"class_list":["post-73","page","type-page","status-publish","hentry"],"_links":{"self":[{"href":"https:\/\/fr.idloaded.com\/fr\/wp-json\/wp\/v2\/pages\/73","targetHints":{"allow":["GET"]}}],"collection":[{"href":"https:\/\/fr.idloaded.com\/fr\/wp-json\/wp\/v2\/pages"}],"about":[{"href":"https:\/\/fr.idloaded.com\/fr\/wp-json\/wp\/v2\/types\/page"}],"author":[{"embeddable":true,"href":"https:\/\/fr.idloaded.com\/fr\/wp-json\/wp\/v2\/users\/4"}],"replies":[{"embeddable":true,"href":"https:\/\/fr.idloaded.com\/fr\/wp-json\/wp\/v2\/comments?post=73"}],"version-history":[{"count":6,"href":"https:\/\/fr.idloaded.com\/fr\/wp-json\/wp\/v2\/pages\/73\/revisions"}],"predecessor-version":[{"id":503,"href":"https:\/\/fr.idloaded.com\/fr\/wp-json\/wp\/v2\/pages\/73\/revisions\/503"}],"wp:attachment":[{"href":"https:\/\/fr.idloaded.com\/fr\/wp-json\/wp\/v2\/media?parent=73"}],"curies":[{"name":"wp","href":"https:\/\/api.w.org\/{rel}","templated":true}]}}