{"id":75,"date":"2023-12-01T00:53:30","date_gmt":"2023-12-01T03:53:30","guid":{"rendered":"http:\/\/fr.idloaded.com\/?page_id=75"},"modified":"2025-09-05T18:42:11","modified_gmt":"2025-09-05T21:42:11","slug":"a-propos-de-nous","status":"publish","type":"page","link":"https:\/\/fr.idloaded.com\/fr\/a-propos-de-nous\/","title":{"rendered":"\u00c0 propos"},"content":{"rendered":"<h2>\u00c0 propos d&#039;IdLoaded<\/h2>\n<p>Chez IdLoaded, nous sommes anim\u00e9s par notre passion d&#039;int\u00e9grer le monde de la technologie avec les informations les plus r\u00e9centes et les plus pertinentes. Notre objectif est d&#039;\u00eatre le point de r\u00e9f\u00e9rence pour les passionn\u00e9s de technologie, les professionnels du domaine et tous ceux qui s&#039;int\u00e9ressent aux derni\u00e8res innovations.<\/p>\n<h3>Notre objectif<\/h3>\n<p>Notre objectif principal est de cr\u00e9er un espace o\u00f9 les passionn\u00e9s de technologie peuvent trouver une grande vari\u00e9t\u00e9 d&#039;informations sur les innovations technologiques, les m\u00e9thodes de mise en \u0153uvre et les derni\u00e8res tendances. Nous nous effor\u00e7ons de relier la tradition \u00e0 l\u2019innovation, en aidant les professionnels \u00e0 adopter les derni\u00e8res avanc\u00e9es tout en pr\u00e9servant leurs pratiques traditionnelles.<\/p>\n<h3>Nos services<\/h3>\n<p><strong>Articles d&#039;information :<\/strong> Nous proposons une large gamme d&#039;articles traitant de sujets allant de la gestion intelligente des donn\u00e9es aux derni\u00e8res nouveaut\u00e9s en mati\u00e8re de wearables et d&#039;appareils intelligents.<\/p>\n<p><strong>Interaction communautaire :<\/strong> Nous invitons les amateurs de technologie \u00e0 participer et \u00e0 partager leurs connaissances, favorisant ainsi une communaut\u00e9 dynamique et diversifi\u00e9e.<\/p>\n<p><strong>Points forts de l&#039;innovation :<\/strong> D\u00e9couvrez les derni\u00e8res technologies, gadgets et gadgets qui fa\u00e7onnent l&#039;avenir.<\/p>\n<p><strong>Avis sur les produits :<\/strong> Prenez des d\u00e9cisions \u00e9clair\u00e9es gr\u00e2ce \u00e0 nos avis et suggestions de produits impartiaux.<\/p>\n<p><strong>Ressources d&#039;apprentissage :<\/strong> Acqu\u00e9rez des connaissances aupr\u00e8s de professionnels et d&#039;experts exp\u00e9riment\u00e9s gr\u00e2ce \u00e0 nos guides et tutoriels p\u00e9dagogiques.<\/p>\n<p><strong>Notre d\u00e9vouement :<\/strong> Nous nous engageons \u00e0 fournir des informations pr\u00e9cises et fiables. Notre \u00e9quipe s\u2019engage \u00e0 suivre l\u2019\u00e9volution rapide du monde de la technologie et \u00e0 partager nos id\u00e9es avec vous.<\/p>\n<h3>Appr\u00e9ciation<\/h3>\n<p>Nous remercions sinc\u00e8rement nos lecteurs et contributeurs. Votre soutien permet \u00e0 IdLoaded de prosp\u00e9rer. Rejoignez-nous pour d\u00e9couvrir la combinaison fascinante de tradition et d\u2019innovation technologique. Ensemble, nous pouvons avancer vers l\u2019avenir tout en maintenant notre engagement envers la qualit\u00e9 et l\u2019exactitude de l\u2019information.<\/p>\n<p>Merci de faire partie de la communaut\u00e9 IdLoaded ! Vous pouvez nous contacter via notre site Web \u00e0 l&#039;adresse <a href=\"http:\/\/fr.idloaded.com\/fr\/\" target=\"_new\" rel=\"noreferrer noopener\">http:\/\/fr.idloaded.com\/<\/a>. Pour plus de d\u00e9tails, vous pouvez \u00e9galement visiter notre page de m\u00e9dias sociaux sur IdLoaded.<\/p>","protected":false},"excerpt":{"rendered":"<p>Sobre o IdLoaded No IdLoaded, somos movidos pela nossa paix\u00e3o por integrar o mundo da tecnologia com as informa\u00e7\u00f5es mais recentes e relevantes. Nosso objetivo \u00e9 ser o ponto de refer\u00eancia para entusiastas de tecnologia, profissionais da \u00e1rea e todos aqueles interessados nas \u00faltimas inova\u00e7\u00f5es. Nosso Objetivo Nosso principal objetivo \u00e9 criar um espa\u00e7o onde [&hellip;]<\/p>","protected":false},"author":4,"featured_media":0,"parent":0,"menu_order":0,"comment_status":"closed","ping_status":"closed","template":"","meta":{"footnotes":""},"class_list":["post-75","page","type-page","status-publish","hentry"],"_links":{"self":[{"href":"https:\/\/fr.idloaded.com\/fr\/wp-json\/wp\/v2\/pages\/75","targetHints":{"allow":["GET"]}}],"collection":[{"href":"https:\/\/fr.idloaded.com\/fr\/wp-json\/wp\/v2\/pages"}],"about":[{"href":"https:\/\/fr.idloaded.com\/fr\/wp-json\/wp\/v2\/types\/page"}],"author":[{"embeddable":true,"href":"https:\/\/fr.idloaded.com\/fr\/wp-json\/wp\/v2\/users\/4"}],"replies":[{"embeddable":true,"href":"https:\/\/fr.idloaded.com\/fr\/wp-json\/wp\/v2\/comments?post=75"}],"version-history":[{"count":8,"href":"https:\/\/fr.idloaded.com\/fr\/wp-json\/wp\/v2\/pages\/75\/revisions"}],"predecessor-version":[{"id":508,"href":"https:\/\/fr.idloaded.com\/fr\/wp-json\/wp\/v2\/pages\/75\/revisions\/508"}],"wp:attachment":[{"href":"https:\/\/fr.idloaded.com\/fr\/wp-json\/wp\/v2\/media?parent=75"}],"curies":[{"name":"wp","href":"https:\/\/api.w.org\/{rel}","templated":true}]}}