{"id":73,"date":"2023-12-01T00:53:30","date_gmt":"2023-12-01T03:53:30","guid":{"rendered":"http:\/\/fr.idloaded.com\/?page_id=73"},"modified":"2025-09-05T18:41:57","modified_gmt":"2025-09-05T21:41:57","slug":"politica-sulla-riservatezza","status":"publish","type":"page","link":"https:\/\/fr.idloaded.com\/it\/politica-sulla-riservatezza\/","title":{"rendered":"politica sulla riservatezza"},"content":{"rendered":"<h2>Linee guida sulla privacy per IdLoaded<\/h2>\n<p>In IdLoaded, che pu\u00f2 essere trovato su <a href=\"http:\/\/fr.idloaded.com\/it\/\" target=\"_new\" rel=\"noreferrer noopener\">http:\/\/fr.idloaded.com\/<\/a>, diamo priorit\u00e0 alla privacy dei nostri visitatori. Questo documento descrive i tipi di informazioni che raccogliamo e registriamo su IdLoaded e come le utilizziamo.<\/p>\n<p>Se hai ulteriori domande o desideri maggiori dettagli sulle nostre Linee guida sulla privacy, non esitare a contattarci.<\/p>\n<p>Le presenti Linee guida sulla privacy si applicano esclusivamente alle nostre attivit\u00e0 online e sono rilevanti per i visitatori del nostro sito web in relazione alle informazioni che condividono e\/o raccolgono in IdLoaded. Queste linee guida non si applicano ad alcuna informazione raccolta offline o attraverso canali diversi da questo sito web.<\/p>\n<h3>Accordo<\/h3>\n<p>Accedendo al nostro sito Web, accetti le nostre Linee guida sulla privacy e acconsenti ai suoi termini.<\/p>\n<h3>Dati che raccogliamo<\/h3>\n<p>Spiegheremo chiaramente perch\u00e9 abbiamo bisogno delle informazioni personali che richiediamo nel momento in cui le richiediamo.<\/p>\n<p>Se ci contatti direttamente, potremmo ricevere ulteriori informazioni su di te come nome, indirizzo email, numero di telefono, contenuto di eventuali messaggi e\/o allegati che potresti inviarci e qualsiasi altra informazione che potresti scegliere di fornire.<\/p>\n<p>Quando crei un Account, potremmo chiederti le informazioni di contatto, inclusi elementi come nome, nome dell&#039;azienda, indirizzo, indirizzo email e numero di telefono.<\/p>\n<h3>Come utilizziamo i tuoi dati<\/h3>\n<p>Utilizziamo i dati che raccogliamo in vari modi, tra cui:<\/p>\n<ul>\n<li>Fornire, gestire e mantenere il nostro sito web<\/li>\n<li>Migliorare, personalizzare ed espandere il nostro sito web<\/li>\n<li>Comprendere e analizzare come utilizzi il nostro sito web<\/li>\n<li>Creare nuovi prodotti, servizi, caratteristiche e funzionalit\u00e0<\/li>\n<li>Comunicare con te, direttamente o tramite uno dei nostri partner, per il servizio clienti, per fornire aggiornamenti e altre informazioni relative al sito e per scopi di marketing e promozionali<\/li>\n<li>Invia e-mail<\/li>\n<li>Rilevare e prevenire le frodi<\/li>\n<\/ul>\n<h3>File di registro<\/h3>\n<p>IdLoaded segue una procedura standard di utilizzo dei file di registro. Questi file registrano i visitatori quando visitano i siti web. Tutte le societ\u00e0 di hosting lo fanno come parte dei loro servizi di analisi dell&#039;hosting. Le informazioni raccolte dai file di registro includono indirizzi IP (protocollo Internet), tipo di browser, provider di servizi Internet (ISP), data e ora, pagine di riferimento\/uscita ed eventualmente il numero di clic. Queste informazioni non sono collegate ad alcuna informazione che sia personalmente identificabile. Lo scopo delle informazioni \u00e8 analizzare le tendenze, amministrare il sito, monitorare il movimento degli utenti sul sito Web e raccogliere informazioni demografiche.<\/p>\n<h3>Cookie e segnali web<\/h3>\n<p>Come qualsiasi altro sito web, IdLoaded utilizza i \u201ccookie\u201d. Questi cookie vengono utilizzati per memorizzare informazioni, comprese le preferenze dei visitatori e le pagine del sito Web a cui il visitatore ha avuto accesso o ha visitato. Le informazioni vengono utilizzate per ottimizzare l&#039;esperienza degli utenti personalizzando il contenuto della nostra pagina Web in base al tipo di browser dei visitatori e\/o ad altre informazioni.<\/p>\n<h3>Biscotto DART di Google DoubleClick<\/h3>\n<p>Google \u00e8 uno dei fornitori di terze parti sul nostro sito. Utilizza inoltre i cookie, noti come cookie DART, per pubblicare annunci pubblicitari per i visitatori del nostro sito Web in base alla loro visita al sito <a href=\"http:\/\/www.website.com\" target=\"_new\" rel=\"noreferrer noopener\">www.sitoweb.com<\/a> e altri siti su Internet. Tuttavia, i visitatori possono scegliere di rifiutare l&#039;uso dei cookie DART visitando l&#039;Informativa sulla privacy della rete di annunci e contenuti di Google al seguente URL: <a href=\"https:\/\/policies.google.com\/technologies\/ads\" target=\"_new\" rel=\"noreferrer noopener\">https:\/\/policies.google.com\/technologies\/ads<\/a>.<\/p>\n<h3>Linee guida sulla privacy per i partner pubblicitari IdLoaded<\/h3>\n<p>Puoi consultare questo elenco per trovare le Linee guida sulla privacy per ciascuno dei partner pubblicitari di IdLoaded.<\/p>\n<p>Gli ad server o le reti pubblicitarie di terze parti utilizzano tecnologie come cookie, JavaScript o Web Beacon nei rispettivi annunci pubblicitari e collegamenti visualizzati su IdLoaded, che vengono inviati direttamente al browser degli utenti. Ricevono automaticamente il tuo indirizzo IP quando ci\u00f2 accade. Queste tecnologie vengono utilizzate per misurare l&#039;efficacia delle loro campagne pubblicitarie e\/o per personalizzare il contenuto pubblicitario che vedi sui siti web che visiti.<\/p>\n<p>Tieni presente che IdLoaded non ha accesso o controllo su questi cookie utilizzati da inserzionisti di terze parti.<\/p>\n<h3>Linee guida sulla privacy di terze parti<\/h3>\n<p>La politica sulla privacy di IdLoaded non si applica ad altri inserzionisti o siti web. Pertanto, ti consigliamo di consultare le rispettive Politiche sulla privacy di questi ad server di terze parti per informazioni pi\u00f9 dettagliate. Potrebbe includere le sue pratiche e istruzioni su come rinunciare a determinate opzioni.<\/p>\n<p>Hai la possibilit\u00e0 di disabilitare i cookie attraverso le opzioni del tuo browser individuale. Per conoscere informazioni pi\u00f9 dettagliate sulla gestione dei cookie con specifici browser web \u00e8 possibile reperirle sui rispettivi siti web dei browser.<\/p>\n<h3>Diritti sulla privacy CCPA (Non vendere le mie informazioni personali)<\/h3>\n<p>Secondo il CCPA, i consumatori della California hanno il diritto di:<\/p>\n<ul>\n<li>Richiedere che un&#039;azienda che raccoglie i dati personali di un consumatore divulghi le categorie e i dati personali specifici che un&#039;azienda ha raccolto sui consumatori.<\/li>\n<li>Richiedere a un&#039;azienda di eliminare tutti i dati personali del consumatore raccolti da un&#039;azienda.<\/li>\n<li>Richiedere che un&#039;azienda che vende i dati personali di un consumatore non venda i dati personali del consumatore.<\/li>\n<\/ul>\n<p>Se fai una richiesta, abbiamo un mese per risponderti. Se desideri esercitare uno di questi diritti, ti preghiamo di contattarci.<\/p>\n<h3>Diritti sulla protezione dei dati GDPR<\/h3>\n<p>Vogliamo assicurarci che tu sia pienamente consapevole di tutti i tuoi diritti in materia di protezione dei dati. Ogni utente ha diritto a quanto segue:<\/p>\n<ul>\n<li>Il diritto di accesso \u2013 Hai il diritto di richiedere copie dei tuoi dati personali. Potremmo addebitare una piccola tariffa per questo servizio.<\/li>\n<li>Il diritto alla rettifica \u2013 Hai il diritto di richiederci di correggere qualsiasi informazione che ritieni errata. Hai anche il diritto di richiederci di completare le informazioni che ritieni siano incomplete.<\/li>\n<li>Il diritto alla cancellazione \u2013 Hai il diritto di richiedere la cancellazione dei tuoi dati personali, a determinate condizioni.<\/li>\n<li>Il diritto di limitare il trattamento \u2013 Hai il diritto di richiederci di limitare il trattamento dei tuoi dati personali, a determinate condizioni.<\/li>\n<li>Il diritto di opporsi al trattamento \u2013 Hai il diritto di opporti al trattamento dei tuoi dati personali, a determinate condizioni.<\/li>\n<li>Il diritto alla portabilit\u00e0 dei dati \u2013 Hai il diritto di richiederci di trasferire i dati che raccogliamo a un\u2019altra organizzazione, o direttamente a te, a determinate condizioni.<\/li>\n<\/ul>\n<p>Se fai una richiesta, abbiamo un mese per risponderti. Se desideri esercitare uno di questi diritti, ti preghiamo di contattarci.<\/p>\n<h3>Informazioni sui minori<\/h3>\n<p>Una delle nostre maggiori priorit\u00e0 \u00e8 aggiungere protezione ai bambini mentre utilizzano Internet. Incoraggiamo genitori e tutori a osservare, partecipare e\/o monitorare e guidare le loro attivit\u00e0 online.<\/p>\n<p>IdLoaded non raccoglie consapevolmente alcuna informazione personale identificabile da bambini di et\u00e0 inferiore a 13 anni. Se ritieni che tuo figlio abbia fornito questo tipo di informazioni sul nostro sito Web, ti invitiamo vivamente a contattarci immediatamente e faremo del nostro meglio per rimuovere tempestivamente tali informazioni dai nostri archivi.<\/p>\n<h3>Aggiornamenti alle nostre linee guida sulla privacy<\/h3>\n<p>Le nostre Linee guida sulla privacy possono essere soggette a modifiche di volta in volta. Ti consigliamo pertanto di visitare regolarmente questa pagina per rimanere informato su eventuali modifiche. Ti informeremo di eventuali aggiornamenti pubblicando le linee guida sulla privacy riviste in questa pagina. Questi aggiornamenti saranno efficaci immediatamente dopo la pubblicazione su questa pagina.<\/p>\n<p>La creazione delle nostre Linee guida sulla privacy \u00e8 stata assistita dal Generatore di norme sulla privacy.<\/p>\n<h3>Contattaci<\/h3>\n<p>Se hai domande o suggerimenti riguardanti le nostre Linee guida sulla privacy, non esitare a contattarci all&#039;indirizzo IdLoaded. Potete trovarci sul nostro sito web all&#039;indirizzo <a href=\"http:\/\/fr.idloaded.com\/it\/\" target=\"_new\" rel=\"noreferrer noopener\">http:\/\/fr.idloaded.com\/<\/a>. Per maggiori dettagli, puoi anche controllare la nostra pagina sui social media su IdLoaded.<\/p>","protected":false},"excerpt":{"rendered":"<p>Diretrizes de Privacidade para IdLoaded No IdLoaded, que pode ser encontrado em http:\/\/fr.idloaded.com\/, priorizamos a privacidade dos nossos visitantes. Este documento descreve os tipos de informa\u00e7\u00f5es que coletamos e registramos no IdLoaded e como as utilizamos. Caso tenha mais perguntas ou precise de mais detalhes sobre nossas Diretrizes de Privacidade, sinta-se \u00e0 vontade para nos [&hellip;]<\/p>","protected":false},"author":4,"featured_media":0,"parent":0,"menu_order":0,"comment_status":"closed","ping_status":"closed","template":"","meta":{"footnotes":""},"class_list":["post-73","page","type-page","status-publish","hentry"],"_links":{"self":[{"href":"https:\/\/fr.idloaded.com\/it\/wp-json\/wp\/v2\/pages\/73","targetHints":{"allow":["GET"]}}],"collection":[{"href":"https:\/\/fr.idloaded.com\/it\/wp-json\/wp\/v2\/pages"}],"about":[{"href":"https:\/\/fr.idloaded.com\/it\/wp-json\/wp\/v2\/types\/page"}],"author":[{"embeddable":true,"href":"https:\/\/fr.idloaded.com\/it\/wp-json\/wp\/v2\/users\/4"}],"replies":[{"embeddable":true,"href":"https:\/\/fr.idloaded.com\/it\/wp-json\/wp\/v2\/comments?post=73"}],"version-history":[{"count":6,"href":"https:\/\/fr.idloaded.com\/it\/wp-json\/wp\/v2\/pages\/73\/revisions"}],"predecessor-version":[{"id":503,"href":"https:\/\/fr.idloaded.com\/it\/wp-json\/wp\/v2\/pages\/73\/revisions\/503"}],"wp:attachment":[{"href":"https:\/\/fr.idloaded.com\/it\/wp-json\/wp\/v2\/media?parent=73"}],"curies":[{"name":"wp","href":"https:\/\/api.w.org\/{rel}","templated":true}]}}