{"id":75,"date":"2023-12-01T00:53:30","date_gmt":"2023-12-01T03:53:30","guid":{"rendered":"http:\/\/fr.idloaded.com\/?page_id=75"},"modified":"2025-09-05T18:42:11","modified_gmt":"2025-09-05T21:42:11","slug":"chi-siamo","status":"publish","type":"page","link":"https:\/\/fr.idloaded.com\/it\/chi-siamo\/","title":{"rendered":"Di"},"content":{"rendered":"<h2>Informazioni su IdLoaded<\/h2>\n<p>Noi di IdLoaded siamo guidati dalla nostra passione per l&#039;integrazione del mondo della tecnologia con le informazioni pi\u00f9 recenti e pertinenti. Il nostro obiettivo \u00e8 essere il punto di riferimento per gli appassionati di tecnologia, i professionisti del settore e chiunque sia interessato alle ultime innovazioni.<\/p>\n<h3>Il nostro obiettivo<\/h3>\n<p>Il nostro obiettivo principale \u00e8 creare uno spazio in cui gli appassionati di tecnologia possano trovare un&#039;ampia gamma di informazioni sulle innovazioni tecnologiche, sui metodi di implementazione e sulle ultime tendenze. Ci sforziamo di collegare la tradizione con l&#039;innovazione, aiutando i professionisti ad abbracciare gli ultimi progressi preservando le loro pratiche tradizionali.<\/p>\n<h3>I nostri servizi<\/h3>\n<p><strong>Articoli informativi:<\/strong> Offriamo una vasta gamma di articoli che trattano argomenti dalla gestione intelligente dei dati alle ultime novit\u00e0 in fatto di dispositivi indossabili e intelligenti.<\/p>\n<p><strong>Interazione con la comunit\u00e0:<\/strong> Invitiamo gli amanti della tecnologia a partecipare e condividere le loro conoscenze, promuovendo una comunit\u00e0 vivace e varia.<\/p>\n<p><strong>Punti salienti dell&#039;innovazione:<\/strong> Scopri le tecnologie, le attrezzature e i gadget pi\u00f9 recenti che stanno plasmando il futuro.<\/p>\n<p><strong>Recensioni dei prodotti:<\/strong> Prendi decisioni informate con le nostre recensioni e suggerimenti imparziali sui prodotti.<\/p>\n<p><strong>Risorse didattiche:<\/strong> Acquisisci conoscenze da professionisti esperti ed esperti con le nostre guide didattiche e tutorial.<\/p>\n<p><strong>La nostra dedica:<\/strong> Ci impegniamo a fornire informazioni accurate e affidabili. Il nostro team \u00e8 impegnato a stare al passo con il frenetico mondo della tecnologia e a condividere le nostre conoscenze con voi.<\/p>\n<h3>Apprezzamento<\/h3>\n<p>Ringraziamo sinceramente i nostri lettori e collaboratori. Il tuo supporto consente a IdLoaded di prosperare. Unisciti a noi nella scoperta dell&#039;intrigante connubio tra tradizione e innovazione tecnologica. Insieme possiamo avanzare verso il futuro mantenendo il nostro impegno per la qualit\u00e0 e l\u2019accuratezza delle informazioni.<\/p>\n<p>Grazie per far parte della comunit\u00e0 IdLoaded! Puoi connetterti con noi attraverso il nostro sito web all&#039;indirizzo <a href=\"http:\/\/fr.idloaded.com\/it\/\" target=\"_new\" rel=\"noreferrer noopener\">http:\/\/fr.idloaded.com\/<\/a>. Per maggiori dettagli, puoi anche visitare la nostra pagina sui social media su IdLoaded.<\/p>","protected":false},"excerpt":{"rendered":"<p>Sobre o IdLoaded No IdLoaded, somos movidos pela nossa paix\u00e3o por integrar o mundo da tecnologia com as informa\u00e7\u00f5es mais recentes e relevantes. Nosso objetivo \u00e9 ser o ponto de refer\u00eancia para entusiastas de tecnologia, profissionais da \u00e1rea e todos aqueles interessados nas \u00faltimas inova\u00e7\u00f5es. Nosso Objetivo Nosso principal objetivo \u00e9 criar um espa\u00e7o onde [&hellip;]<\/p>","protected":false},"author":4,"featured_media":0,"parent":0,"menu_order":0,"comment_status":"closed","ping_status":"closed","template":"","meta":{"footnotes":""},"class_list":["post-75","page","type-page","status-publish","hentry"],"_links":{"self":[{"href":"https:\/\/fr.idloaded.com\/it\/wp-json\/wp\/v2\/pages\/75","targetHints":{"allow":["GET"]}}],"collection":[{"href":"https:\/\/fr.idloaded.com\/it\/wp-json\/wp\/v2\/pages"}],"about":[{"href":"https:\/\/fr.idloaded.com\/it\/wp-json\/wp\/v2\/types\/page"}],"author":[{"embeddable":true,"href":"https:\/\/fr.idloaded.com\/it\/wp-json\/wp\/v2\/users\/4"}],"replies":[{"embeddable":true,"href":"https:\/\/fr.idloaded.com\/it\/wp-json\/wp\/v2\/comments?post=75"}],"version-history":[{"count":8,"href":"https:\/\/fr.idloaded.com\/it\/wp-json\/wp\/v2\/pages\/75\/revisions"}],"predecessor-version":[{"id":508,"href":"https:\/\/fr.idloaded.com\/it\/wp-json\/wp\/v2\/pages\/75\/revisions\/508"}],"wp:attachment":[{"href":"https:\/\/fr.idloaded.com\/it\/wp-json\/wp\/v2\/media?parent=75"}],"curies":[{"name":"wp","href":"https:\/\/api.w.org\/{rel}","templated":true}]}}