{"id":73,"date":"2023-12-01T00:53:30","date_gmt":"2023-12-01T03:53:30","guid":{"rendered":"http:\/\/fr.idloaded.com\/?page_id=73"},"modified":"2025-09-05T18:41:57","modified_gmt":"2025-09-05T21:41:57","slug":"privatumo-politika","status":"publish","type":"page","link":"https:\/\/fr.idloaded.com\/lt\/privatumo-politika\/","title":{"rendered":"Privatumo politika"},"content":{"rendered":"<h2>\u201eIdLoaded\u201c privatumo gair\u0117s<\/h2>\n<p>\u201eIdLoaded\u201c, kuri\u0105 galite rasti adresu <a href=\"http:\/\/fr.idloaded.com\/lt\/\" target=\"_new\" rel=\"noreferrer noopener\">http:\/\/fr.idloaded.com\/<\/a>, mes teikiame pirmenyb\u0119 savo lankytoj\u0173 privatumui. \u0160iame dokumente apra\u0161omi informacijos, kuri\u0105 renkame ir \u012fra\u0161ome \u201eIdLoaded\u201c, tipai ir kaip j\u0105 naudojame.<\/p>\n<p>Jei turite daugiau klausim\u0173 arba norite gauti daugiau informacijos apie m\u016bs\u0173 privatumo gaires, susisiekite su mumis.<\/p>\n<p>\u0160ios privatumo gair\u0117s taikomos tik m\u016bs\u0173 veiklai internete ir yra svarbios m\u016bs\u0173 svetain\u0117s lankytojams d\u0117l informacijos, kuri\u0105 jie dalijasi ir (arba) renka \u201eIdLoaded\u201c. \u0160ios gair\u0117s netaikomos jokiai informacijai, surinktai neprisijungus arba kitais kanalais nei \u0161i svetain\u0117.<\/p>\n<h3>susitarimas<\/h3>\n<p>Prisijungdami prie m\u016bs\u0173 svetain\u0117s sutinkate su m\u016bs\u0173 privatumo gair\u0117mis ir sutinkate su j\u0173 s\u0105lygomis.<\/p>\n<h3>M\u016bs\u0173 renkami duomenys<\/h3>\n<p>Mes ai\u0161kiai paai\u0161kinsime, kod\u0117l mums reikia asmenin\u0117s informacijos, kurios pra\u0161ome tada, kai jos pra\u0161ome.<\/p>\n<p>Jei susisieksite su mumis tiesiogiai, galime gauti papildomos informacijos apie jus, pvz., j\u016bs\u0173 vard\u0105, el. pa\u0161to adres\u0105, telefono numer\u012f, bet kokio prane\u0161imo ir (arba) pried\u0173, kuriuos galite mums si\u0173sti, turin\u012f ir bet koki\u0105 kit\u0105 informacij\u0105, kuri\u0105 galite pasirinkti pateikti.<\/p>\n<p>Kai sukuriate paskyr\u0105, galime papra\u0161yti j\u016bs\u0173 kontaktin\u0117s informacijos, \u012fskaitant tokius elementus kaip vardas, \u012fmon\u0117s pavadinimas, adresas, el. pa\u0161to adresas ir telefono numeris.<\/p>\n<h3>Kaip mes naudojame j\u016bs\u0173 duomenis<\/h3>\n<p>Surinktus duomenis naudojame \u012fvairiais b\u016bdais, \u012fskaitant:<\/p>\n<ul>\n<li>Teikti, valdyti ir pri\u017ei\u016br\u0117ti m\u016bs\u0173 svetain\u0119<\/li>\n<li>Pagerinkite, suasmeninkite ir i\u0161pl\u0117skite m\u016bs\u0173 svetain\u0119<\/li>\n<li>Supraskite ir analizuokite, kaip naudojat\u0117s m\u016bs\u0173 svetaine<\/li>\n<li>Kurkite naujus produktus, paslaugas, funkcijas ir funkcijas<\/li>\n<li>Bendrauti su jumis tiesiogiai arba per vien\u0105 i\u0161 m\u016bs\u0173 partneri\u0173 klient\u0173 aptarnavimo, atnaujinim\u0173 ir kitos su svetaine susijusios informacijos teikimo, rinkodaros ir reklamos tikslais<\/li>\n<li>Si\u0173sti el<\/li>\n<li>Aptikti ir u\u017ekirsti keli\u0105 suk\u010diavimui<\/li>\n<\/ul>\n<h3>\u017durnalo failai<\/h3>\n<p>\u201eIdLoaded\u201c atlieka standartin\u0119 \u017eurnalo fail\u0173 naudojimo proced\u016br\u0105. \u0160ie failai registruoja lankytojus, kai jie lankosi svetain\u0117se. Visos prieglobos \u012fmon\u0117s tai daro kaip savo prieglobos analiz\u0117s paslaug\u0173 dal\u012f. \u017durnalo failais renkama informacija apima interneto protokolo (IP) adresus, nar\u0161ykl\u0117s tip\u0105, interneto paslaug\u0173 teik\u0117j\u0105 (IPT), datos ir laiko \u017eym\u0105, nukreipimo \/ i\u0161\u0117jimo puslapius ir galb\u016bt paspaudim\u0173 skai\u010di\u0173. \u0160i informacija n\u0117ra susieta su jokia informacija, kuri\u0105 galima identifikuoti. Informacijos tikslas \u2013 analizuoti tendencijas, administruoti svetain\u0119, sekti vartotoj\u0173 jud\u0117jim\u0105 svetain\u0117je, rinkti demografin\u0119 informacij\u0105.<\/p>\n<h3>Slapukai ir \u017einiatinklio signalai<\/h3>\n<p>Kaip ir bet kuri kita svetain\u0117, \u201eIdLoaded\u201c naudoja \u201eslapukus\u201c. \u0160ie slapukai naudojami informacijai, \u012fskaitant lankytoj\u0173 nuostatas, ir svetain\u0117s puslapius, kuriuos lankytojas pasiek\u0117 ar aplank\u0117, saugoti. Informacija naudojama siekiant optimizuoti vartotoj\u0173 patirt\u012f, tinkinant m\u016bs\u0173 tinklalapio turin\u012f pagal lankytoj\u0173 nar\u0161ykl\u0117s tip\u0105 ir (arba) kit\u0105 informacij\u0105.<\/p>\n<h3>\u201eGoogle DoubleClick DART\u201c slapukas<\/h3>\n<p>\u201eGoogle\u201c yra viena i\u0161 tre\u010di\u0173j\u0173 \u0161ali\u0173 tiek\u0117j\u0173 m\u016bs\u0173 svetain\u0117je. Ji taip pat naudoja slapukus, vadinamus DART slapukais, kad teikt\u0173 skelbimus m\u016bs\u0173 svetain\u0117s lankytojams pagal j\u0173 apsilankym\u0105 svetain\u0117je <a href=\"http:\/\/www.website.com\" target=\"_new\" rel=\"noreferrer noopener\">www.website.com<\/a> ir kitose interneto svetain\u0117se. Ta\u010diau lankytojai gali atsisakyti naudoti DART slapukus, apsilank\u0119 \u201eGoogle\u201c skelbim\u0173 ir turinio tinklo privatumo politikoje \u0161iuo URL \u2013 <a href=\"https:\/\/policies.google.com\/technologies\/ads\" target=\"_new\" rel=\"noreferrer noopener\">https:\/\/policies.google.com\/technologies\/ads<\/a>.<\/p>\n<h3>\u201eIdLoaded Advertising Partner\u201c privatumo gair\u0117s<\/h3>\n<p>\u0160iame s\u0105ra\u0161e rasite kiekvieno \u201eIdLoaded\u201c reklamos partnerio privatumo gaires.<\/p>\n<p>Tre\u010di\u0173j\u0173 \u0161ali\u0173 skelbim\u0173 serveriai arba skelbim\u0173 tinklai naudoja tokias technologijas kaip slapukai, \u201eJavaScript\u201c arba \u017einiatinklio \u0161vyturiai atitinkamuose skelbimuose ir nuorodose, rodomose \u201eIdLoaded\u201c, kurios siun\u010diamos tiesiai \u012f naudotoj\u0173 nar\u0161ykl\u0119. Kai tai \u012fvyksta, jie automati\u0161kai gauna j\u016bs\u0173 IP adres\u0105. \u0160ios technologijos naudojamos j\u0173 reklamini\u0173 kampanij\u0173 efektyvumui \u012fvertinti ir (arba) suasmeninti reklamin\u012f turin\u012f, kur\u012f matote lankomose svetain\u0117se.<\/p>\n<p>Atminkite, kad \u201eIdLoaded\u201c neturi prieigos prie \u0161i\u0173 slapuk\u0173, kuriuos naudoja tre\u010di\u0173j\u0173 \u0161ali\u0173 reklamuotojai, arba j\u0173 nekontroliuoja.<\/p>\n<h3>Tre\u010di\u0173j\u0173 \u0161ali\u0173 privatumo gair\u0117s<\/h3>\n<p>\u201eIdLoaded\u201c privatumo politika netaikoma kitiems reklamuotojams ar svetain\u0117ms. Taigi, nor\u0117dami gauti i\u0161samesn\u0117s informacijos, patariame susipa\u017einti su atitinkamomis \u0161i\u0173 tre\u010di\u0173j\u0173 \u0161ali\u0173 skelbim\u0173 serveri\u0173 privatumo taisykl\u0117mis. Tai gali apimti j\u0173 praktik\u0105 ir nurodymus, kaip atsisakyti tam tikr\u0173 parink\u010di\u0173.<\/p>\n<p>J\u016bs turite galimyb\u0119 i\u0161jungti slapukus per savo atskiras nar\u0161ykl\u0117s parinktis. I\u0161samesn\u0117s informacijos apie slapuk\u0173 valdym\u0105 konkre\u010diose interneto nar\u0161ykl\u0117se rasite atitinkamose nar\u0161ykli\u0173 svetain\u0117se.<\/p>\n<h3>CCPA (Neparduokite mano asmenin\u0117s informacijos) privatumo teis\u0117s<\/h3>\n<p>Pagal CCPA Kalifornijos vartotojai turi teis\u0119:<\/p>\n<ul>\n<li>Reikalauti, kad \u012fmon\u0117, renkanti vartotojo asmens duomenis, atskleist\u0173 kategorijas ir konkre\u010dias asmens duomen\u0173 dalis, kurias \u012fmon\u0117 surinko apie vartotojus.<\/li>\n<li>Reikalauti, kad \u012fmon\u0117 i\u0161trint\u0173 visus asmeninius duomenis apie vartotoj\u0105, kuriuos \u012fmon\u0117 surinko.<\/li>\n<li>Reikalauti, kad \u012fmon\u0117, parduodanti vartotojo asmens duomenis, neparduot\u0173 vartotojo asmens duomen\u0173.<\/li>\n<\/ul>\n<p>Jei pateikiate u\u017eklaus\u0105, turime vien\u0105 m\u0117nes\u012f atsakyti \u012f jus. Jei norite pasinaudoti kuria nors i\u0161 \u0161i\u0173 teisi\u0173, susisiekite su mumis.<\/p>\n<h3>GDPR duomen\u0173 apsaugos teis\u0117s<\/h3>\n<p>Norime u\u017etikrinti, kad \u017einotum\u0117te visas savo duomen\u0173 apsaugos teises. Kiekvienas vartotojas turi teis\u0119 \u012f \u0161iuos dalykus:<\/p>\n<ul>\n<li>Teis\u0117 susipa\u017einti \u2013 J\u016bs turite teis\u0119 reikalauti savo asmens duomen\u0173 kopij\u0173. U\u017e \u0161i\u0105 paslaug\u0105 galime imti nedidel\u012f mokest\u012f.<\/li>\n<li>Teis\u0117 i\u0161taisyti \u2013 J\u016bs turite teis\u0119 reikalauti, kad i\u0161taisytume bet koki\u0105 informacij\u0105, kuri, J\u016bs\u0173 nuomone, yra netiksli. Taip pat turite teis\u0119 pra\u0161yti, kad mes u\u017epildytume informacij\u0105, kuri, j\u016bs\u0173 manymu, yra nei\u0161sami.<\/li>\n<li>Teis\u0117 i\u0161trinti \u2013 tam tikromis s\u0105lygomis turite teis\u0119 pra\u0161yti, kad i\u0161trintume j\u016bs\u0173 asmens duomenis.<\/li>\n<li>Teis\u0117 apriboti tvarkym\u0105 \u2013 J\u016bs turite teis\u0119 reikalauti, kad tam tikromis s\u0105lygomis apribotume J\u016bs\u0173 asmens duomen\u0173 tvarkym\u0105.<\/li>\n<li>Teis\u0117 nesutikti, kad j\u016bs\u0173 asmens duomenys b\u016bt\u0173 tvarkomi \u2013 tam tikromis s\u0105lygomis turite teis\u0119 nesutikti, kad mes tvarkytume j\u016bs\u0173 asmens duomenis.<\/li>\n<li>Teis\u0117 \u012f duomen\u0173 perkeliamum\u0105 \u2013 J\u016bs turite teis\u0119 reikalauti, kad tam tikromis s\u0105lygomis perduotume m\u016bs\u0173 surinktus duomenis kitai organizacijai arba tiesiogiai Jums.<\/li>\n<\/ul>\n<p>Jei pateikiate u\u017eklaus\u0105, turime vien\u0105 m\u0117nes\u012f atsakyti \u012f jus. Jei norite pasinaudoti kuria nors i\u0161 \u0161i\u0173 teisi\u0173, susisiekite su mumis.<\/p>\n<h3>Informacija apie nepilname\u010dius<\/h3>\n<p>Vienas i\u0161 did\u017eiausi\u0173 m\u016bs\u0173 prioritet\u0173 yra apsaugoti vaikus, kai jie naudojasi internetu. Raginame t\u0117vus ir glob\u0117jus steb\u0117ti savo veikl\u0105 internete, dalyvauti joje ir (arba) steb\u0117ti ir vadovauti.<\/p>\n<p>\u201eIdLoaded\u201c s\u0105moningai nerenka jokios asmen\u012f identifikuojan\u010dios informacijos i\u0161 jaunesni\u0173 nei 13 met\u0173 vaik\u0173. Jei manote, kad j\u016bs\u0173 vaikas pateik\u0117 toki\u0105 informacij\u0105 m\u016bs\u0173 svetain\u0117je, primygtinai raginame nedelsiant susisiekti su mumis ir d\u0117sime visas pastangas, kad tokia informacija b\u016bt\u0173 nedelsiant pa\u0161alinta i\u0161 savo \u012fra\u0161\u0173.<\/p>\n<h3>M\u016bs\u0173 privatumo gairi\u0173 atnaujinimai<\/h3>\n<p>M\u016bs\u0173 privatumo gair\u0117s laikui b\u0117gant gali keistis. Tod\u0117l rekomenduojame reguliariai lankytis \u0161iame puslapyje, kad b\u016btum\u0117te informuoti apie bet kokius pakeitimus. Informuosime apie bet kokius atnaujinimus \u0161iame puslapyje paskelbdami pataisytas privatumo gaires. \u0160ie atnaujinimai \u012fsigalios i\u0161 karto po to, kai bus paskelbti \u0161iame puslapyje.<\/p>\n<p>M\u016bs\u0173 privatumo gaires pad\u0117jo sukurti Privatumo politikos generatorius.<\/p>\n<h3>Susisiekite su mumis<\/h3>\n<p>Jei turite klausim\u0173 ar pasi\u016blym\u0173 d\u0117l m\u016bs\u0173 privatumo gairi\u0173, nedvejodami susisiekite su mumis adresu IdLoaded. Mus galite rasti m\u016bs\u0173 svetain\u0117je adresu <a href=\"http:\/\/fr.idloaded.com\/lt\/\" target=\"_new\" rel=\"noreferrer noopener\">http:\/\/fr.idloaded.com\/<\/a>. Nor\u0117dami gauti daugiau informacijos, taip pat galite per\u017ei\u016br\u0117ti m\u016bs\u0173 socialin\u0117s \u017einiasklaidos puslap\u012f \u201eIdLoaded\u201c.<\/p>","protected":false},"excerpt":{"rendered":"<p>Diretrizes de Privacidade para IdLoaded No IdLoaded, que pode ser encontrado em http:\/\/fr.idloaded.com\/, priorizamos a privacidade dos nossos visitantes. Este documento descreve os tipos de informa\u00e7\u00f5es que coletamos e registramos no IdLoaded e como as utilizamos. Caso tenha mais perguntas ou precise de mais detalhes sobre nossas Diretrizes de Privacidade, sinta-se \u00e0 vontade para nos [&hellip;]<\/p>","protected":false},"author":4,"featured_media":0,"parent":0,"menu_order":0,"comment_status":"closed","ping_status":"closed","template":"","meta":{"footnotes":""},"class_list":["post-73","page","type-page","status-publish","hentry"],"_links":{"self":[{"href":"https:\/\/fr.idloaded.com\/lt\/wp-json\/wp\/v2\/pages\/73","targetHints":{"allow":["GET"]}}],"collection":[{"href":"https:\/\/fr.idloaded.com\/lt\/wp-json\/wp\/v2\/pages"}],"about":[{"href":"https:\/\/fr.idloaded.com\/lt\/wp-json\/wp\/v2\/types\/page"}],"author":[{"embeddable":true,"href":"https:\/\/fr.idloaded.com\/lt\/wp-json\/wp\/v2\/users\/4"}],"replies":[{"embeddable":true,"href":"https:\/\/fr.idloaded.com\/lt\/wp-json\/wp\/v2\/comments?post=73"}],"version-history":[{"count":6,"href":"https:\/\/fr.idloaded.com\/lt\/wp-json\/wp\/v2\/pages\/73\/revisions"}],"predecessor-version":[{"id":503,"href":"https:\/\/fr.idloaded.com\/lt\/wp-json\/wp\/v2\/pages\/73\/revisions\/503"}],"wp:attachment":[{"href":"https:\/\/fr.idloaded.com\/lt\/wp-json\/wp\/v2\/media?parent=73"}],"curies":[{"name":"wp","href":"https:\/\/api.w.org\/{rel}","templated":true}]}}