{"id":75,"date":"2023-12-01T00:53:30","date_gmt":"2023-12-01T03:53:30","guid":{"rendered":"http:\/\/fr.idloaded.com\/?page_id=75"},"modified":"2025-09-05T18:42:11","modified_gmt":"2025-09-05T21:42:11","slug":"apie-mus","status":"publish","type":"page","link":"https:\/\/fr.idloaded.com\/lt\/apie-mus\/","title":{"rendered":"Apie"},"content":{"rendered":"<h2>Apie \u201eIdLoaded\u201c.<\/h2>\n<p>\u201eIdLoaded\u201c mus skatina m\u016bs\u0173 aistra integruoti technologij\u0173 pasaul\u012f su naujausia ir aktualiausia informacija. M\u016bs\u0173 tikslas \u2013 b\u016bti atskaitos ta\u0161ku technologij\u0173 entuziastams, \u0161ios srities profesionalams ir visiems besidomintiems naujausiomis naujov\u0117mis.<\/p>\n<h3>M\u016bs\u0173 tikslas<\/h3>\n<p>Pagrindinis m\u016bs\u0173 tikslas \u2013 sukurti erdv\u0119, kurioje technologij\u0173 entuziastai gal\u0117t\u0173 rasti \u012fvairiausios informacijos apie technologines naujoves, diegimo b\u016bdus ir naujausias tendencijas. Stengiam\u0117s susieti tradicijas su naujov\u0117mis, pad\u0117dami profesionalams priimti naujausius pasiekimus i\u0161saugant tradicin\u0119 praktik\u0105.<\/p>\n<h3>M\u016bs\u0173 paslaugos<\/h3>\n<p><strong>Informaciniai straipsniai:<\/strong> Si\u016blome plat\u0173 asortiment\u0105 straipsni\u0173, kuriuose aptariamos temos nuo i\u0161maniojo duomen\u0173 valdymo iki naujausi\u0173 ne\u0161iojam\u0173 ir i\u0161mani\u0173j\u0173 \u012frengini\u0173.<\/p>\n<p><strong>Bendruomen\u0117s s\u0105veika:<\/strong> Kvie\u010diame technologij\u0173 myl\u0117tojus dalyvauti ir dalytis savo \u017einiomis, puosel\u0117jant gyvybing\u0105 ir \u012fvairiapus\u0119 bendruomen\u0119.<\/p>\n<p><strong>Inovacij\u0173 akcentai:<\/strong> Atraskite naujausias technologijas, \u012ftaisus ir program\u0117les, kurios formuoja ateit\u012f.<\/p>\n<p><strong>Produkt\u0173 ap\u017evalgos:<\/strong> Priimkite pagr\u012fstus sprendimus naudodamiesi m\u016bs\u0173 ne\u0161ali\u0161komis produkt\u0173 ap\u017evalgomis ir pasi\u016blymais.<\/p>\n<p><strong>Mokymosi i\u0161tekliai:<\/strong> Pasisemkite \u017eini\u0173 i\u0161 patyrusi\u0173 specialist\u0173 ir ekspert\u0173 naudodami m\u016bs\u0173 mokomuosius vadovus ir mokymo programas.<\/p>\n<p><strong>M\u016bs\u0173 atsidavimas:<\/strong> Esame pasiry\u017e\u0119 teikti tiksli\u0105 ir patikim\u0105 informacij\u0105. M\u016bs\u0173 komanda yra pasiry\u017eusi neatsilikti nuo spartaus technologij\u0173 pasaulio ir dalytis savo \u012f\u017evalgomis su jumis.<\/p>\n<h3>\u012evertinimas<\/h3>\n<p>Nuo\u0161ird\u017eiai d\u0117kojame savo skaitytojams ir bendradarbiams. J\u016bs\u0173 palaikymas leid\u017eia \u201eIdLoaded\u201c klest\u0117ti. Prisijunkite prie m\u016bs\u0173 ir atraskite intriguojant\u012f tradicij\u0173 ir technologini\u0173 naujovi\u0173 derin\u012f. Kartu galime jud\u0117ti \u012f ateit\u012f ir i\u0161laikyti \u012fsipareigojim\u0105 d\u0117l informacijos kokyb\u0117s ir tikslumo.<\/p>\n<p>D\u0117kojame, kad esate \u201eIdLoaded\u201c bendruomen\u0117s dalis! Galite susisiekti su mumis per m\u016bs\u0173 svetain\u0119 adresu <a href=\"http:\/\/fr.idloaded.com\/lt\/\" target=\"_new\" rel=\"noreferrer noopener\">http:\/\/fr.idloaded.com\/<\/a>. Nor\u0117dami gauti daugiau informacijos, taip pat galite apsilankyti m\u016bs\u0173 socialin\u0117s \u017einiasklaidos puslapyje IdLoaded.<\/p>","protected":false},"excerpt":{"rendered":"<p>Sobre o IdLoaded No IdLoaded, somos movidos pela nossa paix\u00e3o por integrar o mundo da tecnologia com as informa\u00e7\u00f5es mais recentes e relevantes. Nosso objetivo \u00e9 ser o ponto de refer\u00eancia para entusiastas de tecnologia, profissionais da \u00e1rea e todos aqueles interessados nas \u00faltimas inova\u00e7\u00f5es. Nosso Objetivo Nosso principal objetivo \u00e9 criar um espa\u00e7o onde [&hellip;]<\/p>","protected":false},"author":4,"featured_media":0,"parent":0,"menu_order":0,"comment_status":"closed","ping_status":"closed","template":"","meta":{"footnotes":""},"class_list":["post-75","page","type-page","status-publish","hentry"],"_links":{"self":[{"href":"https:\/\/fr.idloaded.com\/lt\/wp-json\/wp\/v2\/pages\/75","targetHints":{"allow":["GET"]}}],"collection":[{"href":"https:\/\/fr.idloaded.com\/lt\/wp-json\/wp\/v2\/pages"}],"about":[{"href":"https:\/\/fr.idloaded.com\/lt\/wp-json\/wp\/v2\/types\/page"}],"author":[{"embeddable":true,"href":"https:\/\/fr.idloaded.com\/lt\/wp-json\/wp\/v2\/users\/4"}],"replies":[{"embeddable":true,"href":"https:\/\/fr.idloaded.com\/lt\/wp-json\/wp\/v2\/comments?post=75"}],"version-history":[{"count":8,"href":"https:\/\/fr.idloaded.com\/lt\/wp-json\/wp\/v2\/pages\/75\/revisions"}],"predecessor-version":[{"id":508,"href":"https:\/\/fr.idloaded.com\/lt\/wp-json\/wp\/v2\/pages\/75\/revisions\/508"}],"wp:attachment":[{"href":"https:\/\/fr.idloaded.com\/lt\/wp-json\/wp\/v2\/media?parent=75"}],"curies":[{"name":"wp","href":"https:\/\/api.w.org\/{rel}","templated":true}]}}