{"id":69,"date":"2023-12-01T00:51:50","date_gmt":"2023-12-01T03:51:50","guid":{"rendered":"http:\/\/fr.idloaded.com\/?page_id=69"},"modified":"2025-09-05T18:40:29","modified_gmt":"2025-09-05T21:40:29","slug":"sazinies-ar-mums","status":"publish","type":"page","link":"https:\/\/fr.idloaded.com\/lv\/sazinies-ar-mums\/","title":{"rendered":"Sazin\u0101ties"},"content":{"rendered":"<h2>Sazinies ar mums<\/h2>\n<p>Paldies, ka interes\u0113jaties par IdLoaded. M\u0113s nov\u0113rt\u0113jam j\u016bsu viedok\u013cus un jaut\u0101jumus. T\u0101l\u0101k ir nor\u0101d\u012bti veidi, k\u0101 ar mums sazin\u0101ties:<\/p>\n<h3>E-pasts<\/h3>\n<p>Par visp\u0101r\u012bgiem jaut\u0101jumiem, ieteikumiem vai koment\u0101riem, l\u016bdzu, rakstiet uz e-pastu <a rel=\"noreferrer\">contact@fr.idloaded.com<\/a>. M\u016bsu komanda cent\u012bsies atbild\u0113t uz j\u016bsu jaut\u0101jumiem p\u0113c iesp\u0113jas \u0101tr\u0101k.<\/p>\n<h3>Sazi\u0146as veidlapa<\/h3>\n<p>Ja jums ir konkr\u0113ti jaut\u0101jumi vai v\u0113laties iesniegt ar tehnolo\u0123ij\u0101m saist\u012btu rakstu, l\u016bdzu, s\u016btiet e-pastu <a rel=\"noreferrer\">contact@fr.idloaded.com<\/a>. M\u0113s atzin\u012bgi v\u0113rt\u0113jam visp\u0101r\u012bgas inform\u0101cijas cien\u012bt\u0101ju un tehnolo\u0123iju entuziastu ieguld\u012bjumu.<\/p>\n<h3>Pasta indekss<\/h3>\n<p>Ja v\u0113laties tradicion\u0101lo pastu, varat m\u016bs atrast \u0161aj\u0101 adres\u0113:<\/p>\n<p><strong>IdLoaded<\/strong><\/p>\n<p>837 Pawprint Lane<\/p>\n<p>Dogville, TX 75001<\/p>\n<p>ASV<\/p>\n<h3>Bi\u013cetens<\/h3>\n<p>Lai b\u016btu inform\u0113ts par jaun\u0101kajiem rakstiem, tehnolo\u0123iju tendenc\u0113m un jaunumiem no IdLoaded kopienas, re\u0123istr\u0113jieties m\u016bsu informat\u012bvajam izdevumam. Vienk\u0101r\u0161i ievadiet savu e-pastu re\u0123istr\u0101cijas lodzi\u0146\u0101 m\u016bsu m\u0101jas lapas apak\u0161\u0101.<\/p>\n<h3>Atsauksmes<\/h3>\n<p>M\u0113s vienm\u0113r cen\u0161amies uzlabot savu saturu un lietot\u0101ju pieredzi. Ja jums ir ieteikumi vai koment\u0101ri par to, k\u0101 m\u0113s varam uzlabot j\u016bsu IdLoaded pieredzi, l\u016bdzu, kop\u012bgojiet tos ar mums pa e-pastu.<\/p>\n<p>M\u0113s nov\u0113rt\u0113jam j\u016bsu interesi un gaid\u012bsim no jums atbildi. IdLoaded ir \u0161eit, lai savienotu inform\u0101cijas pasauli ar jaun\u0101kaj\u0101m tehnolo\u0123ij\u0101m, un j\u016bsu ieguld\u012bjums ir \u013coti svar\u012bgs, lai pal\u012bdz\u0113tu mums sasniegt \u0161o misiju.<\/p>\n<p>Paldies, ka esat da\u013ca no m\u016bsu visp\u0101r\u0113j\u0101s inform\u0101cijas kopienas!<\/p>","protected":false},"excerpt":{"rendered":"<p>Entre em Contato Conosco Obrigado pelo seu interesse no IdLoaded. Valorizamos suas opini\u00f5es e perguntas. Aqui est\u00e3o as formas de nos contatar: Email Para perguntas gerais, sugest\u00f5es ou coment\u00e1rios, envie um e-mail para contact@fr.idloaded.com. Nossa equipe se esfor\u00e7ar\u00e1 para responder \u00e0s suas perguntas o mais r\u00e1pido poss\u00edvel. Formul\u00e1rio de Contato Se voc\u00ea tiver perguntas espec\u00edficas [&hellip;]<\/p>","protected":false},"author":4,"featured_media":0,"parent":0,"menu_order":0,"comment_status":"closed","ping_status":"closed","template":"","meta":{"footnotes":""},"class_list":["post-69","page","type-page","status-publish","hentry"],"_links":{"self":[{"href":"https:\/\/fr.idloaded.com\/lv\/wp-json\/wp\/v2\/pages\/69","targetHints":{"allow":["GET"]}}],"collection":[{"href":"https:\/\/fr.idloaded.com\/lv\/wp-json\/wp\/v2\/pages"}],"about":[{"href":"https:\/\/fr.idloaded.com\/lv\/wp-json\/wp\/v2\/types\/page"}],"author":[{"embeddable":true,"href":"https:\/\/fr.idloaded.com\/lv\/wp-json\/wp\/v2\/users\/4"}],"replies":[{"embeddable":true,"href":"https:\/\/fr.idloaded.com\/lv\/wp-json\/wp\/v2\/comments?post=69"}],"version-history":[{"count":6,"href":"https:\/\/fr.idloaded.com\/lv\/wp-json\/wp\/v2\/pages\/69\/revisions"}],"predecessor-version":[{"id":506,"href":"https:\/\/fr.idloaded.com\/lv\/wp-json\/wp\/v2\/pages\/69\/revisions\/506"}],"wp:attachment":[{"href":"https:\/\/fr.idloaded.com\/lv\/wp-json\/wp\/v2\/media?parent=69"}],"curies":[{"name":"wp","href":"https:\/\/api.w.org\/{rel}","templated":true}]}}