{"id":69,"date":"2023-12-01T00:51:50","date_gmt":"2023-12-01T03:51:50","guid":{"rendered":"http:\/\/fr.idloaded.com\/?page_id=69"},"modified":"2025-09-05T18:40:29","modified_gmt":"2025-09-05T21:40:29","slug":"skontaktuj-sie-z-nami","status":"publish","type":"page","link":"https:\/\/fr.idloaded.com\/pl\/skontaktuj-sie-z-nami\/","title":{"rendered":"Kontakt"},"content":{"rendered":"<h2>Skontaktuj si\u0119 z nami<\/h2>\n<p>Dzi\u0119kujemy za zainteresowanie IdLoaded. Cenimy Twoje opinie i pytania. Oto sposoby skontaktowania si\u0119 z nami:<\/p>\n<h3>E-mail<\/h3>\n<p>W przypadku og\u00f3lnych pyta\u0144, sugestii lub komentarzy prosimy o kontakt e-mailowy <a rel=\"noreferrer\">kontakt@fr.idloaded.com<\/a>. Nasz zesp\u00f3\u0142 do\u0142o\u017cy wszelkich stara\u0144, aby odpowiedzie\u0107 na Twoje pytania tak szybko, jak to mo\u017cliwe.<\/p>\n<h3>Formularz kontaktowy<\/h3>\n<p>Je\u015bli masz konkretne pytania lub chcesz przes\u0142a\u0107 artyku\u0142 zwi\u0105zany z technologi\u0105, napisz e-mail <a rel=\"noreferrer\">kontakt@fr.idloaded.com<\/a>. Czekamy na wpisy od mi\u0142o\u015bnik\u00f3w informacji og\u00f3lnych i entuzjast\u00f3w technologii.<\/p>\n<h3>Kod pocztowy<\/h3>\n<p>Je\u015bli wolisz poczt\u0119 tradycyjn\u0105, znajdziesz nas pod adresem:<\/p>\n<p><strong>IdZa\u0142adowany<\/strong><\/p>\n<p>837 Pas odcisk\u00f3w \u0142ap<\/p>\n<p>Dogville, Teksas 75001<\/p>\n<p>USA<\/p>\n<h3>Biuletyn<\/h3>\n<p>Aby by\u0107 na bie\u017c\u0105co z najnowszymi artyku\u0142ami, trendami technologicznymi i aktualno\u015bciami ze spo\u0142eczno\u015bci IdLoaded, zapisz si\u0119 do naszego newslettera. Wystarczy wpisa\u0107 sw\u00f3j adres e-mail w polu rejestracyjnym na dole naszej strony g\u0142\u00f3wnej.<\/p>\n<h3>Informacja zwrotna<\/h3>\n<p>Zawsze staramy si\u0119 ulepsza\u0107 nasz\u0105 zawarto\u015b\u0107 i wygod\u0119 u\u017cytkownika. Je\u015bli masz sugestie lub uwagi dotycz\u0105ce tego, jak mo\u017cemy ulepszy\u0107 Twoje do\u015bwiadczenie z IdLoaded, podziel si\u0119 nimi z nami za po\u015brednictwem poczty elektronicznej.<\/p>\n<p>Dzi\u0119kujemy za zainteresowanie i czekamy na wiadomo\u015b\u0107 od Ciebie. IdLoaded jest tutaj, aby po\u0142\u0105czy\u0107 \u015bwiat informacji z najnowszymi technologiami, a Tw\u00f3j wk\u0142ad jest kluczowy, aby pom\u00f3c nam w realizacji tej misji.<\/p>\n<p>Dzi\u0119kujemy za bycie cz\u0119\u015bci\u0105 naszej og\u00f3lnej spo\u0142eczno\u015bci informacyjnej!<\/p>","protected":false},"excerpt":{"rendered":"<p>Entre em Contato Conosco Obrigado pelo seu interesse no IdLoaded. Valorizamos suas opini\u00f5es e perguntas. Aqui est\u00e3o as formas de nos contatar: Email Para perguntas gerais, sugest\u00f5es ou coment\u00e1rios, envie um e-mail para contact@fr.idloaded.com. Nossa equipe se esfor\u00e7ar\u00e1 para responder \u00e0s suas perguntas o mais r\u00e1pido poss\u00edvel. Formul\u00e1rio de Contato Se voc\u00ea tiver perguntas espec\u00edficas [&hellip;]<\/p>","protected":false},"author":4,"featured_media":0,"parent":0,"menu_order":0,"comment_status":"closed","ping_status":"closed","template":"","meta":{"footnotes":""},"class_list":["post-69","page","type-page","status-publish","hentry"],"_links":{"self":[{"href":"https:\/\/fr.idloaded.com\/pl\/wp-json\/wp\/v2\/pages\/69","targetHints":{"allow":["GET"]}}],"collection":[{"href":"https:\/\/fr.idloaded.com\/pl\/wp-json\/wp\/v2\/pages"}],"about":[{"href":"https:\/\/fr.idloaded.com\/pl\/wp-json\/wp\/v2\/types\/page"}],"author":[{"embeddable":true,"href":"https:\/\/fr.idloaded.com\/pl\/wp-json\/wp\/v2\/users\/4"}],"replies":[{"embeddable":true,"href":"https:\/\/fr.idloaded.com\/pl\/wp-json\/wp\/v2\/comments?post=69"}],"version-history":[{"count":6,"href":"https:\/\/fr.idloaded.com\/pl\/wp-json\/wp\/v2\/pages\/69\/revisions"}],"predecessor-version":[{"id":506,"href":"https:\/\/fr.idloaded.com\/pl\/wp-json\/wp\/v2\/pages\/69\/revisions\/506"}],"wp:attachment":[{"href":"https:\/\/fr.idloaded.com\/pl\/wp-json\/wp\/v2\/media?parent=69"}],"curies":[{"name":"wp","href":"https:\/\/api.w.org\/{rel}","templated":true}]}}