{"id":69,"date":"2023-12-01T00:51:50","date_gmt":"2023-12-01T03:51:50","guid":{"rendered":"http:\/\/fr.idloaded.com\/?page_id=69"},"modified":"2025-09-05T18:40:29","modified_gmt":"2025-09-05T21:40:29","slug":"contact-us","status":"publish","type":"page","link":"https:\/\/fr.idloaded.com\/pt\/contact-us\/","title":{"rendered":"Contato"},"content":{"rendered":"<h2>Entre em Contato Conosco<\/h2>\n<p>Obrigado pelo seu interesse no IdLoaded. Valorizamos suas opini\u00f5es e perguntas. Aqui est\u00e3o as formas de nos contatar:<\/p>\n<h3>Email<\/h3>\n<p>Para perguntas gerais, sugest\u00f5es ou coment\u00e1rios, envie um e-mail para <a rel=\"noreferrer\">contact@fr.idloaded.com<\/a>. Nossa equipe se esfor\u00e7ar\u00e1 para responder \u00e0s suas perguntas o mais r\u00e1pido poss\u00edvel.<\/p>\n<h3>Formul\u00e1rio de Contato<\/h3>\n<p>Se voc\u00ea tiver perguntas espec\u00edficas ou gostaria de enviar um artigo relacionado \u00e0 tecnologia, envie um e-mail para <a rel=\"noreferrer\">contact@fr.idloaded.com<\/a>. Acolhemos contribui\u00e7\u00f5es de amantes de informa\u00e7\u00f5es gerais e entusiastas de tecnologia.<\/p>\n<h3>Endere\u00e7o Postal<\/h3>\n<p>Se voc\u00ea prefere correspond\u00eancia tradicional, pode nos encontrar no seguinte endere\u00e7o:<\/p>\n<p><strong>IdLoaded<\/strong><\/p>\n<p>837 Pawprint Lane<\/p>\n<p>Dogville, TX 75001<\/p>\n<p>USA<\/p>\n<h3>Newsletter<\/h3>\n<p>Para se manter atualizado com os \u00faltimos artigos, tend\u00eancias tecnol\u00f3gicas e not\u00edcias da comunidade IdLoaded, inscreva-se em nossa newsletter. Basta inserir seu e-mail na caixa de inscri\u00e7\u00e3o na parte inferior da nossa p\u00e1gina inicial.<\/p>\n<h3>Feedback<\/h3>\n<p>Estamos sempre buscando melhorar nosso conte\u00fado e a experi\u00eancia do usu\u00e1rio. Se voc\u00ea tiver sugest\u00f5es ou coment\u00e1rios sobre como podemos melhorar sua experi\u00eancia no IdLoaded, por favor, compartilhe-os conosco por e-mail.<\/p>\n<p>Agradecemos seu interesse e esperamos ouvir de voc\u00ea. O IdLoaded est\u00e1 aqui para conectar o mundo da informa\u00e7\u00e3o com o que h\u00e1 de mais recente em tecnologia, e sua contribui\u00e7\u00e3o \u00e9 fundamental para nos ajudar a alcan\u00e7ar essa miss\u00e3o.<\/p>\n<p>Obrigado por fazer parte da nossa comunidade de informa\u00e7\u00f5es gerais!<\/p>","protected":false},"excerpt":{"rendered":"<p>Entre em Contato Conosco Obrigado pelo seu interesse no IdLoaded. Valorizamos suas opini\u00f5es e perguntas. Aqui est\u00e3o as formas de nos contatar: Email Para perguntas gerais, sugest\u00f5es ou coment\u00e1rios, envie um e-mail para contact@fr.idloaded.com. Nossa equipe se esfor\u00e7ar\u00e1 para responder \u00e0s suas perguntas o mais r\u00e1pido poss\u00edvel. Formul\u00e1rio de Contato Se voc\u00ea tiver perguntas espec\u00edficas [&hellip;]<\/p>","protected":false},"author":4,"featured_media":0,"parent":0,"menu_order":0,"comment_status":"closed","ping_status":"closed","template":"","meta":{"footnotes":""},"class_list":["post-69","page","type-page","status-publish","hentry"],"_links":{"self":[{"href":"https:\/\/fr.idloaded.com\/pt\/wp-json\/wp\/v2\/pages\/69","targetHints":{"allow":["GET"]}}],"collection":[{"href":"https:\/\/fr.idloaded.com\/pt\/wp-json\/wp\/v2\/pages"}],"about":[{"href":"https:\/\/fr.idloaded.com\/pt\/wp-json\/wp\/v2\/types\/page"}],"author":[{"embeddable":true,"href":"https:\/\/fr.idloaded.com\/pt\/wp-json\/wp\/v2\/users\/4"}],"replies":[{"embeddable":true,"href":"https:\/\/fr.idloaded.com\/pt\/wp-json\/wp\/v2\/comments?post=69"}],"version-history":[{"count":6,"href":"https:\/\/fr.idloaded.com\/pt\/wp-json\/wp\/v2\/pages\/69\/revisions"}],"predecessor-version":[{"id":506,"href":"https:\/\/fr.idloaded.com\/pt\/wp-json\/wp\/v2\/pages\/69\/revisions\/506"}],"wp:attachment":[{"href":"https:\/\/fr.idloaded.com\/pt\/wp-json\/wp\/v2\/media?parent=69"}],"curies":[{"name":"wp","href":"https:\/\/api.w.org\/{rel}","templated":true}]}}