{"id":73,"date":"2023-12-01T00:53:30","date_gmt":"2023-12-01T03:53:30","guid":{"rendered":"http:\/\/fr.idloaded.com\/?page_id=73"},"modified":"2025-09-05T18:41:57","modified_gmt":"2025-09-05T21:41:57","slug":"politica-de-confidentialitate","status":"publish","type":"page","link":"https:\/\/fr.idloaded.com\/ro\/politica-de-confidentialitate\/","title":{"rendered":"Politica de confiden\u021bialitate"},"content":{"rendered":"<h2>Ghid de confiden\u021bialitate pentru IdLoaded<\/h2>\n<p>\u00cen IdLoaded, care poate fi g\u0103sit la <a href=\"http:\/\/fr.idloaded.com\/ro\/\" target=\"_new\" rel=\"noreferrer noopener\">http:\/\/fr.idloaded.com\/<\/a>, acord\u0103m prioritate confiden\u021bialit\u0103\u021bii vizitatorilor no\u0219tri. Acest document descrie tipurile de informa\u021bii pe care le colect\u0103m \u0219i le \u00eenregistr\u0103m la IdLoaded \u0219i modul \u00een care le folosim.<\/p>\n<p>Dac\u0103 ave\u021bi \u00eentreb\u0103ri suplimentare sau ave\u021bi nevoie de mai multe detalii despre Ghidul nostru de confiden\u021bialitate, nu ezita\u021bi s\u0103 ne contacta\u021bi.<\/p>\n<p>Aceste Ghid de confiden\u021bialitate sunt aplicabile numai activit\u0103\u021bilor noastre online \u0219i sunt relevante pentru vizitatorii site-ului nostru web \u00een ceea ce prive\u0219te informa\u021biile pe care le-au partajat \u0219i\/sau le colecteaz\u0103 \u00een IdLoaded. Aceste instruc\u021biuni nu se aplic\u0103 niciunei informa\u021bii colectate offline sau prin alte canale dec\u00e2t acest site web.<\/p>\n<h3>Acord<\/h3>\n<p>Acces\u00e2nd site-ul nostru, sunte\u021bi de acord cu Ghidul nostru de confiden\u021bialitate \u0219i sunte\u021bi de acord cu termenii acestora.<\/p>\n<h3>Date pe care le colect\u0103m<\/h3>\n<p>Vom explica clar de ce avem nevoie de informa\u021biile personale pe care le solicit\u0103m \u00een momentul \u00een care le solicit\u0103m.<\/p>\n<p>Dac\u0103 ne contacta\u021bi direct, este posibil s\u0103 primim informa\u021bii suplimentare despre dvs., cum ar fi numele dvs., adresa de e-mail, num\u0103rul de telefon, con\u021binutul oric\u0103rui mesaj \u0219i\/sau ata\u0219amente pe care ni le pute\u021bi trimite \u0219i orice alte informa\u021bii pe care a\u021bi putea alege s\u0103 le furniza\u021bi.<\/p>\n<p>C\u00e2nd crea\u021bi un Cont, este posibil s\u0103 v\u0103 solicit\u0103m informa\u021biile de contact, inclusiv elemente precum numele, numele companiei, adresa, adresa de e-mail \u0219i num\u0103rul de telefon.<\/p>\n<h3>Cum folosim datele dvs<\/h3>\n<p>Utiliz\u0103m datele pe care le colect\u0103m \u00eentr-o varietate de moduri, inclusiv pentru:<\/p>\n<ul>\n<li>Furniza\u021bi, opera\u021bi \u0219i \u00eentre\u021bine\u021bi site-ul nostru web<\/li>\n<li>\u00cembun\u0103t\u0103\u021bi\u021bi, personaliza\u021bi \u0219i extinde\u021bi site-ul nostru web<\/li>\n<li>\u00cen\u021belege\u021bi \u0219i analiza\u021bi modul \u00een care utiliza\u021bi site-ul nostru<\/li>\n<li>Crea\u021bi produse, servicii, caracteristici \u0219i func\u021bionalit\u0103\u021bi noi<\/li>\n<li>S\u0103 comunic\u0103m cu dvs., direct sau prin intermediul unuia dintre partenerii no\u0219tri, pentru serviciul clien\u021bi, pentru a furniza actualiz\u0103ri \u0219i alte informa\u021bii referitoare la Site \u0219i \u00een scopuri de marketing \u0219i promo\u021bionale<\/li>\n<li>Trimite e-mailuri<\/li>\n<li>Detecteaz\u0103 \u0219i previne frauda<\/li>\n<\/ul>\n<h3>Fi\u0219iere jurnal<\/h3>\n<p>IdLoaded urmeaz\u0103 o procedur\u0103 standard de utilizare a fi\u0219ierelor jurnal. Aceste fi\u0219iere \u00eenregistreaz\u0103 vizitatorii atunci c\u00e2nd viziteaz\u0103 site-uri web. Toate companiile de g\u0103zduire fac acest lucru ca parte a serviciilor lor de analiz\u0103 de g\u0103zduire. Informa\u021biile colectate de fi\u0219ierele jurnal includ adrese de protocol de internet (IP), tipul de browser, furnizorul de servicii de internet (ISP), marcajul de dat\u0103 \u0219i or\u0103, pagini de referin\u021b\u0103\/ie\u0219ire \u0219i, eventual, num\u0103rul de clicuri. Aceste informa\u021bii nu sunt legate de nicio informa\u021bie care poate fi identificat\u0103 personal. Scopul informa\u021biilor este de a analiza tendin\u021be, de a administra site-ul, de a urm\u0103ri mi\u0219carea utilizatorilor pe site \u0219i de a culege informa\u021bii demografice.<\/p>\n<h3>Cookie-uri \u0219i semnale web<\/h3>\n<p>Ca orice alt site web, IdLoaded folose\u0219te \u201ecookie-uri\u201d. Aceste cookie-uri sunt folosite pentru a stoca informa\u021bii, inclusiv preferin\u021bele vizitatorilor \u0219i paginile de pe site-ul web pe care vizitatorul le-a accesat sau le-a vizitat. Informa\u021biile sunt folosite pentru a optimiza experien\u021ba utilizatorilor prin personalizarea con\u021binutului paginii noastre web pe baza tipului de browser al vizitatorilor \u0219i\/sau a altor informa\u021bii.<\/p>\n<h3>Cookie-ul Google DoubleClick DART<\/h3>\n<p>Google este unul dintre furnizorii ter\u021bi de pe site-ul nostru. De asemenea, utilizeaz\u0103 cookie-uri, cunoscute sub numele de cookie-uri DART, pentru a difuza reclame vizitatorilor site-ului nostru pe baza vizitei acestora la <a href=\"http:\/\/www.website.com\" target=\"_new\" rel=\"noreferrer noopener\">www.website.com<\/a> \u0219i alte site-uri de pe internet. Cu toate acestea, vizitatorii pot alege s\u0103 refuze utilizarea cookie-urilor DART vizit\u00e2nd Politica de confiden\u021bialitate a re\u021belei de anun\u021buri \u0219i de con\u021binut Google la urm\u0103toarea adres\u0103 URL - <a href=\"https:\/\/policies.google.com\/technologies\/ads\" target=\"_new\" rel=\"noreferrer noopener\">https:\/\/policies.google.com\/technologies\/ads<\/a>.<\/p>\n<h3>Reguli de confiden\u021bialitate pentru partenerii de publicitate IdLoaded<\/h3>\n<p>Pute\u021bi consulta aceast\u0103 list\u0103 pentru a g\u0103si Ghidul de confiden\u021bialitate pentru fiecare dintre partenerii de publicitate ai IdLoaded.<\/p>\n<p>Serverele de anun\u021buri sau re\u021belele publicitare ter\u021b\u0103 parte utilizeaz\u0103 tehnologii precum cookie-uri, JavaScript sau Web Beacons \u00een reclamele \u0219i linkurile respective care apar pe IdLoaded, care sunt trimise direct c\u0103tre browserul utilizatorilor. Ei primesc automat adresa dvs. IP atunci c\u00e2nd se \u00eent\u00e2mpl\u0103 acest lucru. Aceste tehnologii sunt folosite pentru a m\u0103sura eficacitatea campaniilor lor de publicitate \u0219i\/sau pentru a personaliza con\u021binutul publicitar pe care \u00eel vede\u021bi pe site-urile web pe care le vizita\u021bi.<\/p>\n<p>Re\u021bine\u021bi c\u0103 IdLoaded nu are acces sau control asupra acestor cookie-uri care sunt utilizate de agen\u021bii de publicitate ter\u021bi.<\/p>\n<h3>Orient\u0103ri privind confiden\u021bialitatea ter\u021bilor<\/h3>\n<p>Politica de confiden\u021bialitate a IdLoaded nu se aplic\u0103 altor agen\u021bi de publicitate sau site-uri web. Astfel, v\u0103 sf\u0103tuim s\u0103 consulta\u021bi Politicile de confiden\u021bialitate respective ale acestor servere de anun\u021buri ter\u021be pentru informa\u021bii mai detaliate. Poate include practicile \u0219i instruc\u021biunile lor despre cum s\u0103 renun\u021ba\u021bi la anumite op\u021biuni.<\/p>\n<p>Ave\u021bi op\u021biunea de a dezactiva cookie-urile prin op\u021biunile individuale ale browserului. Pentru informa\u021bii mai detaliate despre gestionarea cookie-urilor cu anumite browsere web, v\u0103 rug\u0103m s\u0103 consulta\u021bi site-urile respective ale browserelor.<\/p>\n<h3>Drepturi de confiden\u021bialitate CCPA (Nu vinde\u021bi informa\u021biile mele personale).<\/h3>\n<p>Conform CCPA, consumatorii din California au dreptul la:<\/p>\n<ul>\n<li>Solicita\u021bi ca o companie care colecteaz\u0103 date personale ale unui consumator s\u0103 dezv\u0103luie categoriile \u0219i anumite date cu caracter personal pe care o companie le-a colectat despre consumatori.<\/li>\n<li>Solicita\u021bi unei companii s\u0103 \u0219tearg\u0103 orice date personale despre consumator pe care le-a colectat o companie.<\/li>\n<li>Solicita\u021bi ca o companie care vinde datele personale ale unui consumator s\u0103 nu v\u00e2nd\u0103 datele personale ale consumatorului.<\/li>\n<\/ul>\n<p>Dac\u0103 face\u021bi o cerere, avem la dispozi\u021bie o lun\u0103 pentru a v\u0103 r\u0103spunde. Dac\u0103 dori\u021bi s\u0103 v\u0103 exercita\u021bi oricare dintre aceste drepturi, v\u0103 rug\u0103m s\u0103 ne contacta\u021bi.<\/p>\n<h3>Drepturi de protec\u021bie a datelor GDPR<\/h3>\n<p>Dorim s\u0103 ne asigur\u0103m c\u0103 sunte\u021bi pe deplin con\u0219tient de toate drepturile dumneavoastr\u0103 de protec\u021bie a datelor. Fiecare utilizator are dreptul la urm\u0103toarele:<\/p>\n<ul>\n<li>Dreptul de acces \u2013 Ave\u021bi dreptul de a solicita copii ale datelor dumneavoastr\u0103 personale. Este posibil s\u0103 percepem o mic\u0103 tax\u0103 pentru acest serviciu.<\/li>\n<li>Dreptul la rectificare \u2013 Ave\u021bi dreptul de a solicita s\u0103 corect\u0103m orice informa\u021bii pe care le considera\u021bi inexacte. De asemenea, ave\u021bi dreptul de a solicita s\u0103 complet\u0103m informa\u021biile pe care le considera\u021bi incomplete.<\/li>\n<li>Dreptul la \u0219tergere \u2013 Ave\u021bi dreptul de a solicita \u0219tergerea datelor dumneavoastr\u0103 cu caracter personal, \u00een anumite condi\u021bii.<\/li>\n<li>Dreptul de a restric\u021biona prelucrarea \u2013 Ave\u021bi dreptul de a solicita s\u0103 restric\u021bion\u0103m prelucrarea datelor dumneavoastr\u0103 cu caracter personal, \u00een anumite condi\u021bii.<\/li>\n<li>Dreptul de a v\u0103 opune prelucr\u0103rii \u2013 ave\u021bi dreptul de a v\u0103 opune prelucr\u0103rii de c\u0103tre noi a datelor dumneavoastr\u0103 cu caracter personal, \u00een anumite condi\u021bii.<\/li>\n<li>Dreptul la portabilitatea datelor \u2013 Ave\u021bi dreptul de a solicita s\u0103 transfer\u0103m datele pe care le-am colectat c\u0103tre o alt\u0103 organiza\u021bie, sau direct c\u0103tre dumneavoastr\u0103, \u00een anumite condi\u021bii.<\/li>\n<\/ul>\n<p>Dac\u0103 face\u021bi o cerere, avem la dispozi\u021bie o lun\u0103 pentru a v\u0103 r\u0103spunde. Dac\u0103 dori\u021bi s\u0103 v\u0103 exercita\u021bi oricare dintre aceste drepturi, v\u0103 rug\u0103m s\u0103 ne contacta\u021bi.<\/p>\n<h3>Informa\u021bii despre minori<\/h3>\n<p>Una dintre cele mai mari priorit\u0103\u021bi ale noastre este ad\u0103ugarea protec\u021biei copiilor \u00een timp ce folosesc internetul. \u00cencuraj\u0103m p\u0103rin\u021bii \u0219i tutorii s\u0103 observe, s\u0103 participe \u0219i\/sau s\u0103 monitorizeze \u0219i s\u0103-\u0219i ghideze activit\u0103\u021bile online.<\/p>\n<p>IdLoaded nu colecteaz\u0103 cu bun\u0103 \u0219tiin\u021b\u0103 informa\u021bii de identificare personal\u0103 de la copiii cu v\u00e2rsta sub 13 ani. Dac\u0103 crede\u021bi c\u0103 copilul dumneavoastr\u0103 a furnizat acest tip de informa\u021bii pe site-ul nostru web, v\u0103 \u00eencuraj\u0103m cu t\u0103rie s\u0103 ne contacta\u021bi imediat \u0219i vom face tot posibilul pentru a elimina prompt astfel de informa\u021bii din eviden\u021bele noastre.<\/p>\n<h3>Actualiz\u0103ri ale Ghidurilor noastre de confiden\u021bialitate<\/h3>\n<p>Regulile noastre de confiden\u021bialitate pot fi modificate \u00een timp. Prin urmare, v\u0103 recomand\u0103m s\u0103 vizita\u021bi aceast\u0103 pagin\u0103 \u00een mod regulat pentru a fi la curent cu orice modific\u0103ri. V\u0103 vom informa cu privire la orice actualiz\u0103ri prin publicarea Ghidurilor de confiden\u021bialitate revizuite pe aceast\u0103 pagin\u0103. Aceste actualiz\u0103ri vor intra \u00een vigoare imediat dup\u0103 ce vor fi postate pe aceast\u0103 pagin\u0103.<\/p>\n<p>Crearea Ghidurilor noastre de confiden\u021bialitate a fost asistat\u0103 de Generatorul de politici de confiden\u021bialitate.<\/p>\n<h3>Contacta\u0163i-ne<\/h3>\n<p>Dac\u0103 ave\u021bi \u00eentreb\u0103ri sau sugestii cu privire la Ghidul nostru de confiden\u021bialitate, v\u0103 rug\u0103m s\u0103 nu ezita\u021bi s\u0103 ne contacta\u021bi la IdLoaded. Ne pute\u021bi g\u0103si pe site-ul nostru la adresa <a href=\"http:\/\/fr.idloaded.com\/ro\/\" target=\"_new\" rel=\"noreferrer noopener\">http:\/\/fr.idloaded.com\/<\/a>. Pentru mai multe detalii, pute\u021bi consulta \u0219i pagina noastr\u0103 de socializare la IdLoaded.<\/p>","protected":false},"excerpt":{"rendered":"<p>Ghid de confiden\u021bialitate pentru IdLoaded La IdLoaded, care poate fi g\u0103sit la http:\/\/fr.idloaded.com\/, acord\u0103m prioritate confiden\u021bialit\u0103\u021bii vizitatorilor no\u0219tri. Acest document descrie tipurile de informa\u021bii pe care le colect\u0103m \u0219i \u00eenregistr\u0103m la IdLoaded \u0219i modul \u00een care le utiliz\u0103m. Dac\u0103 ave\u021bi alte \u00eentreb\u0103ri sau dori\u021bi mai multe detalii despre Ghidul nostru de confiden\u021bialitate, v\u0103 rug\u0103m s\u0103 ne contacta\u021bi la [\u2026]<\/p>","protected":false},"author":4,"featured_media":0,"parent":0,"menu_order":0,"comment_status":"closed","ping_status":"closed","template":"","meta":{"footnotes":""},"class_list":["post-73","page","type-page","status-publish","hentry"],"_links":{"self":[{"href":"https:\/\/fr.idloaded.com\/ro\/wp-json\/wp\/v2\/pages\/73","targetHints":{"allow":["GET"]}}],"collection":[{"href":"https:\/\/fr.idloaded.com\/ro\/wp-json\/wp\/v2\/pages"}],"about":[{"href":"https:\/\/fr.idloaded.com\/ro\/wp-json\/wp\/v2\/types\/page"}],"author":[{"embeddable":true,"href":"https:\/\/fr.idloaded.com\/ro\/wp-json\/wp\/v2\/users\/4"}],"replies":[{"embeddable":true,"href":"https:\/\/fr.idloaded.com\/ro\/wp-json\/wp\/v2\/comments?post=73"}],"version-history":[{"count":6,"href":"https:\/\/fr.idloaded.com\/ro\/wp-json\/wp\/v2\/pages\/73\/revisions"}],"predecessor-version":[{"id":503,"href":"https:\/\/fr.idloaded.com\/ro\/wp-json\/wp\/v2\/pages\/73\/revisions\/503"}],"wp:attachment":[{"href":"https:\/\/fr.idloaded.com\/ro\/wp-json\/wp\/v2\/media?parent=73"}],"curies":[{"name":"wp","href":"https:\/\/api.w.org\/{rel}","templated":true}]}}