{"id":75,"date":"2023-12-01T00:53:30","date_gmt":"2023-12-01T03:53:30","guid":{"rendered":"http:\/\/fr.idloaded.com\/?page_id=75"},"modified":"2025-09-05T18:42:11","modified_gmt":"2025-09-05T21:42:11","slug":"despre-noi","status":"publish","type":"page","link":"https:\/\/fr.idloaded.com\/ro\/despre-noi\/","title":{"rendered":"Pe"},"content":{"rendered":"<h2>Despre IdLoaded<\/h2>\n<p>La IdLoaded, suntem motiva\u021bi de pasiunea noastr\u0103 de a integra lumea tehnologiei cu cele mai recente \u0219i mai relevante informa\u021bii. Scopul nostru este s\u0103 fim punctul de referin\u021b\u0103 pentru pasiona\u021bii de tehnologie, profesioni\u0219tii din domeniu \u0219i to\u021bi cei interesa\u021bi de cele mai recente inova\u021bii.<\/p>\n<h3>Scopul nostru<\/h3>\n<p>Scopul nostru principal este de a crea un spa\u021biu \u00een care pasiona\u021bii de tehnologie s\u0103 poat\u0103 g\u0103si o mare varietate de informa\u021bii despre inova\u021biile tehnologice, metodele de implementare \u0219i cele mai recente tendin\u021be. Ne str\u0103duim s\u0103 conect\u0103m tradi\u021bia cu inova\u021bia, ajut\u00e2nd profesioni\u0219tii s\u0103 \u00eembr\u0103\u021bi\u0219eze cele mai recente progrese, p\u0103str\u00e2ndu-\u0219i \u00een acela\u0219i timp practicile tradi\u021bionale.<\/p>\n<h3>Serviciile noastre<\/h3>\n<p><strong>Articole informative:<\/strong> Oferim o gam\u0103 larg\u0103 de articole care discut\u0103 subiecte de la gestionarea inteligent\u0103 a datelor p\u00e2n\u0103 la cele mai noi purtabile \u0219i dispozitive inteligente.<\/p>\n<p><strong>Interac\u021biunea comunit\u0103\u021bii:<\/strong> Invit\u0103m iubitorii de tehnologie s\u0103 participe \u0219i s\u0103-\u0219i \u00eemp\u0103rt\u0103\u0219easc\u0103 cuno\u0219tin\u021bele, \u00eencuraj\u00e2nd o comunitate vibrant\u0103 \u0219i divers\u0103.<\/p>\n<p><strong>Repere ale inova\u021biei:<\/strong> Descoperi\u021bi cele mai recente tehnologii, gadget-uri \u0219i gadget-uri care modeleaz\u0103 viitorul.<\/p>\n<p><strong>Recenzii despre produse:<\/strong> Lua\u021bi decizii \u00een cuno\u0219tin\u021b\u0103 de cauz\u0103 cu recenziile \u0219i sugestiile noastre impar\u021biale despre produse.<\/p>\n<p><strong>Resurse de \u00eenv\u0103\u021bare:<\/strong> Ob\u021bine\u021bi cuno\u0219tin\u021be de la profesioni\u0219ti \u0219i exper\u021bi cu experien\u021b\u0103 cu ghidurile \u0219i tutorialele noastre educa\u021bionale.<\/p>\n<p><strong>Dedica\u021bia noastr\u0103:<\/strong> Suntem dedica\u021bi s\u0103 oferim informa\u021bii corecte \u0219i de \u00eencredere. Echipa noastr\u0103 se angajeaz\u0103 s\u0103 \u021bin\u0103 pasul cu lumea rapid\u0103 a tehnologiei \u0219i s\u0103 v\u0103 \u00eemp\u0103rt\u0103\u0219easc\u0103 cuno\u0219tin\u021bele noastre.<\/p>\n<h3>Apreciere<\/h3>\n<p>Le mul\u021bumim sincer cititorilor \u0219i colaboratorilor no\u0219tri. Asisten\u021ba dvs. permite ca IdLoaded s\u0103 prospere. Al\u0103tura\u021bi-v\u0103 nou\u0103 pentru a descoperi combina\u021bia intrigant\u0103 dintre tradi\u021bie \u0219i inova\u021bie tehnologic\u0103. \u00cempreun\u0103, putem trece \u00een viitor, men\u021bin\u00e2ndu-ne angajamentul fa\u021b\u0103 de calitatea \u0219i acurate\u021bea informa\u021biilor.<\/p>\n<p>V\u0103 mul\u021bumim c\u0103 face\u021bi parte din comunitatea IdLoaded! V\u0103 pute\u021bi conecta cu noi prin intermediul site-ului nostru la adresa <a href=\"http:\/\/fr.idloaded.com\/ro\/\" target=\"_new\" rel=\"noreferrer noopener\">http:\/\/fr.idloaded.com\/<\/a>. Pentru mai multe detalii, pute\u021bi vizita \u0219i pagina noastr\u0103 de socializare la IdLoaded.<\/p>","protected":false},"excerpt":{"rendered":"<p>Sobre o IdLoaded No IdLoaded, somos movidos pela nossa paix\u00e3o por integrar o mundo da tecnologia com as informa\u00e7\u00f5es mais recentes e relevantes. Nosso objetivo \u00e9 ser o ponto de refer\u00eancia para entusiastas de tecnologia, profissionais da \u00e1rea e todos aqueles interessados nas \u00faltimas inova\u00e7\u00f5es. Nosso Objetivo Nosso principal objetivo \u00e9 criar um espa\u00e7o onde [&hellip;]<\/p>","protected":false},"author":4,"featured_media":0,"parent":0,"menu_order":0,"comment_status":"closed","ping_status":"closed","template":"","meta":{"footnotes":""},"class_list":["post-75","page","type-page","status-publish","hentry"],"_links":{"self":[{"href":"https:\/\/fr.idloaded.com\/ro\/wp-json\/wp\/v2\/pages\/75","targetHints":{"allow":["GET"]}}],"collection":[{"href":"https:\/\/fr.idloaded.com\/ro\/wp-json\/wp\/v2\/pages"}],"about":[{"href":"https:\/\/fr.idloaded.com\/ro\/wp-json\/wp\/v2\/types\/page"}],"author":[{"embeddable":true,"href":"https:\/\/fr.idloaded.com\/ro\/wp-json\/wp\/v2\/users\/4"}],"replies":[{"embeddable":true,"href":"https:\/\/fr.idloaded.com\/ro\/wp-json\/wp\/v2\/comments?post=75"}],"version-history":[{"count":8,"href":"https:\/\/fr.idloaded.com\/ro\/wp-json\/wp\/v2\/pages\/75\/revisions"}],"predecessor-version":[{"id":508,"href":"https:\/\/fr.idloaded.com\/ro\/wp-json\/wp\/v2\/pages\/75\/revisions\/508"}],"wp:attachment":[{"href":"https:\/\/fr.idloaded.com\/ro\/wp-json\/wp\/v2\/media?parent=75"}],"curies":[{"name":"wp","href":"https:\/\/api.w.org\/{rel}","templated":true}]}}