{"id":75,"date":"2023-12-01T00:53:30","date_gmt":"2023-12-01T03:53:30","guid":{"rendered":"http:\/\/fr.idloaded.com\/?page_id=75"},"modified":"2025-09-05T18:42:11","modified_gmt":"2025-09-05T21:42:11","slug":"o-nas","status":"publish","type":"page","link":"https:\/\/fr.idloaded.com\/sk\/o-nas\/","title":{"rendered":"O"},"content":{"rendered":"<h2>O IdLoaded<\/h2>\n<p>V IdLoaded n\u00e1s poh\u00e1\u0148a na\u0161a v\u00e1\u0161e\u0148 pre integr\u00e1ciu sveta technol\u00f3gi\u00ed s najnov\u0161\u00edmi a najrelevantnej\u0161\u00edmi inform\u00e1ciami. Na\u0161\u00edm cie\u013eom je by\u0165 referen\u010dn\u00fdm bodom pre technologick\u00fdch nad\u0161encov, profesion\u00e1lov v odbore a ka\u017ed\u00e9ho, koho zauj\u00edmaj\u00fa najnov\u0161ie inov\u00e1cie.<\/p>\n<h3>N\u00e1\u0161 cie\u013e<\/h3>\n<p>Na\u0161\u00edm hlavn\u00fdm cie\u013eom je vytvori\u0165 priestor, kde technologick\u00ed nad\u0161enci n\u00e1jdu \u0161irok\u00fa \u0161k\u00e1lu inform\u00e1ci\u00ed o technologick\u00fdch inov\u00e1ci\u00e1ch, met\u00f3dach implement\u00e1cie a najnov\u0161\u00edch trendoch. Sna\u017e\u00edme sa prepoji\u0165 trad\u00edciu s inov\u00e1ciou, pom\u00e1hame profesion\u00e1lom prija\u0165 najnov\u0161ie pokroky a z\u00e1rove\u0148 zachova\u0165 ich tradi\u010dn\u00e9 postupy.<\/p>\n<h3>Na\u0161e slu\u017eby<\/h3>\n<p><strong>Informat\u00edvne \u010dl\u00e1nky:<\/strong> Pon\u00fakame \u0161irok\u00fa \u0161k\u00e1lu \u010dl\u00e1nkov o t\u00e9mach od inteligentnej spr\u00e1vy d\u00e1t a\u017e po najnov\u0161ie nosite\u013en\u00e9 zariadenia a inteligentn\u00e9 zariadenia.<\/p>\n<p><strong>Interakcia komunity:<\/strong> Poz\u00fdvame milovn\u00edkov technol\u00f3gi\u00ed, aby sa z\u00fa\u010dastnili a podelili sa o svoje znalosti, \u010d\u00edm sa vytvor\u00ed \u017eiv\u00e1 a pestr\u00e1 komunita.<\/p>\n<p><strong>Najd\u00f4le\u017eitej\u0161ie inov\u00e1cie:<\/strong> Objavte najnov\u0161ie technol\u00f3gie, vybavenie a vychyt\u00e1vky, ktor\u00e9 formuj\u00fa bud\u00facnos\u0165.<\/p>\n<p><strong>Recenzie produktu:<\/strong> Robte informovan\u00e9 rozhodnutia s na\u0161imi nezaujat\u00fdmi recenziami a n\u00e1vrhmi produktov.<\/p>\n<p><strong>Vzdel\u00e1vacie zdroje:<\/strong> Z\u00edskajte vedomosti od sk\u00fasen\u00fdch profesion\u00e1lov a odborn\u00edkov pomocou na\u0161ich vzdel\u00e1vac\u00edch sprievodcov a tutori\u00e1lov.<\/p>\n<p><strong>Na\u0161e venovanie:<\/strong> Sme odhodlan\u00ed poskytova\u0165 presn\u00e9 a spo\u013eahliv\u00e9 inform\u00e1cie. N\u00e1\u0161 t\u00edm je odhodlan\u00fd dr\u017ea\u0165 krok s r\u00fdchlo sa rozv\u00edjaj\u00facim svetom technol\u00f3gi\u00ed a zdie\u013ea\u0165 s vami na\u0161e poznatky.<\/p>\n<h3>Ocenenie<\/h3>\n<p>\u00daprimne \u010fakujeme na\u0161im \u010ditate\u013eom a prispievate\u013eom. Va\u0161a podpora umo\u017e\u0148uje IdLoaded prosperova\u0165. Pridajte sa k n\u00e1m a objavte fascinuj\u00facu kombin\u00e1ciu trad\u00edcie a technologick\u00fdch inov\u00e1ci\u00ed. Spolo\u010dne sa m\u00f4\u017eeme posun\u00fa\u0165 do bud\u00facnosti a z\u00e1rove\u0148 dodr\u017ea\u0165 n\u00e1\u0161 z\u00e1v\u00e4zok t\u00fdkaj\u00faci sa kvality a presnosti inform\u00e1ci\u00ed.<\/p>\n<p>\u010eakujeme, \u017ee ste s\u00fa\u010das\u0165ou komunity IdLoaded! M\u00f4\u017eete sa s nami spoji\u0165 prostredn\u00edctvom na\u0161ej webovej str\u00e1nky na adrese <a href=\"http:\/\/fr.idloaded.com\/sk\/\" target=\"_new\" rel=\"noreferrer noopener\">http:\/\/fr.idloaded.com\/<\/a>. Pre viac podrobnost\u00ed m\u00f4\u017eete nav\u0161t\u00edvi\u0165 aj na\u0161u str\u00e1nku soci\u00e1lnych m\u00e9di\u00ed na IdLoaded.<\/p>","protected":false},"excerpt":{"rendered":"<p>Sobre o IdLoaded No IdLoaded, somos movidos pela nossa paix\u00e3o por integrar o mundo da tecnologia com as informa\u00e7\u00f5es mais recentes e relevantes. Nosso objetivo \u00e9 ser o ponto de refer\u00eancia para entusiastas de tecnologia, profissionais da \u00e1rea e todos aqueles interessados nas \u00faltimas inova\u00e7\u00f5es. Nosso Objetivo Nosso principal objetivo \u00e9 criar um espa\u00e7o onde [&hellip;]<\/p>","protected":false},"author":4,"featured_media":0,"parent":0,"menu_order":0,"comment_status":"closed","ping_status":"closed","template":"","meta":{"footnotes":""},"class_list":["post-75","page","type-page","status-publish","hentry"],"_links":{"self":[{"href":"https:\/\/fr.idloaded.com\/sk\/wp-json\/wp\/v2\/pages\/75","targetHints":{"allow":["GET"]}}],"collection":[{"href":"https:\/\/fr.idloaded.com\/sk\/wp-json\/wp\/v2\/pages"}],"about":[{"href":"https:\/\/fr.idloaded.com\/sk\/wp-json\/wp\/v2\/types\/page"}],"author":[{"embeddable":true,"href":"https:\/\/fr.idloaded.com\/sk\/wp-json\/wp\/v2\/users\/4"}],"replies":[{"embeddable":true,"href":"https:\/\/fr.idloaded.com\/sk\/wp-json\/wp\/v2\/comments?post=75"}],"version-history":[{"count":8,"href":"https:\/\/fr.idloaded.com\/sk\/wp-json\/wp\/v2\/pages\/75\/revisions"}],"predecessor-version":[{"id":508,"href":"https:\/\/fr.idloaded.com\/sk\/wp-json\/wp\/v2\/pages\/75\/revisions\/508"}],"wp:attachment":[{"href":"https:\/\/fr.idloaded.com\/sk\/wp-json\/wp\/v2\/media?parent=75"}],"curies":[{"name":"wp","href":"https:\/\/api.w.org\/{rel}","templated":true}]}}