{"id":73,"date":"2023-12-01T00:53:30","date_gmt":"2023-12-01T03:53:30","guid":{"rendered":"http:\/\/fr.idloaded.com\/?page_id=73"},"modified":"2025-09-05T18:41:57","modified_gmt":"2025-09-05T21:41:57","slug":"sekretesspolicy","status":"publish","type":"page","link":"https:\/\/fr.idloaded.com\/sv\/sekretesspolicy\/","title":{"rendered":"Integritetspolicy"},"content":{"rendered":"<h2>Sekretessriktlinjer f\u00f6r IdLoaded<\/h2>\n<p>I IdLoaded, som finns p\u00e5 <a href=\"http:\/\/fr.idloaded.com\/sv\/\" target=\"_new\" rel=\"noreferrer noopener\">http:\/\/fr.idloaded.com\/<\/a>prioriterar vi integriteten f\u00f6r v\u00e5ra bes\u00f6kare. Detta dokument beskriver de typer av information vi samlar in och registrerar p\u00e5 IdLoaded och hur vi anv\u00e4nder den.<\/p>\n<p>Om du har ytterligare fr\u00e5gor eller beh\u00f6ver mer information om v\u00e5ra riktlinjer f\u00f6r integritet, \u00e4r du v\u00e4lkommen att kontakta oss.<\/p>\n<p>Dessa integritetsriktlinjer g\u00e4ller endast f\u00f6r v\u00e5ra onlineaktiviteter och \u00e4r relevanta f\u00f6r v\u00e5ra webbplatsbes\u00f6kare i f\u00f6rh\u00e5llande till den information som de delar och\/eller samlar in i IdLoaded. Dessa riktlinjer g\u00e4ller inte f\u00f6r information som samlas in offline eller via andra kanaler \u00e4n denna webbplats.<\/p>\n<h3>Avtal<\/h3>\n<p>Genom att g\u00e5 in p\u00e5 v\u00e5r webbplats godk\u00e4nner du v\u00e5ra riktlinjer f\u00f6r sekretess och samtycker till dess villkor.<\/p>\n<h3>Data vi samlar in<\/h3>\n<p>Vi kommer tydligt att f\u00f6rklara varf\u00f6r vi beh\u00f6ver de personuppgifter vi beg\u00e4r n\u00e4r vi ber om dem.<\/p>\n<p>Om du kontaktar oss direkt kan vi f\u00e5 ytterligare information om dig s\u00e5som ditt namn, e-postadress, telefonnummer, inneh\u00e5llet i alla meddelanden och\/eller bilagor som du kan skicka till oss och all annan information du kan v\u00e4lja att tillhandah\u00e5lla.<\/p>\n<p>N\u00e4r du skapar ett konto kan vi be om din kontaktinformation, inklusive uppgifter som namn, f\u00f6retagsnamn, adress, e-postadress och telefonnummer.<\/p>\n<h3>Hur vi anv\u00e4nder dina uppgifter<\/h3>\n<p>Vi anv\u00e4nder uppgifterna vi samlar in p\u00e5 en m\u00e4ngd olika s\u00e4tt, inklusive f\u00f6r att:<\/p>\n<ul>\n<li>Tillhandah\u00e5lla, driva och underh\u00e5lla v\u00e5r webbplats<\/li>\n<li>F\u00f6rb\u00e4ttra, anpassa och ut\u00f6ka v\u00e5r webbplats<\/li>\n<li>F\u00f6rst\u00e5 och analysera hur du anv\u00e4nder v\u00e5r webbplats<\/li>\n<li>Skapa nya produkter, tj\u00e4nster, funktioner och funktionalitet<\/li>\n<li>Kommunicera med dig, direkt eller genom n\u00e5gon av v\u00e5ra partners, f\u00f6r kundservice, f\u00f6r att tillhandah\u00e5lla uppdateringar och annan information som r\u00f6r webbplatsen och f\u00f6r marknadsf\u00f6rings- och reklamsyfte<\/li>\n<li>Skicka mejl<\/li>\n<li>Uppt\u00e4ck och f\u00f6rhindra bedr\u00e4gerier<\/li>\n<\/ul>\n<h3>Registerfiler<\/h3>\n<p>IdLoaded f\u00f6ljer en standardprocedur f\u00f6r att anv\u00e4nda loggfiler. Dessa filer registrerar bes\u00f6kare n\u00e4r de bes\u00f6ker webbplatser. Alla v\u00e4rdf\u00f6retag g\u00f6r detta som en del av sina v\u00e4rdanalystj\u00e4nster. Informationen som samlas in av loggfiler inkluderar IP-adresser (Internet Protocol), webbl\u00e4sartyp, Internetleverant\u00f6r (ISP), datum- och tidsst\u00e4mpel, referens-\/utg\u00e5ngssidor och m\u00f6jligen antalet klick. Denna information \u00e4r inte kopplad till n\u00e5gon information som \u00e4r personligt identifierbar. Syftet med informationen \u00e4r att analysera trender, administrera webbplatsen, sp\u00e5ra anv\u00e4ndares r\u00f6relser p\u00e5 webbplatsen och samla in demografisk information.<\/p>\n<h3>Cookies och webbsignaler<\/h3>\n<p>Precis som alla andra webbplatser anv\u00e4nder IdLoaded &quot;cookies&quot;. Dessa cookies anv\u00e4nds f\u00f6r att lagra information, inklusive bes\u00f6karnas preferenser och de sidor p\u00e5 webbplatsen som bes\u00f6karen bes\u00f6kte eller bes\u00f6kte. Informationen anv\u00e4nds f\u00f6r att optimera anv\u00e4ndarnas upplevelse genom att anpassa inneh\u00e5llet p\u00e5 v\u00e5r webbsida baserat p\u00e5 bes\u00f6karnas webbl\u00e4sartyp och\/eller annan information.<\/p>\n<h3>Google DoubleClick DART Cookie<\/h3>\n<p>Google \u00e4r en av tredjepartsleverant\u00f6rerna p\u00e5 v\u00e5r webbplats. Den anv\u00e4nder ocks\u00e5 cookies, s\u00e5 kallade DART-cookies, f\u00f6r att visa annonser till v\u00e5ra webbplatsbes\u00f6kare baserat p\u00e5 deras bes\u00f6k p\u00e5 <a href=\"http:\/\/www.website.com\" target=\"_new\" rel=\"noreferrer noopener\">www.website.com<\/a> och andra webbplatser p\u00e5 internet. Bes\u00f6kare kan dock v\u00e4lja att avb\u00f6ja anv\u00e4ndningen av DART-cookies genom att bes\u00f6ka Googles sekretesspolicy f\u00f6r annons- och inneh\u00e5llsn\u00e4tverk p\u00e5 f\u00f6ljande webbadress \u2013 <a href=\"https:\/\/policies.google.com\/technologies\/ads\" target=\"_new\" rel=\"noreferrer noopener\">https:\/\/policies.google.com\/technologies\/ads<\/a>.<\/p>\n<h3>Sekretessriktlinjer f\u00f6r IdLoaded Advertising Partners<\/h3>\n<p>Du kan konsultera den h\u00e4r listan f\u00f6r att hitta integritetsriktlinjerna f\u00f6r var och en av IdLoadeds annonspartners.<\/p>\n<p>Tredjeparts annonsservrar eller annonsn\u00e4tverk anv\u00e4nder teknik som cookies, JavaScript eller Web Beacons i sina respektive annonser och l\u00e4nkar som visas p\u00e5 IdLoaded, som skickas direkt till anv\u00e4ndarnas webbl\u00e4sare. De f\u00e5r automatiskt din IP-adress n\u00e4r detta intr\u00e4ffar. Dessa tekniker anv\u00e4nds f\u00f6r att m\u00e4ta effektiviteten av deras reklamkampanjer och\/eller f\u00f6r att anpassa annonsinneh\u00e5llet som du ser p\u00e5 webbplatser som du bes\u00f6ker.<\/p>\n<p>Observera att IdLoaded inte har tillg\u00e5ng till eller kontroll \u00f6ver dessa cookies som anv\u00e4nds av tredjepartsannons\u00f6rer.<\/p>\n<h3>Tredje parts sekretessriktlinjer<\/h3>\n<p>IdLoadeds integritetspolicy g\u00e4ller inte andra annons\u00f6rer eller webbplatser. D\u00e4rf\u00f6r r\u00e5der vi dig att konsultera respektive integritetspolicy f\u00f6r dessa tredjepartsannonsservrar f\u00f6r mer detaljerad information. Det kan inneh\u00e5lla dess praxis och instruktioner om hur man v\u00e4ljer bort vissa alternativ.<\/p>\n<p>Du har m\u00f6jlighet att inaktivera cookies genom dina individuella webbl\u00e4saralternativ. F\u00f6r att f\u00e5 mer detaljerad information om cookiehantering med specifika webbl\u00e4sare finns den p\u00e5 webbl\u00e4sarnas respektive webbplatser.<\/p>\n<h3>CCPA-sekretessr\u00e4ttigheter (s\u00e4lj inte min personliga information)<\/h3>\n<p>Enligt CCPA har konsumenter i Kalifornien r\u00e4tt att:<\/p>\n<ul>\n<li>Beg\u00e4r att ett f\u00f6retag som samlar in en konsuments personuppgifter avsl\u00f6jar de kategorier och specifika delar av personuppgifter som ett f\u00f6retag har samlat in om konsumenter.<\/li>\n<li>Beg\u00e4r att ett f\u00f6retag raderar eventuella personuppgifter om konsumenten som ett f\u00f6retag har samlat in.<\/li>\n<li>Be att ett f\u00f6retag som s\u00e4ljer en konsuments personuppgifter inte s\u00e4ljer konsumentens personuppgifter.<\/li>\n<\/ul>\n<p>Om du g\u00f6r en f\u00f6rfr\u00e5gan har vi en m\u00e5nad p\u00e5 oss att svara dig. Om du vill ut\u00f6va n\u00e5gon av dessa r\u00e4ttigheter, v\u00e4nligen kontakta oss.<\/p>\n<h3>GDPR Dataskyddsr\u00e4ttigheter<\/h3>\n<p>Vi vill s\u00e4kerst\u00e4lla att du \u00e4r fullt medveten om alla dina dataskyddsr\u00e4ttigheter. Varje anv\u00e4ndare har r\u00e4tt till f\u00f6ljande:<\/p>\n<ul>\n<li>R\u00e4tt till tillg\u00e5ng \u2013 Du har r\u00e4tt att beg\u00e4ra kopior av dina personuppgifter. Vi kan ta ut en liten avgift f\u00f6r denna tj\u00e4nst.<\/li>\n<li>R\u00e4tten till r\u00e4ttelse \u2013 Du har r\u00e4tt att beg\u00e4ra att vi korrigerar all information som du anser \u00e4r felaktig. Du har ocks\u00e5 r\u00e4tt att beg\u00e4ra att vi kompletterar information som du anser \u00e4r ofullst\u00e4ndig.<\/li>\n<li>R\u00e4tten till radering \u2013 Du har r\u00e4tt att beg\u00e4ra att vi raderar dina personuppgifter, under vissa f\u00f6ruts\u00e4ttningar.<\/li>\n<li>R\u00e4tten att begr\u00e4nsa behandlingen \u2013 Du har r\u00e4tt att beg\u00e4ra att vi begr\u00e4nsar behandlingen av dina personuppgifter, under vissa f\u00f6ruts\u00e4ttningar.<\/li>\n<li>R\u00e4tt att inv\u00e4nda mot behandling \u2013 Du har r\u00e4tt att inv\u00e4nda mot v\u00e5r behandling av dina personuppgifter, under vissa f\u00f6ruts\u00e4ttningar.<\/li>\n<li>R\u00e4tten till dataportabilitet \u2013 Du har r\u00e4tt att beg\u00e4ra att vi \u00f6verf\u00f6r de uppgifter vi samlar in till en annan organisation, eller direkt till dig, under vissa f\u00f6ruts\u00e4ttningar.<\/li>\n<\/ul>\n<p>Om du g\u00f6r en f\u00f6rfr\u00e5gan har vi en m\u00e5nad p\u00e5 oss att svara dig. Om du vill ut\u00f6va n\u00e5gon av dessa r\u00e4ttigheter, v\u00e4nligen kontakta oss.<\/p>\n<h3>Information om minder\u00e5riga<\/h3>\n<p>En av v\u00e5ra st\u00f6rsta prioriteringar \u00e4r att l\u00e4gga till skydd f\u00f6r barn n\u00e4r de anv\u00e4nder internet. Vi uppmuntrar f\u00f6r\u00e4ldrar och v\u00e5rdnadshavare att observera, delta i och\/eller \u00f6vervaka och v\u00e4gleda deras onlineaktiviteter.<\/p>\n<p>IdLoaded samlar inte medvetet in n\u00e5gon personlig identifierbar information fr\u00e5n barn under 13 \u00e5r. Om du tror att ditt barn har tillhandah\u00e5llit denna typ av information p\u00e5 v\u00e5r webbplats, rekommenderar vi starkt att du kontaktar oss omedelbart och vi kommer att g\u00f6ra v\u00e5rt b\u00e4sta f\u00f6r att omedelbart ta bort s\u00e5dan information fr\u00e5n v\u00e5ra register.<\/p>\n<h3>Uppdateringar av v\u00e5ra riktlinjer f\u00f6r integritet<\/h3>\n<p>V\u00e5ra riktlinjer f\u00f6r integritet kan komma att \u00e4ndras fr\u00e5n tid till annan. D\u00e4rf\u00f6r rekommenderar vi att du bes\u00f6ker den h\u00e4r sidan regelbundet f\u00f6r att h\u00e5lla dig informerad om eventuella \u00e4ndringar. Vi kommer att informera dig om eventuella uppdateringar genom att publicera de reviderade integritetsriktlinjerna p\u00e5 denna sida. Dessa uppdateringar kommer att tr\u00e4da i kraft omedelbart efter att de publicerats p\u00e5 denna sida.<\/p>\n<p>Skapandet av v\u00e5ra riktlinjer f\u00f6r integritet har hj\u00e4lpts av Generatorn f\u00f6r sekretesspolicyer.<\/p>\n<h3>Kontakta oss<\/h3>\n<p>Om du har n\u00e5gra fr\u00e5gor eller f\u00f6rslag ang\u00e5ende v\u00e5ra riktlinjer f\u00f6r integritet \u00e4r du v\u00e4lkommen att kontakta oss p\u00e5 IdLoaded. Du hittar oss p\u00e5 v\u00e5r hemsida p\u00e5 <a href=\"http:\/\/fr.idloaded.com\/sv\/\" target=\"_new\" rel=\"noreferrer noopener\">http:\/\/fr.idloaded.com\/<\/a>. F\u00f6r mer information kan du ocks\u00e5 kolla v\u00e5r sida f\u00f6r sociala medier p\u00e5 IdLoaded.<\/p>","protected":false},"excerpt":{"rendered":"<p>IdLoadeds sekretessriktlinjer P\u00e5 IdLoaded, som finns p\u00e5 http:\/\/fr.idloaded.com\/, prioriterar vi v\u00e5ra bes\u00f6kares integritet. Detta dokument beskriver vilka typer av information vi samlar in och registrerar p\u00e5 IdLoaded och hur vi anv\u00e4nder den. Om du har ytterligare fr\u00e5gor eller beh\u00f6ver mer information om v\u00e5ra sekretessriktlinjer \u00e4r du v\u00e4lkommen att kontakta oss.<\/p>","protected":false},"author":4,"featured_media":0,"parent":0,"menu_order":0,"comment_status":"closed","ping_status":"closed","template":"","meta":{"footnotes":""},"class_list":["post-73","page","type-page","status-publish","hentry"],"_links":{"self":[{"href":"https:\/\/fr.idloaded.com\/sv\/wp-json\/wp\/v2\/pages\/73","targetHints":{"allow":["GET"]}}],"collection":[{"href":"https:\/\/fr.idloaded.com\/sv\/wp-json\/wp\/v2\/pages"}],"about":[{"href":"https:\/\/fr.idloaded.com\/sv\/wp-json\/wp\/v2\/types\/page"}],"author":[{"embeddable":true,"href":"https:\/\/fr.idloaded.com\/sv\/wp-json\/wp\/v2\/users\/4"}],"replies":[{"embeddable":true,"href":"https:\/\/fr.idloaded.com\/sv\/wp-json\/wp\/v2\/comments?post=73"}],"version-history":[{"count":6,"href":"https:\/\/fr.idloaded.com\/sv\/wp-json\/wp\/v2\/pages\/73\/revisions"}],"predecessor-version":[{"id":503,"href":"https:\/\/fr.idloaded.com\/sv\/wp-json\/wp\/v2\/pages\/73\/revisions\/503"}],"wp:attachment":[{"href":"https:\/\/fr.idloaded.com\/sv\/wp-json\/wp\/v2\/media?parent=73"}],"curies":[{"name":"wp","href":"https:\/\/api.w.org\/{rel}","templated":true}]}}