{"id":75,"date":"2023-12-01T00:53:30","date_gmt":"2023-12-01T03:53:30","guid":{"rendered":"http:\/\/fr.idloaded.com\/?page_id=75"},"modified":"2025-09-05T18:42:11","modified_gmt":"2025-09-05T21:42:11","slug":"om-oss","status":"publish","type":"page","link":"https:\/\/fr.idloaded.com\/sv\/om-oss\/","title":{"rendered":"Handla om"},"content":{"rendered":"<h2>Om IdLoaded<\/h2>\n<p>P\u00e5 IdLoaded drivs vi av v\u00e5r passion att integrera teknikens v\u00e4rld med den senaste och mest relevanta informationen. V\u00e5rt m\u00e5l \u00e4r att vara referenspunkten f\u00f6r teknikentusiaster, proffs inom omr\u00e5det och alla som \u00e4r intresserade av de senaste innovationerna.<\/p>\n<h3>V\u00e5rt m\u00e5l<\/h3>\n<p>V\u00e5rt huvudm\u00e5l \u00e4r att skapa ett utrymme d\u00e4r teknikentusiaster kan hitta en m\u00e4ngd olika information om tekniska innovationer, implementeringsmetoder och de senaste trenderna. Vi str\u00e4var efter att f\u00f6rena tradition med innovation och hj\u00e4lpa yrkesverksamma att ta till sig de senaste framstegen samtidigt som de bevarar sina traditionella metoder.<\/p>\n<h3>V\u00e5ra tj\u00e4nster<\/h3>\n<p><strong>Informationsartiklar:<\/strong> Vi erbjuder ett brett utbud av artiklar som diskuterar \u00e4mnen fr\u00e5n smart datahantering till det senaste inom wearables och smarta enheter.<\/p>\n<p><strong>Gemenskapsinteraktion:<\/strong> Vi inbjuder teknik\u00e4lskare att delta och dela med sig av sin kunskap, vilket fr\u00e4mjar en levande och m\u00e5ngsidig gemenskap.<\/p>\n<p><strong>Innovationsh\u00f6jdpunkter:<\/strong> Uppt\u00e4ck den senaste tekniken, prylarna och prylarna som formar framtiden.<\/p>\n<p><strong>Produktrecensioner:<\/strong> Ta v\u00e4lgrundade beslut med v\u00e5ra objektiva produktrecensioner och f\u00f6rslag.<\/p>\n<p><strong>L\u00e4rresurser:<\/strong> F\u00e5 kunskap fr\u00e5n erfarna proffs och experter med v\u00e5ra utbildningsguider och handledningar.<\/p>\n<p><strong>V\u00e5rt engagemang:<\/strong> Vi \u00e4r dedikerade till att tillhandah\u00e5lla korrekt och tillf\u00f6rlitlig information. V\u00e5rt team \u00e4r fast beslutna att h\u00e4nga med i den snabba teknikv\u00e4rlden och dela v\u00e5ra insikter med dig.<\/p>\n<h3>Uppskattning<\/h3>\n<p>Vi tackar hj\u00e4rtligt v\u00e5ra l\u00e4sare och bidragsgivare. Ditt st\u00f6d g\u00f6r att IdLoaded kan frodas. F\u00f6lj med oss och uppt\u00e4ck den sp\u00e4nnande kombinationen av tradition och teknisk innovation. Tillsammans kan vi g\u00e5 in i framtiden samtidigt som vi beh\u00e5ller v\u00e5rt engagemang f\u00f6r informationskvalitet och precision.<\/p>\n<p>Tack f\u00f6r att du \u00e4r en del av IdLoaded-communityt! Du kan ansluta till oss via v\u00e5r hemsida p\u00e5 <a href=\"http:\/\/fr.idloaded.com\/sv\/\" target=\"_new\" rel=\"noreferrer noopener\">http:\/\/fr.idloaded.com\/<\/a>. F\u00f6r mer information kan du ocks\u00e5 bes\u00f6ka v\u00e5r sida f\u00f6r sociala medier p\u00e5 IdLoaded.<\/p>","protected":false},"excerpt":{"rendered":"<p>Sobre o IdLoaded No IdLoaded, somos movidos pela nossa paix\u00e3o por integrar o mundo da tecnologia com as informa\u00e7\u00f5es mais recentes e relevantes. Nosso objetivo \u00e9 ser o ponto de refer\u00eancia para entusiastas de tecnologia, profissionais da \u00e1rea e todos aqueles interessados nas \u00faltimas inova\u00e7\u00f5es. Nosso Objetivo Nosso principal objetivo \u00e9 criar um espa\u00e7o onde [&hellip;]<\/p>","protected":false},"author":4,"featured_media":0,"parent":0,"menu_order":0,"comment_status":"closed","ping_status":"closed","template":"","meta":{"footnotes":""},"class_list":["post-75","page","type-page","status-publish","hentry"],"_links":{"self":[{"href":"https:\/\/fr.idloaded.com\/sv\/wp-json\/wp\/v2\/pages\/75","targetHints":{"allow":["GET"]}}],"collection":[{"href":"https:\/\/fr.idloaded.com\/sv\/wp-json\/wp\/v2\/pages"}],"about":[{"href":"https:\/\/fr.idloaded.com\/sv\/wp-json\/wp\/v2\/types\/page"}],"author":[{"embeddable":true,"href":"https:\/\/fr.idloaded.com\/sv\/wp-json\/wp\/v2\/users\/4"}],"replies":[{"embeddable":true,"href":"https:\/\/fr.idloaded.com\/sv\/wp-json\/wp\/v2\/comments?post=75"}],"version-history":[{"count":8,"href":"https:\/\/fr.idloaded.com\/sv\/wp-json\/wp\/v2\/pages\/75\/revisions"}],"predecessor-version":[{"id":508,"href":"https:\/\/fr.idloaded.com\/sv\/wp-json\/wp\/v2\/pages\/75\/revisions\/508"}],"wp:attachment":[{"href":"https:\/\/fr.idloaded.com\/sv\/wp-json\/wp\/v2\/media?parent=75"}],"curies":[{"name":"wp","href":"https:\/\/api.w.org\/{rel}","templated":true}]}}