{"id":75,"date":"2023-12-01T00:53:30","date_gmt":"2023-12-01T03:53:30","guid":{"rendered":"http:\/\/fr.idloaded.com\/?page_id=75"},"modified":"2025-09-05T18:42:11","modified_gmt":"2025-09-05T21:42:11","slug":"%d0%bf%d1%80%d0%be-%d0%bd%d0%b0%d1%81","status":"publish","type":"page","link":"https:\/\/fr.idloaded.com\/uk\/%d0%bf%d1%80%d0%be-%d0%bd%d0%b0%d1%81\/","title":{"rendered":"\u0423\u0432\u0456\u043c\u043a\u043d\u0435\u043d\u043e"},"content":{"rendered":"<h2>\u041f\u0440\u043e IdLoaded<\/h2>\n<p>\u041d\u0430\u043c\u0438 \u0432 IdLoaded \u043a\u0435\u0440\u0443\u0454 \u043d\u0430\u0448\u0430 \u043f\u0440\u0438\u0441\u0442\u0440\u0430\u0441\u0442\u044c \u0456\u043d\u0442\u0435\u0433\u0440\u0443\u0432\u0430\u0442\u0438 \u0441\u0432\u0456\u0442 \u0442\u0435\u0445\u043d\u043e\u043b\u043e\u0433\u0456\u0439 \u0456\u0437 \u043d\u0430\u0439\u043d\u043e\u0432\u0456\u0448\u043e\u044e \u0442\u0430 \u0430\u043a\u0442\u0443\u0430\u043b\u044c\u043d\u043e\u044e \u0456\u043d\u0444\u043e\u0440\u043c\u0430\u0446\u0456\u0454\u044e. \u041d\u0430\u0448\u0430 \u043c\u0435\u0442\u0430 \u2014 \u0431\u0443\u0442\u0438 \u043e\u0440\u0456\u0454\u043d\u0442\u0438\u0440\u043e\u043c \u0434\u043b\u044f \u0435\u043d\u0442\u0443\u0437\u0456\u0430\u0441\u0442\u0456\u0432 \u0442\u0435\u0445\u043d\u043e\u043b\u043e\u0433\u0456\u0439, \u043f\u0440\u043e\u0444\u0435\u0441\u0456\u043e\u043d\u0430\u043b\u0456\u0432 \u0443 \u0446\u0456\u0439 \u0433\u0430\u043b\u0443\u0437\u0456 \u0442\u0430 \u0432\u0441\u0456\u0445, \u0445\u0442\u043e \u0446\u0456\u043a\u0430\u0432\u0438\u0442\u044c\u0441\u044f \u043e\u0441\u0442\u0430\u043d\u043d\u0456\u043c\u0438 \u0456\u043d\u043d\u043e\u0432\u0430\u0446\u0456\u044f\u043c\u0438.<\/p>\n<h3>\u041d\u0430\u0448\u0430 \u043c\u0435\u0442\u0430<\/h3>\n<p>\u041d\u0430\u0448\u0430 \u0433\u043e\u043b\u043e\u0432\u043d\u0430 \u043c\u0435\u0442\u0430 \u2013 \u0441\u0442\u0432\u043e\u0440\u0438\u0442\u0438 \u043f\u0440\u043e\u0441\u0442\u0456\u0440, \u0434\u0435 \u0435\u043d\u0442\u0443\u0437\u0456\u0430\u0441\u0442\u0438 \u0442\u0435\u0445\u043d\u043e\u043b\u043e\u0433\u0456\u0439 \u0437\u043c\u043e\u0436\u0443\u0442\u044c \u0437\u043d\u0430\u0439\u0442\u0438 \u0440\u0456\u0437\u043d\u043e\u043c\u0430\u043d\u0456\u0442\u043d\u0443 \u0456\u043d\u0444\u043e\u0440\u043c\u0430\u0446\u0456\u044e \u043f\u0440\u043e \u0442\u0435\u0445\u043d\u043e\u043b\u043e\u0433\u0456\u0447\u043d\u0456 \u0456\u043d\u043d\u043e\u0432\u0430\u0446\u0456\u0457, \u0441\u043f\u043e\u0441\u043e\u0431\u0438 \u0432\u043f\u0440\u043e\u0432\u0430\u0434\u0436\u0435\u043d\u043d\u044f \u0442\u0430 \u043e\u0441\u0442\u0430\u043d\u043d\u0456 \u0442\u0440\u0435\u043d\u0434\u0438. \u041c\u0438 \u043f\u0440\u0430\u0433\u043d\u0435\u043c\u043e \u043f\u043e\u0454\u0434\u043d\u0430\u0442\u0438 \u0442\u0440\u0430\u0434\u0438\u0446\u0456\u0457 \u0437 \u0456\u043d\u043d\u043e\u0432\u0430\u0446\u0456\u044f\u043c\u0438, \u0434\u043e\u043f\u043e\u043c\u0430\u0433\u0430\u044e\u0447\u0438 \u043f\u0440\u043e\u0444\u0435\u0441\u0456\u043e\u043d\u0430\u043b\u0430\u043c \u0441\u043f\u0440\u0438\u0439\u043c\u0430\u0442\u0438 \u043e\u0441\u0442\u0430\u043d\u043d\u0456 \u0434\u043e\u0441\u044f\u0433\u043d\u0435\u043d\u043d\u044f, \u0437\u0431\u0435\u0440\u0456\u0433\u0430\u044e\u0447\u0438 \u043f\u0440\u0438 \u0446\u044c\u043e\u043c\u0443 \u0457\u0445\u043d\u0456 \u0442\u0440\u0430\u0434\u0438\u0446\u0456\u0439\u043d\u0456 \u043f\u0440\u0430\u043a\u0442\u0438\u043a\u0438.<\/p>\n<h3>\u041d\u0430\u0448\u0456 \u043f\u043e\u0441\u043b\u0443\u0433\u0438<\/h3>\n<p><strong>\u0406\u043d\u0444\u043e\u0440\u043c\u0430\u0446\u0456\u0439\u043d\u0456 \u0441\u0442\u0430\u0442\u0442\u0456:<\/strong> \u041c\u0438 \u043f\u0440\u043e\u043f\u043e\u043d\u0443\u0454\u043c\u043e \u0448\u0438\u0440\u043e\u043a\u0438\u0439 \u0432\u0438\u0431\u0456\u0440 \u0441\u0442\u0430\u0442\u0435\u0439, \u043d\u0430 \u044f\u043a\u0456 \u043e\u0431\u0433\u043e\u0432\u043e\u0440\u044e\u044e\u0442\u044c\u0441\u044f \u0442\u0435\u043c\u0438: \u0432\u0456\u0434 \u0456\u043d\u0442\u0435\u043b\u0435\u043a\u0442\u0443\u0430\u043b\u044c\u043d\u043e\u0433\u043e \u043a\u0435\u0440\u0443\u0432\u0430\u043d\u043d\u044f \u0434\u0430\u043d\u0438\u043c\u0438 \u0434\u043e \u043d\u0430\u0439\u043d\u043e\u0432\u0456\u0448\u0438\u0445 \u043f\u0440\u0438\u0441\u0442\u0440\u043e\u0457\u0432, \u0449\u043e \u043d\u043e\u0441\u044f\u0442\u044c\u0441\u044f, \u0456 \u0440\u043e\u0437\u0443\u043c\u043d\u0438\u0445 \u043f\u0440\u0438\u0441\u0442\u0440\u043e\u0457\u0432.<\/p>\n<p><strong>\u0412\u0437\u0430\u0454\u043c\u043e\u0434\u0456\u044f \u0441\u043f\u0456\u043b\u044c\u043d\u043e\u0442\u0438:<\/strong> \u041c\u0438 \u0437\u0430\u043f\u0440\u043e\u0448\u0443\u0454\u043c\u043e \u043b\u044e\u0431\u0438\u0442\u0435\u043b\u0456\u0432 \u0442\u0435\u0445\u043d\u043e\u043b\u043e\u0433\u0456\u0439 \u0432\u0437\u044f\u0442\u0438 \u0443\u0447\u0430\u0441\u0442\u044c \u0456 \u043f\u043e\u0434\u0456\u043b\u0438\u0442\u0438\u0441\u044f \u0441\u0432\u043e\u0457\u043c\u0438 \u0437\u043d\u0430\u043d\u043d\u044f\u043c\u0438, \u0441\u0442\u0432\u043e\u0440\u044e\u044e\u0447\u0438 \u0430\u043a\u0442\u0438\u0432\u043d\u0443 \u0442\u0430 \u0440\u0456\u0437\u043d\u043e\u043c\u0430\u043d\u0456\u0442\u043d\u0443 \u0441\u043f\u0456\u043b\u044c\u043d\u043e\u0442\u0443.<\/p>\n<p><strong>\u041e\u0441\u043e\u0431\u043b\u0438\u0432\u043e\u0441\u0442\u0456 \u0456\u043d\u043d\u043e\u0432\u0430\u0446\u0456\u0439:<\/strong> \u0412\u0456\u0434\u043a\u0440\u0438\u0439\u0442\u0435 \u0434\u043b\u044f \u0441\u0435\u0431\u0435 \u043d\u043e\u0432\u0456\u0442\u043d\u0456 \u0442\u0435\u0445\u043d\u043e\u043b\u043e\u0433\u0456\u0457, \u0433\u0430\u0434\u0436\u0435\u0442\u0438 \u0442\u0430 \u0433\u0430\u0434\u0436\u0435\u0442\u0438, \u044f\u043a\u0456 \u0444\u043e\u0440\u043c\u0443\u044e\u0442\u044c \u043c\u0430\u0439\u0431\u0443\u0442\u043d\u0454.<\/p>\n<p><strong>\u0412\u0456\u0434\u0433\u0443\u043a\u0438 \u043f\u0440\u043e \u043f\u0440\u043e\u0434\u0443\u043a\u0442:<\/strong> \u041f\u0440\u0438\u0439\u043c\u0430\u0439\u0442\u0435 \u0437\u0432\u0430\u0436\u0435\u043d\u0456 \u0440\u0456\u0448\u0435\u043d\u043d\u044f \u0437\u0430\u0432\u0434\u044f\u043a\u0438 \u043d\u0430\u0448\u0438\u043c \u043d\u0435\u0443\u043f\u0435\u0440\u0435\u0434\u0436\u0435\u043d\u0438\u043c \u043e\u0433\u043b\u044f\u0434\u0430\u043c \u043f\u0440\u043e\u0434\u0443\u043a\u0442\u0456\u0432 \u0456 \u043f\u0440\u043e\u043f\u043e\u0437\u0438\u0446\u0456\u044f\u043c.<\/p>\n<p><strong>\u041d\u0430\u0432\u0447\u0430\u043b\u044c\u043d\u0456 \u0440\u0435\u0441\u0443\u0440\u0441\u0438:<\/strong> \u041e\u0442\u0440\u0438\u043c\u0430\u0439\u0442\u0435 \u0437\u043d\u0430\u043d\u043d\u044f \u0432\u0456\u0434 \u0434\u043e\u0441\u0432\u0456\u0434\u0447\u0435\u043d\u0438\u0445 \u043f\u0440\u043e\u0444\u0435\u0441\u0456\u043e\u043d\u0430\u043b\u0456\u0432 \u0456 \u0435\u043a\u0441\u043f\u0435\u0440\u0442\u0456\u0432 \u0437\u0430 \u0434\u043e\u043f\u043e\u043c\u043e\u0433\u043e\u044e \u043d\u0430\u0448\u0438\u0445 \u043d\u0430\u0432\u0447\u0430\u043b\u044c\u043d\u0438\u0445 \u043f\u043e\u0441\u0456\u0431\u043d\u0438\u043a\u0456\u0432 \u0456 \u043f\u0456\u0434\u0440\u0443\u0447\u043d\u0438\u043a\u0456\u0432.<\/p>\n<p><strong>\u041d\u0430\u0448\u0430 \u0432\u0456\u0434\u0434\u0430\u043d\u0456\u0441\u0442\u044c:<\/strong> \u041c\u0438 \u043f\u0440\u0430\u0433\u043d\u0435\u043c\u043e \u043d\u0430\u0434\u0430\u0432\u0430\u0442\u0438 \u0442\u043e\u0447\u043d\u0443 \u0442\u0430 \u043d\u0430\u0434\u0456\u0439\u043d\u0443 \u0456\u043d\u0444\u043e\u0440\u043c\u0430\u0446\u0456\u044e. \u041d\u0430\u0448\u0430 \u043a\u043e\u043c\u0430\u043d\u0434\u0430 \u043f\u0440\u0430\u0433\u043d\u0435 \u0439\u0442\u0438 \u0432 \u043d\u043e\u0433\u0443 \u0437\u0456 \u0434\u0438\u043d\u0430\u043c\u0456\u0447\u043d\u0438\u043c \u0441\u0432\u0456\u0442\u043e\u043c \u0442\u0435\u0445\u043d\u043e\u043b\u043e\u0433\u0456\u0439 \u0456 \u0434\u0456\u043b\u0438\u0442\u0438\u0441\u044f \u0437 \u0432\u0430\u043c\u0438 \u0441\u0432\u043e\u0454\u044e \u0456\u0434\u0435\u0454\u044e.<\/p>\n<h3>\u0432\u0434\u044f\u0447\u043d\u0456\u0441\u0442\u044c<\/h3>\n<p>\u0429\u0438\u0440\u043e \u0434\u044f\u043a\u0443\u0454\u043c\u043e \u043d\u0430\u0448\u0438\u043c \u0447\u0438\u0442\u0430\u0447\u0430\u043c \u0456 \u0434\u043e\u043f\u0438\u0441\u0443\u0432\u0430\u0447\u0430\u043c. \u0412\u0430\u0448\u0430 \u043f\u0456\u0434\u0442\u0440\u0438\u043c\u043a\u0430 \u0434\u043e\u0437\u0432\u043e\u043b\u044f\u0454 IdLoaded \u043f\u0440\u043e\u0446\u0432\u0456\u0442\u0430\u0442\u0438. \u041f\u0440\u0438\u0454\u0434\u043d\u0443\u0439\u0442\u0435\u0441\u044c \u0434\u043e \u043d\u0430\u0441 \u0443 \u0432\u0456\u0434\u043a\u0440\u0438\u0442\u0442\u0456 \u0456\u043d\u0442\u0440\u0438\u0433\u0443\u044e\u0447\u043e\u0433\u043e \u043f\u043e\u0454\u0434\u043d\u0430\u043d\u043d\u044f \u0442\u0440\u0430\u0434\u0438\u0446\u0456\u0439 \u0456 \u0442\u0435\u0445\u043d\u043e\u043b\u043e\u0433\u0456\u0447\u043d\u0438\u0445 \u0456\u043d\u043d\u043e\u0432\u0430\u0446\u0456\u0439. \u0420\u0430\u0437\u043e\u043c \u043c\u0438 \u043c\u043e\u0436\u0435\u043c\u043e \u0440\u0443\u0445\u0430\u0442\u0438\u0441\u044f \u0432 \u043c\u0430\u0439\u0431\u0443\u0442\u043d\u0454, \u0437\u0431\u0435\u0440\u0456\u0433\u0430\u044e\u0447\u0438 \u043d\u0430\u0448\u0443 \u0432\u0456\u0434\u0434\u0430\u043d\u0456\u0441\u0442\u044c \u044f\u043a\u043e\u0441\u0442\u0456 \u0442\u0430 \u0442\u043e\u0447\u043d\u043e\u0441\u0442\u0456 \u0456\u043d\u0444\u043e\u0440\u043c\u0430\u0446\u0456\u0457.<\/p>\n<p>\u0414\u044f\u043a\u0443\u0454\u043c\u043e, \u0449\u043e \u0454 \u0447\u0430\u0441\u0442\u0438\u043d\u043e\u044e \u0441\u043f\u0456\u043b\u044c\u043d\u043e\u0442\u0438 IdLoaded! \u0412\u0438 \u043c\u043e\u0436\u0435\u0442\u0435 \u0437\u0432\u2019\u044f\u0437\u0430\u0442\u0438\u0441\u044f \u0437 \u043d\u0430\u043c\u0438 \u0447\u0435\u0440\u0435\u0437 \u043d\u0430\u0448 \u0432\u0435\u0431-\u0441\u0430\u0439\u0442 \u0437\u0430 \u0430\u0434\u0440\u0435\u0441\u043e\u044e <a href=\"http:\/\/fr.idloaded.com\/uk\/\" target=\"_new\" rel=\"noreferrer noopener\">http:\/\/fr.idloaded.com\/<\/a>. \u0429\u043e\u0431 \u0434\u0456\u0437\u043d\u0430\u0442\u0438\u0441\u044f \u0431\u0456\u043b\u044c\u0448\u0435, \u0432\u0438 \u0442\u0430\u043a\u043e\u0436 \u043c\u043e\u0436\u0435\u0442\u0435 \u0432\u0456\u0434\u0432\u0456\u0434\u0430\u0442\u0438 \u043d\u0430\u0448\u0443 \u0441\u0442\u043e\u0440\u0456\u043d\u043a\u0443 \u0432 \u0441\u043e\u0446\u0456\u0430\u043b\u044c\u043d\u0438\u0445 \u043c\u0435\u0440\u0435\u0436\u0430\u0445 \u0437\u0430 \u0430\u0434\u0440\u0435\u0441\u043e\u044e IdLoaded.<\/p>","protected":false},"excerpt":{"rendered":"<p>Sobre o IdLoaded No IdLoaded, somos movidos pela nossa paix\u00e3o por integrar o mundo da tecnologia com as informa\u00e7\u00f5es mais recentes e relevantes. Nosso objetivo \u00e9 ser o ponto de refer\u00eancia para entusiastas de tecnologia, profissionais da \u00e1rea e todos aqueles interessados nas \u00faltimas inova\u00e7\u00f5es. Nosso Objetivo Nosso principal objetivo \u00e9 criar um espa\u00e7o onde [&hellip;]<\/p>","protected":false},"author":4,"featured_media":0,"parent":0,"menu_order":0,"comment_status":"closed","ping_status":"closed","template":"","meta":{"footnotes":""},"class_list":["post-75","page","type-page","status-publish","hentry"],"_links":{"self":[{"href":"https:\/\/fr.idloaded.com\/uk\/wp-json\/wp\/v2\/pages\/75","targetHints":{"allow":["GET"]}}],"collection":[{"href":"https:\/\/fr.idloaded.com\/uk\/wp-json\/wp\/v2\/pages"}],"about":[{"href":"https:\/\/fr.idloaded.com\/uk\/wp-json\/wp\/v2\/types\/page"}],"author":[{"embeddable":true,"href":"https:\/\/fr.idloaded.com\/uk\/wp-json\/wp\/v2\/users\/4"}],"replies":[{"embeddable":true,"href":"https:\/\/fr.idloaded.com\/uk\/wp-json\/wp\/v2\/comments?post=75"}],"version-history":[{"count":8,"href":"https:\/\/fr.idloaded.com\/uk\/wp-json\/wp\/v2\/pages\/75\/revisions"}],"predecessor-version":[{"id":508,"href":"https:\/\/fr.idloaded.com\/uk\/wp-json\/wp\/v2\/pages\/75\/revisions\/508"}],"wp:attachment":[{"href":"https:\/\/fr.idloaded.com\/uk\/wp-json\/wp\/v2\/media?parent=75"}],"curies":[{"name":"wp","href":"https:\/\/api.w.org\/{rel}","templated":true}]}}